{"id":32258,"date":"2024-11-27T09:13:09","date_gmt":"2024-11-27T17:13:09","guid":{"rendered":"https:\/\/www.cip-icu.ca\/jobs\/"},"modified":"2025-02-12T07:56:33","modified_gmt":"2025-02-12T15:56:33","slug":"emplois","status":"publish","type":"page","link":"https:\/\/www.cip-icu.ca\/fr\/emplois\/","title":{"rendered":"Carrefour national d&#8217;emplois"},"content":{"rendered":"\n<div style=\"height:100px\" aria-hidden=\"true\" class=\"wp-block-spacer\"><\/div>\n\n\n\n<div class=\"wp-block-columns is-layout-flex wp-container-core-columns-is-layout-9d6595d7 wp-block-columns-is-layout-flex\">\n<div class=\"wp-block-column is-layout-flow wp-block-column-is-layout-flow\" style=\"flex-basis:66%\">\n<h3 class=\"wp-block-heading line-heading-full\">Carrefour national d&#8217;emplois des urbanistes<\/h3>\n\n\n\n<h1 class=\"wp-block-heading\">Trouvez votre prochaine <strong><mark style=\"background-color:rgba(0, 0, 0, 0)\" class=\"has-inline-color has-blue-2-color\">opportunit\u00e9<\/mark><\/strong><\/h1>\n\n\n\n<div style=\"height:23px\" aria-hidden=\"true\" class=\"wp-block-spacer\"><\/div>\n\n\n\n<p class=\"lede\">\u00cates-vous \u00e0 la recherche d&#8217;une nouvelle opportunit\u00e9 dans le domaine de l&#8217;urbanisme? Le Carrefour national d&#8217;emplois est con\u00e7u pour aider les professionnels comme vous \u00e0 trouver des postes qui correspondent \u00e0 vos comp\u00e9tences et \u00e0 vos int\u00e9r\u00eats.<\/p>\n\n\n\n<p>Vous pourrez filtrer les offres d&#8217;emploi par lieu, domaine d&#8217;expertise ou niveau d&#8217;exp\u00e9rience, ce qui rendra votre recherche plus cibl\u00e9e et plus efficace.<\/p>\n<\/div>\n\n\n\n<div class=\"wp-block-column is-layout-flow wp-block-column-is-layout-flow\" style=\"flex-basis:33%\">\n<figure class=\"wp-block-image size-full\"><img loading=\"lazy\" decoding=\"async\" width=\"900\" height=\"900\" src=\"https:\/\/www.cip-icu.ca\/wp-content\/uploads\/2025\/01\/Job-Board-Products.png\" alt=\"\" class=\"wp-image-31397\" srcset=\"https:\/\/www.cip-icu.ca\/wp-content\/uploads\/2025\/01\/Job-Board-Products.png 900w, https:\/\/www.cip-icu.ca\/wp-content\/uploads\/2025\/01\/Job-Board-Products-636x636.png 636w, https:\/\/www.cip-icu.ca\/wp-content\/uploads\/2025\/01\/Job-Board-Products-160x160.png 160w, https:\/\/www.cip-icu.ca\/wp-content\/uploads\/2025\/01\/Job-Board-Products-768x768.png 768w, https:\/\/www.cip-icu.ca\/wp-content\/uploads\/2025\/01\/Job-Board-Products-300x300.png 300w, https:\/\/www.cip-icu.ca\/wp-content\/uploads\/2025\/01\/Job-Board-Products-600x600.png 600w, https:\/\/www.cip-icu.ca\/wp-content\/uploads\/2025\/01\/Job-Board-Products-100x100.png 100w\" sizes=\"auto, (max-width: 900px) 100vw, 900px\" \/><\/figure>\n<\/div>\n<\/div>\n\n\n\n<div class=\"wp-block-columns is-layout-flex wp-container-core-columns-is-layout-9d6595d7 wp-block-columns-is-layout-flex\">\n<div class=\"wp-block-column is-layout-flow wp-block-column-is-layout-flow\" style=\"flex-basis:66.66%\">\n<h2 class=\"wp-block-heading\"><strong>Opportunit\u00e9s actuelles<\/strong><\/h2>\n\n\n\n<div style=\"height:33px\" aria-hidden=\"true\" class=\"wp-block-spacer\"><\/div>\n\n\n<div class=\"job_listings\" data-location=\"\" data-keywords=\"\" data-show_filters=\"true\" data-show_pagination=\"false\" data-per_page=\"10\" data-orderby=\"featured\" data-order=\"DESC\" data-categories=\"\" data-disable-form-state-storage=\"\" data-featured_first=\"false\" data-post_id=\"32258\" >\n<form class=\"job_filters\">\n\t\n\t<div class=\"search_jobs\">\n\t\t\n\t\t<div class=\"search_keywords\">\n\t\t\t<label for=\"search_keywords\">Mots cl\u00e9s<\/label>\n\t\t\t<input type=\"text\" name=\"search_keywords\" id=\"search_keywords\" placeholder=\"Mots cl\u00e9s\" value=\"\" \/>\n\t\t<\/div>\n\n\t\t<div class=\"search_location\">\n\t\t\t<label for=\"search_location\">Lieu de l&#039;emploi<\/label>\n\t\t\t<input type=\"text\" name=\"search_location\" id=\"search_location\" placeholder=\"Lieu de l&#039;emploi\" value=\"\" \/>\n\t\t<\/div>\n\n\t\t\n\t\t<div style=\"clear: both\"><\/div>\n\n\t\t\t\t\t<div class=\"search_categories\">\n\t\t\t\t<label for=\"search_categories\">Category<\/label>\n\t\t\t\t\t\t\t\t\t<select name='search_categories[]' id='search_categories' class='job-manager-category-dropdown ' multiple='multiple' data-placeholder='Choisissez une cat\u00e9gorie...' data-no_results_text='No results match' data-multiple_text='Select Some Options'>\n\t<option class=\"level-0\" value=\"254\">Agence publique<\/option>\n\t<option class=\"level-0\" value=\"251\">Autres<\/option>\n\t<option class=\"level-0\" value=\"253\">Gouvernement provincial\/territorial<\/option>\n\t<option class=\"level-0\" value=\"246\">Milieu universitaire (universit\u00e9s et coll\u00e8ges)<\/option>\n\t<option class=\"level-0\" value=\"249\">Municipalit\u00e9<\/option>\n\t<option class=\"level-0\" value=\"255\">Recherche<\/option>\n\t<option class=\"level-0\" value=\"252\">Secteur priv\u00e9<\/option>\n<\/select>\n\t\t\t\t\t\t\t<\/div>\n\t\t\n\t\t\t\t\t<div class=\"search_submit\">\n\t\t\t\t<input type=\"submit\" value=\"Recherche d&#039;emploi\">\n\t\t\t<\/div>\n\t\t\n\t\t<div class=\"filter_wide filter_by_tag\">Filtrer par tag : <span class=\"filter_by_tag_cloud\"><\/span><\/div>\t<\/div>\n\n\t\t<ul class=\"job_types\">\n\t\t\t\t\t<li><label for=\"job_type_consultation\" class=\"consultation\"><input type=\"checkbox\" name=\"filter_job_type[]\" value=\"consultation\"  checked='checked' id=\"job_type_consultation\" \/> Consultation<\/label><\/li>\n\t\t\t\t\t<li><label for=\"job_type_contrat\" class=\"contrat\"><input type=\"checkbox\" name=\"filter_job_type[]\" value=\"contrat\"  checked='checked' id=\"job_type_contrat\" \/> Contrat<\/label><\/li>\n\t\t\t\t\t<li><label for=\"job_type_poste-detudiant-ou-de-stagiaire\" class=\"poste-detudiant-ou-de-stagiaire\"><input type=\"checkbox\" name=\"filter_job_type[]\" value=\"poste-detudiant-ou-de-stagiaire\"  checked='checked' id=\"job_type_poste-detudiant-ou-de-stagiaire\" \/> Poste d&#039;\u00e9tudiant ou de stagiaire<\/label><\/li>\n\t\t\t\t\t<li><label for=\"job_type_request-for-proposals-rfp-fr\" class=\"request-for-proposals-rfp\"><input type=\"checkbox\" name=\"filter_job_type[]\" value=\"request-for-proposals-rfp-fr\"  checked='checked' id=\"job_type_request-for-proposals-rfp-fr\" \/> Request for Proposals (RFP)<\/label><\/li>\n\t\t\t\t\t<li><label for=\"job_type_stage\" class=\"stage\"><input type=\"checkbox\" name=\"filter_job_type[]\" value=\"stage\"  checked='checked' id=\"job_type_stage\" \/> Stage<\/label><\/li>\n\t\t\t\t\t<li><label for=\"job_type_temporaire\" class=\"temporaire\"><input type=\"checkbox\" name=\"filter_job_type[]\" value=\"temporaire\"  checked='checked' id=\"job_type_temporaire\" \/> Temporaire<\/label><\/li>\n\t\t\t\t\t<li><label for=\"job_type_temps-partiel\" class=\"temps-partiel\"><input type=\"checkbox\" name=\"filter_job_type[]\" value=\"temps-partiel\"  checked='checked' id=\"job_type_temps-partiel\" \/> Temps partiel<\/label><\/li>\n\t\t\t\t\t<li><label for=\"job_type_temps-plein\" class=\"temps-plein\"><input type=\"checkbox\" name=\"filter_job_type[]\" value=\"temps-plein\"  checked='checked' id=\"job_type_temps-plein\" \/> Temps plein<\/label><\/li>\n\t\t\t<\/ul>\n\t<input type=\"hidden\" name=\"filter_job_type[]\" value=\"\" \/>\n<div class=\"showing_jobs\"><\/div><\/form>\n\n\n<noscript>Your browser does not support JavaScript, or it is disabled. JavaScript must be enabled in order to view listings.<\/noscript>\n<ul class=\"job_listings\">\n<\/ul>\n<a class=\"load_more_jobs\" href=\"#\" style=\"display:none;\"><strong>Load more listings<\/strong><\/a><dialog class=\"jm-dialog\" id=\"jm_add_alert_modal\">\n\t<div class=\"jm-dialog-open\">\n\t\t<div class=\"jm-dialog-backdrop\" onclick=\"jm_add_alert_modal.close()\"><\/div>\n\t\t<div class=\"jm-dialog-modal \" style=\"width: 500px;\">\n\t\t\t<div class=\"jm-dialog-modal-container\">\n\t\t\t\t<div class=\"jm-dialog-modal-content\">\n<div class=\"jm-notice has-header\" role=\"status\">\n\t\t\t<div class=\"jm-notice__header\">\n\t\t\t\t\t\t<div class=\"jm-notice__title\">Ajouter une alerte<\/div>\n\t\t<\/div>\n\t\t\t\t\t<div class=\"jm-notice__details\">\n<form method=\"post\" class=\"jm-form\" action=\"https:\/\/www.cip-icu.ca\/jobs\/alerts\/\" method=\"post\">\n\t<input type=\"hidden\" id=\"_wpnonce\" name=\"_wpnonce\" value=\"af1c242c9c\" \/><input type=\"hidden\" name=\"_wp_http_referer\" value=\"\/fr\/wp-json\/wp\/v2\/pages\/32258\" \/>\t<input type=\"hidden\" name=\"submit-job-alert\" value=\"1\" \/>\n\t<div class=\"jm-form-large-field job-alert-keyword\">Keyword<\/div>\n\t<div class=\"job-alert-search-terms\" hidden><\/div>\n\n\t\n\t\t<p>Get e-mails about new jobs matching this search.<\/p>\n\t\t<div class=\"jm-form-field\">\n\t\t\t<input type=\"email\" name=\"alert_email\" required autocomplete=\"email\"\n\t\t\t\tplaceholder=\"Email address\"\n\t\t\t\taria-label=\"Email address\" \/>\n\t\t<\/div>\n\t\n\n\t<div class=\"\">\n\t\t<label for=\"alert_frequency\">Frequency: <\/label>\n\t\t<select name=\"alert_frequency\" id=\"alert_frequency\" class=\"jm-form-input--inline\"><option\n\t\t\t\t\tvalue=\"daily\" >Daily<\/option><option\n\t\t\t\t\tvalue=\"weekly\" >Weekly<\/option><option\n\t\t\t\t\tvalue=\"fortnightly\" >Fortnightly<\/option><option\n\t\t\t\t\tvalue=\"monthly\" >Monthly<\/option><\/select>\t<\/div>\n\n\t<div class=\"jm-form-field jm-form-fine-print\">\n\t\t\t\n\t\t\t\t<input type=\"checkbox\" class=\"input-checkbox\" name=\"alert_permission\" id=\"alert_permission\"\n\t\t\t\t\tvalue=\"1\" required  \/>\n\t\t\t\t<label for=\"alert_permission\">\n\t\t\t\tI agree to receiving job alert e-mails.\n\t\t\t\t<\/label>\n\t<\/div>\n\n\t<input type=\"hidden\" name=\"submit-job-alert\" value=\"1\" \/>\n\t<input type=\"submit\" hidden \/>\n\n\t<div class=\"jm-ui-actions jm-ui-actions-row\">\n\t\t<a href=\"#\" class=\"jm-ui-button\"\n\t\t\t\t\t\tonclick=\"this.closest('form').querySelector('input[type=submit]').click(); return false;\"><span>Subscribe<\/span><\/a>\n\t\t<a href=\"#\" class=\"jm-ui-button--link\"\n\t\t\tonclick=\"jm_add_alert_modal.close(); event.preventDefault();\">Cancel<\/a>\n\t<\/div>\n<\/form>\n<\/div>\n\t\t<\/div>\n<\/div>\n\t\t\t\t<a href=\"#\" role=\"button\" class=\"jm-ui-button--icon jm-dialog-close\" onclick=\"jm_add_alert_modal.close();  event.preventDefault();\" aria-label=\"Close\"><span class=\"jm-ui-button__icon\"><\/span><\/a>\n\t\t\t<\/div>\n\t\t<\/div>\n\t<\/div>\n<\/dialog><\/div>\n<\/div>\n\n\n\n<div class=\"wp-block-column is-layout-flow wp-block-column-is-layout-flow\" style=\"flex-basis:33.33%\">\n<div style=\"height:100px\" aria-hidden=\"true\" class=\"wp-block-spacer\"><\/div>\n\n\n<!--Smart Slider #5 does NOT EXIST or has NO SLIDES!WordPress Shortcode-->\n\n\n<div style=\"height:56px\" aria-hidden=\"true\" class=\"wp-block-spacer\"><\/div>\n\n\n\n<div class=\"wp-block-group  data-aos_fade-up aos-animate data-aos-delay_100 has-blue-2-10-opacity-background-color has-background\"><div class=\"wp-block-group__inner-container is-layout-constrained wp-block-group-is-layout-constrained\">\n<div style=\"height:22px\" aria-hidden=\"true\" class=\"wp-block-spacer\"><\/div>\n\n\n\n<h5 class=\"wp-block-heading\"><strong>Cr\u00e9ez des alertes d&#8217;emploi<\/strong><\/h5>\n\n\n\n<p>Inscrivez-vous aux alertes d&#8217;emploi et laissez les postes parfaits venir \u00e0 vous. Personnalisez vos pr\u00e9f\u00e9rences pour recevoir des mises \u00e0 jour personnalis\u00e9es sur les offres d&#8217;emploi qui correspondent \u00e0 vos comp\u00e9tences et \u00e0 vos centres d&#8217;int\u00e9r\u00eat. Restez inform\u00e9, gagnez du temps et ne passez jamais \u00e0 c\u00f4t\u00e9 de l&#8217;emploi de vos r\u00eaves.<\/p>\n\n\n\n<div class=\"wp-block-buttons is-content-justification-left is-layout-flex wp-container-core-buttons-is-layout-fdcfc74e wp-block-buttons-is-layout-flex\">\n<div class=\"wp-block-button\"><a class=\"wp-block-button__link has-blue-gradient-background-color has-background wp-element-button\" href=\"https:\/\/www.cip-icu.ca\/fr\/emplois\/alertes\/?alert_location&#038;&#038;&#038;alert_keyword&#038;alert_regions&#038;action=add_alert&#038;alert_name=All%20Jobs\"><strong>S&#8217;inscrire aux alertes<\/strong><\/a><\/div>\n<\/div>\n\n\n\n<div style=\"height:22px\" aria-hidden=\"true\" class=\"wp-block-spacer\"><\/div>\n<\/div><\/div>\n\n\n\n<div style=\"height:56px\" aria-hidden=\"true\" class=\"wp-block-spacer\"><\/div>\n\n\n\n<div class=\"wp-block-group  data-aos_fade-up aos-animate data-aos-delay_100 has-blue-2-10-opacity-background-color has-background\"><div class=\"wp-block-group__inner-container is-layout-constrained wp-block-group-is-layout-constrained\">\n<div style=\"height:22px\" aria-hidden=\"true\" class=\"wp-block-spacer\"><\/div>\n\n\n\n<h5 class=\"wp-block-heading\"><strong>T\u00e9l\u00e9chargez votre CV<\/strong><\/h5>\n\n\n\n<p>Notre base de donn\u00e9es de CV permet aux employeurs d&#8217;acc\u00e9der \u00e0 un r\u00e9servoir d\u2019urbanistes talentueux (comme vous!) \u00e0 la recherche de leur prochain poste. Facilitez la t\u00e2che des employeurs potentiels en ajoutant votre CV d\u00e8s aujourd&#8217;hui.<\/p>\n\n\n\n<div class=\"wp-block-buttons is-content-justification-left is-layout-flex wp-container-core-buttons-is-layout-fdcfc74e wp-block-buttons-is-layout-flex\">\n<div class=\"wp-block-button\"><a class=\"wp-block-button__link has-blue-gradient-background-color has-background wp-element-button\" href=\"http:\/\/www.cip-icu.ca\/jobs\/submit-resume\"><strong>En savoir plus<\/strong><\/a><\/div>\n<\/div>\n\n\n\n<div style=\"height:22px\" aria-hidden=\"true\" class=\"wp-block-spacer\"><\/div>\n<\/div><\/div>\n\n\n\n<div style=\"height:56px\" aria-hidden=\"true\" class=\"wp-block-spacer\"><\/div>\n\n\n\n<div class=\"wp-block-group  data-aos_fade-up aos-animate data-aos-delay_100 has-blue-2-10-opacity-background-color has-background\"><div class=\"wp-block-group__inner-container is-layout-constrained wp-block-group-is-layout-constrained\">\n<div style=\"height:22px\" aria-hidden=\"true\" class=\"wp-block-spacer\"><\/div>\n\n\n\n<h5 class=\"wp-block-heading\"><strong>Engagez un urbaniste<\/strong><\/h5>\n\n\n\n<p>Votre offre d&#8217;emploi, d&#8217;un oc\u00e9an \u00e0 l&#8217;autre. Avec un auditoire national, le Carrefour national d&#8217;emplois de l&#8217;ICU vous permet d&#8217;atteindre les professionnels de l&#8217;urbanisme dans les diverses r\u00e9gions du Canada.<\/p>\n\n\n\n<div class=\"wp-block-buttons is-content-justification-left is-layout-flex wp-container-core-buttons-is-layout-fdcfc74e wp-block-buttons-is-layout-flex\">\n<div class=\"wp-block-button\"><a class=\"wp-block-button__link has-blue-gradient-background-color has-background wp-element-button\" href=\"https:\/\/www.cip-icu.ca\/fr\/emplois\/produits\/\"><strong>Annoncer un emploi<\/strong><\/a><\/div>\n<\/div>\n\n\n\n<div style=\"height:22px\" aria-hidden=\"true\" class=\"wp-block-spacer\"><\/div>\n<\/div><\/div>\n<\/div>\n<\/div>\n\n\n\n<div style=\"height:100px\" aria-hidden=\"true\" class=\"wp-block-spacer\"><\/div>\n","protected":false},"excerpt":{"rendered":"<p>Looking for a new opportunity in planning? The National Planning Job Board is designed to help professionals like you find positions that align with your skills and interests.<\/p>\n","protected":false},"author":21,"featured_media":0,"parent":0,"menu_order":0,"comment_status":"closed","ping_status":"closed","template":"","meta":{"_acf_changed":false,"footnotes":""},"class_list":["post-32258","page","type-page","status-publish","hentry"],"acf":[],"_links":{"self":[{"href":"https:\/\/www.cip-icu.ca\/fr\/wp-json\/wp\/v2\/pages\/32258","targetHints":{"allow":["GET"]}}],"collection":[{"href":"https:\/\/www.cip-icu.ca\/fr\/wp-json\/wp\/v2\/pages"}],"about":[{"href":"https:\/\/www.cip-icu.ca\/fr\/wp-json\/wp\/v2\/types\/page"}],"author":[{"embeddable":true,"href":"https:\/\/www.cip-icu.ca\/fr\/wp-json\/wp\/v2\/users\/21"}],"replies":[{"embeddable":true,"href":"https:\/\/www.cip-icu.ca\/fr\/wp-json\/wp\/v2\/comments?post=32258"}],"version-history":[{"count":3,"href":"https:\/\/www.cip-icu.ca\/fr\/wp-json\/wp\/v2\/pages\/32258\/revisions"}],"predecessor-version":[{"id":32262,"href":"https:\/\/www.cip-icu.ca\/fr\/wp-json\/wp\/v2\/pages\/32258\/revisions\/32262"}],"wp:attachment":[{"href":"https:\/\/www.cip-icu.ca\/fr\/wp-json\/wp\/v2\/media?parent=32258"}],"curies":[{"name":"wp","href":"https:\/\/api.w.org\/{rel}","templated":true}]}}