{"id":32263,"date":"2024-11-27T09:42:36","date_gmt":"2024-11-27T14:42:36","guid":{"rendered":"https:\/\/www.cip-icu.ca\/emplois\/products\/"},"modified":"2025-02-18T10:01:52","modified_gmt":"2025-02-18T18:01:52","slug":"produits","status":"publish","type":"page","link":"https:\/\/www.cip-icu.ca\/fr\/emplois\/produits\/","title":{"rendered":"Produits"},"content":{"rendered":"\n<div style=\"height:100px\" aria-hidden=\"true\" class=\"wp-block-spacer\"><\/div>\n\n<div class=\"wp-block-columns is-layout-flex wp-container-core-columns-is-layout-9d6595d7 wp-block-columns-is-layout-flex\">\n<div class=\"wp-block-column is-layout-flow wp-block-column-is-layout-flow\" style=\"flex-basis:66.66%\">\n<h3 class=\"wp-block-heading line-heading-full\">Le Carrefour national d&#8217;emplois de l\u2019ICU <\/h3>\n\n\n\n<h1 class=\"wp-block-heading\"><strong><mark style=\"background-color:rgba(0, 0, 0, 0)\" class=\"has-inline-color has-blue-2-color\">Produits<\/mark><\/strong> et offres group\u00e9es<\/h1>\n\n\n\n<p class=\"lede\">Le Carrefour national d&#8217;emplois de l\u2019ICU est votre source nationale de confiance pour les carri\u00e8res dans le domaine de l\u2019urbanisme professionnel.<\/p>\n\n\n\n<p>Faites-vous remarquer par les bonnes personnes. Gr\u00e2ce \u00e0 des options de recherche cibl\u00e9es et \u00e0 une visibilit\u00e9 accrue, vos offres d&#8217;emploi atteignent les candidats qui correspondent aux besoins et aux valeurs de votre organisation. <\/p>\n<\/div>\n\n\n\n<div class=\"wp-block-column is-layout-flow wp-block-column-is-layout-flow\" style=\"flex-basis:33.33%\"><\/div>\n<\/div>\n\n<div style=\"height:39px\" aria-hidden=\"true\" class=\"wp-block-spacer\"><\/div>\n\n<div class=\"wp-block-columns is-layout-flex wp-container-core-columns-is-layout-9d6595d7 wp-block-columns-is-layout-flex\">\n<div class=\"wp-block-column is-layout-flow wp-block-column-is-layout-flow\" style=\"flex-basis:66.66%\">\n<h2 class=\"wp-block-heading\"><strong>Port\u00e9e nationale<\/strong><\/h2>\n\n\n\n<p>Votre offre d&#8217;emploi, d&#8217;un oc\u00e9an \u00e0 l&#8217;autre. Avec un auditoire national, le Carrefour national d&#8217;emplois de l&#8217;ICU vous permet d&#8217;atteindre les professionnels de l&#8217;urbanisme dans les diverses r\u00e9gions du Canada. <\/p>\n\n\n\n<div style=\"height:30px\" aria-hidden=\"true\" class=\"wp-block-spacer\"><\/div>\n\n\n\n<div class=\"wp-block-group smpadding has-blue-2-10-opacity-background-color has-background\"><div class=\"wp-block-group__inner-container is-layout-constrained wp-block-group-is-layout-constrained\">\n<p><strong>Annonce de 90 jours<br\/><\/strong><br\/>Votre offre d&#8217;emploi sera active pendant 90 jours. Si vous n&#8217;avez toujours pas trouv\u00e9 la bonne personne pour le poste apr\u00e8s 90 jours, nous le prolongerons gratuitement et le maintiendrons actif jusqu&#8217;\u00e0 ce que le poste soit pourvu. <br\/><br\/>Votre annonce figurera \u00e9galement dans notre r\u00e9capitulatif hebdomadaire des derni\u00e8res offres d&#8217;emploi et d\u2019opportunit\u00e9s sur notre page LinkedIn. Cette publication hebdomadaire compte en moyenne plus de 3 000 impressions et un taux de clics de 7 % <\/p>\n\n\n\n<p>Tout comme l&#8217;embauche, la recherche des bons fournisseurs prend du temps. Votre appel d&#8217;offres sera actif pendant 90 jours et aura les m\u00eames avantages que ceux mentionn\u00e9s ci-dessus! <\/p>\n<\/div><\/div>\n<\/div>\n\n\n\n<div class=\"wp-block-column is-layout-flow wp-block-column-is-layout-flow\" style=\"flex-basis:33.33%\">\n<figure class=\"wp-block-image size-full\"><img loading=\"lazy\" decoding=\"async\" width=\"900\" height=\"900\" src=\"https:\/\/www.cip-icu.ca\/wp-content\/uploads\/2025\/01\/Job-Board-Products.png\" alt=\"\" class=\"wp-image-31397\" srcset=\"https:\/\/www.cip-icu.ca\/wp-content\/uploads\/2025\/01\/Job-Board-Products.png 900w, https:\/\/www.cip-icu.ca\/wp-content\/uploads\/2025\/01\/Job-Board-Products-636x636.png 636w, https:\/\/www.cip-icu.ca\/wp-content\/uploads\/2025\/01\/Job-Board-Products-160x160.png 160w, https:\/\/www.cip-icu.ca\/wp-content\/uploads\/2025\/01\/Job-Board-Products-768x768.png 768w, https:\/\/www.cip-icu.ca\/wp-content\/uploads\/2025\/01\/Job-Board-Products-300x300.png 300w, https:\/\/www.cip-icu.ca\/wp-content\/uploads\/2025\/01\/Job-Board-Products-600x600.png 600w, https:\/\/www.cip-icu.ca\/wp-content\/uploads\/2025\/01\/Job-Board-Products-100x100.png 100w\" sizes=\"auto, (max-width: 900px) 100vw, 900px\" \/><\/figure>\n<\/div>\n<\/div>\n\n<div style=\"height:43px\" aria-hidden=\"true\" class=\"wp-block-spacer\"><\/div>\n\n<div class=\"wp-block-columns is-layout-flex wp-container-core-columns-is-layout-9d6595d7 wp-block-columns-is-layout-flex\">\n<div class=\"wp-block-column is-layout-flow wp-block-column-is-layout-flow\">\n<p><strong>Affichages compl\u00e9mentaires<\/strong><\/p>\n\n\n\n<p>Nous savons que l&#8217;embauche peut co\u00fbter cher, c&#8217;est pourquoi nous proposons des offres d&#8217;emploi gratuites pour des postes sp\u00e9cifiques! Les postes destin\u00e9s aux \u00e9tudiants, aux jeunes dipl\u00f4m\u00e9s et aux urbanistes ou aux projets autochtones peuvent tous faire l&#8217;objet d&#8217;annonces gratuites. C&#8217;est notre fa\u00e7on de soutenir la prochaine g\u00e9n\u00e9ration d\u2019urbanistes et d&#8217;accro\u00eetre l&#8217;acc\u00e8s \u00e0 des talents diversifi\u00e9s.  <\/p>\n<\/div>\n\n\n\n<div class=\"wp-block-column is-layout-flow wp-block-column-is-layout-flow\">\n<p><strong>Base de donn\u00e9es de CV 24\/24, 7\/7<\/strong><\/p>\n\n\n\n<p>Notre base de donn\u00e9es de CV est un joyau cach\u00e9 qui vous donne acc\u00e8s \u00e0 un r\u00e9servoir d\u2019urbanistes talentueux \u00e0 la recherche de leur prochain poste. Vous pouvez effectuer des recherches par exp\u00e9rience, par sp\u00e9cialisation et par lieu, ce qui vous permet de trouver facilement des candidats potentiels sans attendre que les candidatures affluent. <\/p>\n<\/div>\n\n\n\n<div class=\"wp-block-column is-layout-flow wp-block-column-is-layout-flow\">\n<p><strong>Port\u00e9e des m\u00e9dias sociaux<\/strong><\/p>\n\n\n\n<p>Chaque mois, plus de 3 500 visiteurs uniques naviguent sur notre site Web et explorent notre contenu et nos offres. Plus de 9 000 abonn\u00e9s enthousiastes re\u00e7oivent notre infolettre, se tenant au courant des toutes derni\u00e8res nouvelles et perspectives. Nous soutenons une communaut\u00e9 croissante de plus de 19 000 adeptes sur <a href=\"https:\/\/www.linkedin.com\/company\/canadian-institute-of-planners\/\">LinkedIn<\/a>, qui s&#8217;int\u00e9ressent \u00e0 nos articles et se connectent aux mises \u00e0 jour du secteur. <\/p>\n<\/div>\n<\/div>\n\n<div style=\"height:55px\" aria-hidden=\"true\" class=\"wp-block-spacer\"><\/div>\n\n<div class=\"wp-block-group career-support container-fluid break-out has-white-to-lightblue-gradient-background has-background\"><div class=\"wp-block-group__inner-container is-layout-constrained wp-block-group-is-layout-constrained\">\n<div class=\"wp-block-group container\"><div class=\"wp-block-group__inner-container is-layout-constrained wp-block-group-is-layout-constrained\">\n<h2 class=\"wp-block-heading has-text-align-center  data-aos_fade-up aos-animate data-aos-delay_50\"><strong><mark style=\"background-color:rgba(0, 0, 0, 0)\" class=\"has-inline-color has-charcoal-color\">Annonces uniques<\/mark><\/strong><\/h2>\n\n\n\n<div class=\"wp-block-group\"><div class=\"wp-block-group__inner-container is-layout-constrained wp-block-group-is-layout-constrained\">\n<div class=\"wp-block-columns is-layout-flex wp-container-core-columns-is-layout-9d6595d7 wp-block-columns-is-layout-flex\">\n<div class=\"wp-block-column is-layout-flow wp-block-column-is-layout-flow\"><\/div>\n\n\n\n<div class=\"wp-block-column is-vertically-aligned-center  data-aos_fade-up aos-animate data-aos-delay_50 has-white-background-color has-background is-layout-flow wp-block-column-is-layout-flow\" style=\"flex-basis:400px\">\n<div style=\"height:18px\" aria-hidden=\"true\" class=\"wp-block-spacer\"><\/div>\n\n\n\n<h3 class=\"wp-block-heading has-text-align-center\"><strong>Offre d&#8217;emploi<\/strong><\/h3>\n\n\n\n<div class=\"wp-block-group\"><div class=\"wp-block-group__inner-container is-layout-constrained wp-block-group-is-layout-constrained\">\n<p class=\"has-text-align-center\">Active pendant 90 jours avec prolongation gratuite; comprend une promotion dans notre annonce hebdomadaire sur LinkedIn.<\/p>\n\n\n\n<p class=\"has-text-align-center\"><strong>599 $<\/strong><\/p>\n\n\n\n<div class=\"wp-block-buttons is-content-justification-center is-layout-flex wp-container-core-buttons-is-layout-16018d1d wp-block-buttons-is-layout-flex\">\n<div class=\"wp-block-button\"><a class=\"wp-block-button__link has-blue-gradient-background-color has-background has-text-align-center wp-element-button\" href=\"https:\/\/www.cip-icu.ca\/fr\/produit\/offre-emploi\/\">Acheter<\/a><\/div>\n<\/div>\n<\/div><\/div>\n\n\n\n<div style=\"height:18px\" aria-hidden=\"true\" class=\"wp-block-spacer\"><\/div>\n<\/div>\n\n\n\n<div class=\"wp-block-column  data-aos_fade-up aos-animate data-aos-delay_150 has-white-background-color has-background is-layout-flow wp-block-column-is-layout-flow\" style=\"flex-basis:400px\">\n<div style=\"height:18px\" aria-hidden=\"true\" class=\"wp-block-spacer\"><\/div>\n\n\n\n<h3 class=\"wp-block-heading has-text-align-center\"><strong>Demande de propositions (RFP) <\/strong><\/h3>\n\n\n\n<div class=\"wp-block-group\"><div class=\"wp-block-group__inner-container is-layout-constrained wp-block-group-is-layout-constrained\">\n<p class=\"has-text-align-center\">Active pendant 90 jours avec prolongation gratuite; comprend une promotion dans notre annonce hebdomadaire sur LinkedIn.<\/p>\n\n\n\n<p class=\"has-text-align-center\"><strong>500 $<\/strong><\/p>\n\n\n\n<div class=\"wp-block-buttons is-content-justification-center is-layout-flex wp-container-core-buttons-is-layout-16018d1d wp-block-buttons-is-layout-flex\">\n<div class=\"wp-block-button\"><a class=\"wp-block-button__link has-blue-gradient-background-color has-background wp-element-button\" href=\"https:\/\/www.cip-icu.ca\/fr\/produit\/rfp\/\">Acheter<\/a><\/div>\n<\/div>\n<\/div><\/div>\n\n\n\n<div style=\"height:18px\" aria-hidden=\"true\" class=\"wp-block-spacer\"><\/div>\n<\/div>\n\n\n\n<div class=\"wp-block-column is-layout-flow wp-block-column-is-layout-flow\"><\/div>\n<\/div>\n<\/div><\/div>\n\n\n\n<div style=\"height:40px\" aria-hidden=\"true\" class=\"wp-block-spacer\"><\/div>\n<\/div><\/div>\n\n\n\n<h2 class=\"wp-block-heading has-text-align-center  data-aos_fade-up aos-animate data-aos-delay_50\"><strong><mark style=\"background-color:rgba(0, 0, 0, 0)\" class=\"has-inline-color has-charcoal-color\">Affichages compl\u00e9mentaires<\/mark><\/strong><\/h2>\n\n\n\n<div class=\"wp-block-columns is-layout-flex wp-container-core-columns-is-layout-9d6595d7 wp-block-columns-is-layout-flex\">\n<div class=\"wp-block-column is-layout-flow wp-block-column-is-layout-flow\"><\/div>\n\n\n\n<div class=\"wp-block-column is-vertically-aligned-center  data-aos_fade-up aos-animate data-aos-delay_50 has-white-background-color has-background is-layout-flow wp-block-column-is-layout-flow\" style=\"flex-basis:400px\">\n<div style=\"height:18px\" aria-hidden=\"true\" class=\"wp-block-spacer\"><\/div>\n\n\n\n<h3 class=\"wp-block-heading has-text-align-center\"><strong>Offres d\u2019emploi autochtones<\/strong><\/h3>\n\n\n\n<div class=\"wp-block-group\"><div class=\"wp-block-group__inner-container is-layout-constrained wp-block-group-is-layout-constrained\">\n<p class=\"has-text-align-center\">Les postes destin\u00e9s aux urbanistes ou aux projets autochtones peuvent tous faire l\u2019objet d\u2019annonces gratuites; comprend une promotion dans notre annonce hebdomadaire sur LinkedIn. <\/p>\n\n\n\n<p class=\"has-text-align-center\"><strong>0 $<\/strong><\/p>\n\n\n\n<div class=\"wp-block-buttons is-content-justification-center is-layout-flex wp-container-core-buttons-is-layout-16018d1d wp-block-buttons-is-layout-flex\">\n<div class=\"wp-block-button\"><a class=\"wp-block-button__link has-blue-gradient-background-color has-background has-text-align-center wp-element-button\" href=\"https:\/\/www.cip-icu.ca\/fr\/produit\/offres-emploi-autochtones\/\">Acheter<\/a><\/div>\n<\/div>\n<\/div><\/div>\n\n\n\n<div style=\"height:18px\" aria-hidden=\"true\" class=\"wp-block-spacer\"><\/div>\n<\/div>\n\n\n\n<div class=\"wp-block-column is-vertically-aligned-center  data-aos_fade-up aos-animate data-aos-delay_50 has-white-background-color has-background is-layout-flow wp-block-column-is-layout-flow\" style=\"flex-basis:400px\">\n<div style=\"height:18px\" aria-hidden=\"true\" class=\"wp-block-spacer\"><\/div>\n\n\n\n<h3 class=\"wp-block-heading has-text-align-center\"><strong>Offre d\u2019emploi pour un stage<\/strong><\/h3>\n\n\n\n<div class=\"wp-block-group\"><div class=\"wp-block-group__inner-container is-layout-constrained wp-block-group-is-layout-constrained\">\n<p class=\"has-text-align-center\">Les postes destin\u00e9s aux jeunes dipl\u00f4m\u00e9s peuvent tous faire l\u2019objet d\u2019annonces gratuites; comprend une promotion dans notre annonce hebdomadaire sur LinkedIn. <\/p>\n\n\n\n<p class=\"has-text-align-center\"><strong>0 $<\/strong><\/p>\n\n\n\n<div class=\"wp-block-buttons is-content-justification-center is-layout-flex wp-container-core-buttons-is-layout-16018d1d wp-block-buttons-is-layout-flex\">\n<div class=\"wp-block-button\"><a class=\"wp-block-button__link has-blue-gradient-background-color has-background has-text-align-center wp-element-button\" href=\"https:\/\/www.cip-icu.ca\/fr\/produit\/offre-emploi-stage\/\">Acheter<\/a><\/div>\n<\/div>\n<\/div><\/div>\n\n\n\n<div style=\"height:18px\" aria-hidden=\"true\" class=\"wp-block-spacer\"><\/div>\n<\/div>\n\n\n\n<div class=\"wp-block-column is-vertically-aligned-center  data-aos_fade-up aos-animate data-aos-delay_50 has-white-background-color has-background is-layout-flow wp-block-column-is-layout-flow\" style=\"flex-basis:400px\">\n<div style=\"height:18px\" aria-hidden=\"true\" class=\"wp-block-spacer\"><\/div>\n\n\n\n<h3 class=\"wp-block-heading has-text-align-center\"><strong>Offre d\u2019emploi pour les \u00e9tudiants<\/strong><\/h3>\n\n\n\n<div class=\"wp-block-group\"><div class=\"wp-block-group__inner-container is-layout-constrained wp-block-group-is-layout-constrained\">\n<p class=\"has-text-align-center\">Les postes destin\u00e9s aux \u00e9tudiants peuvent tous faire l\u2019objet d\u2019annonces gratuites; comprend une promotion dans notre annonce hebdomadaire sur LinkedIn. <\/p>\n\n\n\n<p class=\"has-text-align-center\"><strong>0 $<\/strong><\/p>\n\n\n\n<div class=\"wp-block-buttons is-content-justification-center is-layout-flex wp-container-core-buttons-is-layout-16018d1d wp-block-buttons-is-layout-flex\">\n<div class=\"wp-block-button\"><a class=\"wp-block-button__link has-blue-gradient-background-color has-background has-text-align-center wp-element-button\" href=\"https:\/\/www.cip-icu.ca\/fr\/produit\/offre-emploi-etudiants\/\">Acheter<\/a><\/div>\n<\/div>\n\n\n\n<div style=\"height:18px\" aria-hidden=\"true\" class=\"wp-block-spacer\"><\/div>\n<\/div><\/div>\n<\/div>\n\n\n\n<div class=\"wp-block-column is-layout-flow wp-block-column-is-layout-flow\"><\/div>\n<\/div>\n\n\n\n<div style=\"height:40px\" aria-hidden=\"true\" class=\"wp-block-spacer\"><\/div>\n\n\n\n<h2 class=\"wp-block-heading has-text-align-center  data-aos_fade-up aos-animate data-aos-delay_50\"><strong><mark style=\"background-color:rgba(0, 0, 0, 0)\" class=\"has-inline-color has-charcoal-color\">Compl\u00e9ments optionnels<\/mark><\/strong><\/h2>\n\n\n\n<div class=\"wp-block-columns is-layout-flex wp-container-core-columns-is-layout-9d6595d7 wp-block-columns-is-layout-flex\">\n<div class=\"wp-block-column is-layout-flow wp-block-column-is-layout-flow\"><\/div>\n\n\n\n<div class=\"wp-block-column is-vertically-aligned-center  data-aos_fade-up aos-animate data-aos-delay_50 has-white-background-color has-background is-layout-flow wp-block-column-is-layout-flow\" style=\"flex-basis:400px\">\n<div style=\"height:18px\" aria-hidden=\"true\" class=\"wp-block-spacer\"><\/div>\n\n\n\n<h3 class=\"wp-block-heading has-text-align-center\"><strong>Annonce vedette<\/strong><\/h3>\n\n\n\n<div class=\"wp-block-group\"><div class=\"wp-block-group__inner-container is-layout-constrained wp-block-group-is-layout-constrained\">\n<p class=\"has-text-align-center\">Votre annonce appara\u00eet en t\u00eate des r\u00e9sultats de recherche et votre logo est inclus dans la barre de d\u00e9filement \u00ab Employeurs en vedette \u00bb.<\/p>\n\n\n\n<p class=\"has-text-align-center\"><strong>100 $<\/strong><\/p>\n\n\n\n<div style=\"height:10px\" aria-hidden=\"true\" class=\"wp-block-spacer\"><\/div>\n\n\n\n<p class=\"has-text-align-center has-small-font-size\"><em>Cet \u00e9l\u00e9ment peut \u00eatre ajout\u00e9 lors de l&#8217;achat d&#8217;une offre d&#8217;emploi ou d&#8217;un appel d&#8217;offres. <\/em><\/p>\n<\/div><\/div>\n<\/div>\n\n\n\n<div class=\"wp-block-column is-vertically-aligned-center  data-aos_fade-up aos-animate data-aos-delay_50 has-white-background-color has-background is-layout-flow wp-block-column-is-layout-flow\" style=\"flex-basis:400px\">\n<div style=\"height:18px\" aria-hidden=\"true\" class=\"wp-block-spacer\"><\/div>\n\n\n\n<h3 class=\"wp-block-heading has-text-align-center\"><strong>Annonce urgente<\/strong><\/h3>\n\n\n\n<div class=\"wp-block-group\"><div class=\"wp-block-group__inner-container is-layout-constrained wp-block-group-is-layout-constrained\">\n<p class=\"has-text-align-center\">Marquez votre annonce comme \u00ab urgente \u00bb sur notre Carrefour d&#8217;emplois et dans nos communications.<\/p>\n\n\n\n<p class=\"has-text-align-center\"><strong>150 $<\/strong><\/p>\n\n\n\n<div style=\"height:30px\" aria-hidden=\"true\" class=\"wp-block-spacer\"><\/div>\n\n\n\n<p class=\"has-text-align-center has-small-font-size\"><em>Cet \u00e9l\u00e9ment peut \u00eatre ajout\u00e9 lors de l&#8217;achat d&#8217;une offre d&#8217;emploi ou d&#8217;un appel d&#8217;offres. <\/em><\/p>\n<\/div><\/div>\n<\/div>\n\n\n\n<div class=\"wp-block-column is-vertically-aligned-center  data-aos_fade-up aos-animate data-aos-delay_50 has-white-background-color has-background is-layout-flow wp-block-column-is-layout-flow\" style=\"flex-basis:400px\">\n<div style=\"height:18px\" aria-hidden=\"true\" class=\"wp-block-spacer\"><\/div>\n\n\n\n<h3 class=\"wp-block-heading has-text-align-center\"><strong>Soulignez sur l\u2019infolettre<\/strong><\/h3>\n\n\n\n<div class=\"wp-block-group\"><div class=\"wp-block-group__inner-container is-layout-constrained wp-block-group-is-layout-constrained\">\n<p class=\"has-text-align-center\">Mettez en valeur votre annonce dans notre infolettre de la Centrale de carri\u00e8res.<\/p>\n\n\n\n<p class=\"has-text-align-center\"><strong>250 $<\/strong><\/p>\n\n\n\n<div style=\"height:30px\" aria-hidden=\"true\" class=\"wp-block-spacer\"><\/div>\n\n\n\n<p class=\"has-text-align-center has-small-font-size\"><em>Cet \u00e9l\u00e9ment peut \u00eatre ajout\u00e9 lors de l&#8217;achat d&#8217;une offre d&#8217;emploi ou d&#8217;un appel d&#8217;offres. <\/em><\/p>\n<\/div><\/div>\n<\/div>\n\n\n\n<div class=\"wp-block-column is-layout-flow wp-block-column-is-layout-flow\"><\/div>\n<\/div>\n\n\n\n<div class=\"wp-block-columns are-vertically-aligned-top is-layout-flex wp-container-core-columns-is-layout-9d6595d7 wp-block-columns-is-layout-flex\">\n<div class=\"wp-block-column is-vertically-aligned-top is-layout-flow wp-block-column-is-layout-flow\"><\/div>\n\n\n\n<div class=\"wp-block-column is-vertically-aligned-center  data-aos_fade-up aos-animate data-aos-delay_50 has-white-background-color has-background is-layout-flow wp-block-column-is-layout-flow\" style=\"flex-basis:400px\">\n<div style=\"height:18px\" aria-hidden=\"true\" class=\"wp-block-spacer\"><\/div>\n\n\n\n<h3 class=\"wp-block-heading has-text-align-center\"><strong>Meilleure offre de promotion group\u00e9e<\/strong><\/h3>\n\n\n\n<div class=\"wp-block-group\"><div class=\"wp-block-group__inner-container is-layout-constrained wp-block-group-is-layout-constrained\">\n<p class=\"has-text-align-center\">\u00c9conomisez 100 $ avec cette offre group\u00e9e, qui comprend les avantages offerts dans les compl\u00e9ments suivants : annonce vedette, annonce urgente et mise en valeur dans l\u2019infolettre.<\/p>\n\n\n\n<p class=\"has-text-align-center\"><strong>400 $ (\u00e9conomisez 100 $)<\/strong><\/p>\n\n\n\n<div style=\"height:10px\" aria-hidden=\"true\" class=\"wp-block-spacer\"><\/div>\n\n\n\n<p class=\"has-text-align-center has-small-font-size\"><em>Cet \u00e9l\u00e9ment peut \u00eatre ajout\u00e9 lors de l&#8217;achat d&#8217;une offre d&#8217;emploi ou d&#8217;un appel d&#8217;offres. <\/em><\/p>\n<\/div><\/div>\n<\/div>\n\n\n\n<div class=\"wp-block-column is-vertically-aligned-top is-layout-flow wp-block-column-is-layout-flow\"><\/div>\n<\/div>\n\n\n\n<div style=\"height:40px\" aria-hidden=\"true\" class=\"wp-block-spacer\"><\/div>\n\n\n\n<div class=\"wp-block-columns is-layout-flex wp-container-core-columns-is-layout-9d6595d7 wp-block-columns-is-layout-flex\">\n<div class=\"wp-block-column is-layout-flow wp-block-column-is-layout-flow\" style=\"flex-basis:25%\"><\/div>\n\n\n\n<div class=\"wp-block-column is-layout-flow wp-block-column-is-layout-flow\" style=\"flex-basis:50%\">\n<p class=\"has-text-align-center\">Contactez notre \u00e9quipe de services aux membres \u00e0 l&#8217;adresse <a href=\"mailto:careers@cip-icu.ca\">careers@cip-icu.ca<\/a> pour discuter d\u2019offres group\u00e9es personnalis\u00e9es.<\/p>\n<\/div>\n\n\n\n<div class=\"wp-block-column is-layout-flow wp-block-column-is-layout-flow\" style=\"flex-basis:25%\"><\/div>\n<\/div>\n\n\n\n<div style=\"height:136px\" aria-hidden=\"true\" class=\"wp-block-spacer\"><\/div>\n<\/div><\/div>\n","protected":false},"excerpt":{"rendered":"<p>Faites-vous remarquer par les bonnes personnes. Gr\u00e2ce \u00e0 des options de recherche cibl\u00e9es et \u00e0 une visibilit\u00e9 accrue, vos offres d&#8217;emploi atteignent les candidats qui correspondent aux besoins et aux valeurs de votre organisation.<\/p>\n","protected":false},"author":14,"featured_media":0,"parent":32258,"menu_order":1,"comment_status":"closed","ping_status":"closed","template":"","meta":{"_acf_changed":false,"footnotes":""},"class_list":["post-32263","page","type-page","status-publish","hentry"],"acf":[],"_links":{"self":[{"href":"https:\/\/www.cip-icu.ca\/fr\/wp-json\/wp\/v2\/pages\/32263","targetHints":{"allow":["GET"]}}],"collection":[{"href":"https:\/\/www.cip-icu.ca\/fr\/wp-json\/wp\/v2\/pages"}],"about":[{"href":"https:\/\/www.cip-icu.ca\/fr\/wp-json\/wp\/v2\/types\/page"}],"author":[{"embeddable":true,"href":"https:\/\/www.cip-icu.ca\/fr\/wp-json\/wp\/v2\/users\/14"}],"replies":[{"embeddable":true,"href":"https:\/\/www.cip-icu.ca\/fr\/wp-json\/wp\/v2\/comments?post=32263"}],"version-history":[{"count":10,"href":"https:\/\/www.cip-icu.ca\/fr\/wp-json\/wp\/v2\/pages\/32263\/revisions"}],"predecessor-version":[{"id":32377,"href":"https:\/\/www.cip-icu.ca\/fr\/wp-json\/wp\/v2\/pages\/32263\/revisions\/32377"}],"up":[{"embeddable":true,"href":"https:\/\/www.cip-icu.ca\/fr\/wp-json\/wp\/v2\/pages\/32258"}],"wp:attachment":[{"href":"https:\/\/www.cip-icu.ca\/fr\/wp-json\/wp\/v2\/media?parent=32263"}],"curies":[{"name":"wp","href":"https:\/\/api.w.org\/{rel}","templated":true}]}}