{"id":32279,"date":"2024-12-09T10:21:57","date_gmt":"2024-12-09T18:21:57","guid":{"rendered":"https:\/\/www.cip-icu.ca\/emplois\/submit-resume\/"},"modified":"2025-02-12T08:32:05","modified_gmt":"2025-02-12T16:32:05","slug":"soumettez-cv","status":"publish","type":"page","link":"https:\/\/www.cip-icu.ca\/fr\/emplois\/soumettez-cv\/","title":{"rendered":"Soumettez votre CV"},"content":{"rendered":"\n<div style=\"height:100px\" aria-hidden=\"true\" class=\"wp-block-spacer\"><\/div>\n\n\n\n<div class=\"wp-block-columns is-layout-flex wp-container-core-columns-is-layout-9d6595d7 wp-block-columns-is-layout-flex\">\n<div class=\"wp-block-column is-layout-flow wp-block-column-is-layout-flow\" style=\"flex-basis:66.66%\">\n<h3 class=\"wp-block-heading line-heading-full\">Carrefour national d&#8217;emplois<\/h3>\n\n\n\n<h1 class=\"wp-block-heading\">Soumettez votre <strong><mark style=\"background-color:rgba(0, 0, 0, 0)\" class=\"has-inline-color has-blue-2-color\">CV<\/mark><\/strong><\/h1>\n\n\n\n<p class=\"lede\">Saviez-vous que nous disposons d&#8217;une base de donn\u00e9es de CV? C\u2019est le joyau cach\u00e9 sur notre Carrefour d&#8217;emplois qui permet aux employeurs d&#8217;acc\u00e9der \u00e0 un r\u00e9servoir d\u2019urbanistes talentueux (comme vous!) \u00e0 la recherche d&#8217;un nouveau poste. Facilitez la t\u00e2che des employeurs potentiels en ajoutant votre CV d\u00e8s aujourd&#8217;hui.<\/p>\n\n\n\n<p>Prenez deux minutes pour copier et coller votre CV dans les champs ci-dessous. Veillez \u00e0 v\u00e9rifier le format avant de cliquer sur \u00ab&nbsp;Soumettre&nbsp;\u00bb.<\/p>\n<\/div>\n\n\n\n<div class=\"wp-block-column is-layout-flow wp-block-column-is-layout-flow\" style=\"flex-basis:33.33%\">\n<div style=\"height:44px\" aria-hidden=\"true\" class=\"wp-block-spacer\"><\/div>\n\n\n\n<figure class=\"wp-block-image size-full is-resized\"><img loading=\"lazy\" decoding=\"async\" width=\"900\" height=\"900\" src=\"https:\/\/www.cip-icu.ca\/wp-content\/uploads\/2025\/02\/Job-Board-Resume.png\" alt=\"\" class=\"wp-image-31941\" style=\"width:339px;height:auto\" srcset=\"https:\/\/www.cip-icu.ca\/wp-content\/uploads\/2025\/02\/Job-Board-Resume.png 900w, https:\/\/www.cip-icu.ca\/wp-content\/uploads\/2025\/02\/Job-Board-Resume-636x636.png 636w, https:\/\/www.cip-icu.ca\/wp-content\/uploads\/2025\/02\/Job-Board-Resume-160x160.png 160w, https:\/\/www.cip-icu.ca\/wp-content\/uploads\/2025\/02\/Job-Board-Resume-768x768.png 768w, https:\/\/www.cip-icu.ca\/wp-content\/uploads\/2025\/02\/Job-Board-Resume-300x300.png 300w, https:\/\/www.cip-icu.ca\/wp-content\/uploads\/2025\/02\/Job-Board-Resume-600x600.png 600w, https:\/\/www.cip-icu.ca\/wp-content\/uploads\/2025\/02\/Job-Board-Resume-100x100.png 100w\" sizes=\"auto, (max-width: 900px) 100vw, 900px\" \/><\/figure>\n<\/div>\n<\/div>\n\n\n\n<div style=\"height:70px\" aria-hidden=\"true\" class=\"wp-block-spacer\"><\/div>\n\n\n<form action=\"\/fr\/wp-json\/wp\/v2\/pages\/32279\" method=\"post\" id=\"submit-resume-form\" class=\"job-manager-form\" enctype=\"multipart\/form-data\"  >\n\n\t<input type=\"hidden\" id=\"_wpjm_nonce\" name=\"_wpjm_nonce\" value=\"3bbeea8a8e\" \/><input type=\"hidden\" name=\"_wp_http_referer\" value=\"\/fr\/wp-json\/wp\/v2\/pages\/32279\" \/>\n\t\n\t\t\t<fieldset>\n\t\t<label>Have an account?<\/label>\n\t\t<div class=\"field account-sign-in\">\n\t\t\t<a class=\"button\" href=\"https:\/\/www.cip-icu.ca\/wp-login.php?redirect_to=https%3A%2F%2Fwww.cip-icu.ca%2Ffr%2Femplois%2Fsoumettez-cv%2F%3Fjob_id%3D0\">Sign in<\/a>\n\n\t\t\t\n\t\t\t\tSi vous n&#039;avez pas de compte, vous pouvez en cr\u00e9er un ci-dessous en saisissant votre adresse \u00e9lectronique. Les d\u00e9tails de votre compte seront confirm\u00e9s par courriel.\n\t\t\t\t\t<\/div>\n\t<\/fieldset>\n\t\n\n\t\n\t\n\t\t<!-- Resume Fields -->\n\t\t\n\t\t\t\t\t<fieldset class=\"fieldset-candidate_name\">\n\t\t\t\t<label for=\"candidate_name\">Your name<\/label>\n\t\t\t\t<div class=\"field\">\n\t\t\t\t\t<input type=\"text\" class=\"input-text\" name=\"candidate_name\" id=\"candidate_name\" placeholder=\"Your full name\" value=\"\" maxlength=\"\" required \/>\n\t\t\t\t<\/div>\n\t\t\t<\/fieldset>\n\t\t\t\t\t<fieldset class=\"fieldset-candidate_email\">\n\t\t\t\t<label for=\"candidate_email\">Your email<\/label>\n\t\t\t\t<div class=\"field\">\n\t\t\t\t\t<input type=\"text\" class=\"input-text\" name=\"candidate_email\" id=\"candidate_email\" placeholder=\"you@yourdomain.com\" value=\"\" maxlength=\"\" required \/>\n\t\t\t\t<\/div>\n\t\t\t<\/fieldset>\n\t\t\t\t\t<fieldset class=\"fieldset-candidate_title\">\n\t\t\t\t<label for=\"candidate_title\">Professional title<\/label>\n\t\t\t\t<div class=\"field\">\n\t\t\t\t\t<input type=\"text\" class=\"input-text\" name=\"candidate_title\" id=\"candidate_title\" placeholder=\"e.g. &quot;Web Developer&quot;\" value=\"\" maxlength=\"\" required \/>\n\t\t\t\t<\/div>\n\t\t\t<\/fieldset>\n\t\t\t\t\t<fieldset class=\"fieldset-candidate_location\">\n\t\t\t\t<label for=\"candidate_location\">Localisation<\/label>\n\t\t\t\t<div class=\"field\">\n\t\t\t\t\t<input type=\"text\" class=\"input-text\" name=\"candidate_location\" id=\"candidate_location\" placeholder=\"e.g. &quot;London, UK&quot;, &quot;New York&quot;, &quot;Houston, TX&quot;\" value=\"\" maxlength=\"\" required \/>\n\t\t\t\t<\/div>\n\t\t\t<\/fieldset>\n\t\t\t\t\t<fieldset class=\"fieldset-candidate_photo\">\n\t\t\t\t<label for=\"candidate_photo\">Photo <small>(optionnel)<\/small><\/label>\n\t\t\t\t<div class=\"field\">\n\t\t\t\t\t<div class=\"job-manager-uploaded-files\">\n\t<\/div>\n\n<input\n\ttype=\"file\"\n\tclass=\"input-text\"\n\tdata-file_types=\"jpg|jpeg|gif|png\"\n\t\t\t\t\tname=\"candidate_photo\"\n\tid=\"candidate_photo\"\n\tplaceholder=\"\"\n\/>\n<small class=\"description\">\n\t\t\tTaille maximale du fichier : 200 MB.\t<\/small>\n\t\t\t\t<\/div>\n\t\t\t<\/fieldset>\n\t\t\t\t\t<fieldset class=\"fieldset-candidate_video\">\n\t\t\t\t<label for=\"candidate_video\">Video <small>(optionnel)<\/small><\/label>\n\t\t\t\t<div class=\"field\">\n\t\t\t\t\t<input type=\"text\" class=\"input-text\" name=\"candidate_video\" id=\"candidate_video\" placeholder=\"A link to a video about yourself\" value=\"\" maxlength=\"\"  \/>\n\t\t\t\t<\/div>\n\t\t\t<\/fieldset>\n\t\t\t\t\t<fieldset class=\"fieldset-resume_content\">\n\t\t\t\t<label for=\"resume_content\">Resume Content<\/label>\n\t\t\t\t<div class=\"field\">\n\t\t\t\t\t<div id=\"wp-resume_content-wrap\" class=\"wp-core-ui wp-editor-wrap tmce-active\"><link rel='stylesheet' id='dashicons-css' href='https:\/\/www.cip-icu.ca\/wp-includes\/css\/dashicons.css?ver=6.9.4' media='all' \/>\n<link rel='stylesheet' id='editor-buttons-css' href='https:\/\/www.cip-icu.ca\/wp-includes\/css\/editor.css?ver=6.9.4' media='all' \/>\n<style> .mce-top-part button { background-color: rgba(0,0,0,0.0) !important; } <\/style>\n<div id=\"wp-resume_content-editor-container\" class=\"wp-editor-container\"><textarea class=\"wp-editor-area\" rows=\"8\" autocomplete=\"off\" cols=\"40\" name=\"resume_content\" id=\"resume_content\"><\/textarea><\/div>\n<\/div>\n\n\t\t\t\t<\/div>\n\t\t\t<\/fieldset>\n\t\t\t\t\t<fieldset class=\"fieldset-resume_skills\">\n\t\t\t\t<label for=\"resume_skills\">Skills <small>(optionnel)<\/small><\/label>\n\t\t\t\t<div class=\"field\">\n\t\t\t\t\t<input type=\"text\" class=\"input-text\" name=\"resume_skills\" id=\"resume_skills\" placeholder=\"Comma separate a list of relevant skills Maximum of 10.\" value=\"\" maxlength=\"\"  \/>\n\t\t\t\t<\/div>\n\t\t\t<\/fieldset>\n\t\t\t\t\t<fieldset class=\"fieldset-links\">\n\t\t\t\t<label for=\"links\">URL(s) <small>(optionnel)<\/small><\/label>\n\t\t\t\t<div class=\"field\">\n\t\t\t\t\t\n<a href=\"#\" class=\"resume-manager-add-row\" data-row=\"\n\t\t&lt;div class=&quot;resume-manager-data-row&quot;&gt;\n\t\t\t&lt;input type=&quot;hidden&quot; class=&quot;repeated-row-index&quot; name=&quot;repeated-row-links[]&quot; value=&quot;%%repeated-row-index%%&quot; \/&gt;\n\t\t\t&lt;a href=&quot;#&quot; class=&quot;resume-manager-remove-row&quot;&gt;Remove&lt;\/a&gt;\n\t\t\t\t\t\t\t&lt;fieldset class=&quot;fieldset-name&quot;&gt;\n\t\t\t\t\t&lt;label for=&quot;links_name_%%repeated-row-index%%&quot;&gt;Name&lt;\/label&gt;\n\t\t\t\t\t&lt;div class=&quot;field&quot;&gt;\n\t\t\t\t\t\t&lt;input type=&quot;text&quot; class=&quot;input-text&quot; name=&quot;links_name_%%repeated-row-index%%&quot; id=&quot;links_name_%%repeated-row-index%%&quot; placeholder=&quot;&quot; value=&quot;&quot; maxlength=&quot;&quot; required \/&gt;\n\t\t\t\t\t&lt;\/div&gt;\n\t\t\t\t&lt;\/fieldset&gt;\n\t\t\t\t\t\t\t&lt;fieldset class=&quot;fieldset-url&quot;&gt;\n\t\t\t\t\t&lt;label for=&quot;links_url_%%repeated-row-index%%&quot;&gt;URL&lt;\/label&gt;\n\t\t\t\t\t&lt;div class=&quot;field&quot;&gt;\n\t\t\t\t\t\t&lt;input type=&quot;text&quot; class=&quot;input-text&quot; name=&quot;links_url_%%repeated-row-index%%&quot; id=&quot;links_url_%%repeated-row-index%%&quot; placeholder=&quot;&quot; value=&quot;&quot; maxlength=&quot;&quot; required \/&gt;\n\t\t\t\t\t&lt;\/div&gt;\n\t\t\t\t&lt;\/fieldset&gt;\n\t\t\t\t\t&lt;\/div&gt;\n\t\t\">+ Add URL<\/a>\n\t<small class=\"description\">Optionally provide links to any of your websites or social network profiles.<\/small>\t\t\t\t<\/div>\n\t\t\t<\/fieldset>\n\t\t\t\t\t<fieldset class=\"fieldset-candidate_education\">\n\t\t\t\t<label for=\"candidate_education\">Education <small>(optionnel)<\/small><\/label>\n\t\t\t\t<div class=\"field\">\n\t\t\t\t\t\n<a href=\"#\" class=\"resume-manager-add-row\" data-row=\"\n\t\t&lt;div class=&quot;resume-manager-data-row&quot;&gt;\n\t\t\t&lt;input type=&quot;hidden&quot; class=&quot;repeated-row-index&quot; name=&quot;repeated-row-candidate_education[]&quot; value=&quot;%%repeated-row-index%%&quot; \/&gt;\n\t\t\t&lt;a href=&quot;#&quot; class=&quot;resume-manager-remove-row&quot;&gt;Remove&lt;\/a&gt;\n\t\t\t\t\t\t\t&lt;fieldset class=&quot;fieldset-location&quot;&gt;\n\t\t\t\t\t&lt;label for=&quot;candidate_education_location_%%repeated-row-index%%&quot;&gt;Institution&lt;\/label&gt;\n\t\t\t\t\t&lt;div class=&quot;field&quot;&gt;\n\t\t\t\t\t\t&lt;input type=&quot;text&quot; class=&quot;input-text&quot; name=&quot;candidate_education_location_%%repeated-row-index%%&quot; id=&quot;candidate_education_location_%%repeated-row-index%%&quot; placeholder=&quot;&quot; value=&quot;&quot; maxlength=&quot;&quot; required \/&gt;\n\t\t\t\t\t&lt;\/div&gt;\n\t\t\t\t&lt;\/fieldset&gt;\n\t\t\t\t\t\t\t&lt;fieldset class=&quot;fieldset-qualification&quot;&gt;\n\t\t\t\t\t&lt;label for=&quot;candidate_education_qualification_%%repeated-row-index%%&quot;&gt;Certification(s)&lt;\/label&gt;\n\t\t\t\t\t&lt;div class=&quot;field&quot;&gt;\n\t\t\t\t\t\t&lt;input type=&quot;text&quot; class=&quot;input-text&quot; name=&quot;candidate_education_qualification_%%repeated-row-index%%&quot; id=&quot;candidate_education_qualification_%%repeated-row-index%%&quot; placeholder=&quot;&quot; value=&quot;&quot; maxlength=&quot;&quot; required \/&gt;\n\t\t\t\t\t&lt;\/div&gt;\n\t\t\t\t&lt;\/fieldset&gt;\n\t\t\t\t\t\t\t&lt;fieldset class=&quot;fieldset-date&quot;&gt;\n\t\t\t\t\t&lt;label for=&quot;candidate_education_date_%%repeated-row-index%%&quot;&gt;Start\/end date&lt;\/label&gt;\n\t\t\t\t\t&lt;div class=&quot;field&quot;&gt;\n\t\t\t\t\t\t&lt;input type=&quot;text&quot; class=&quot;input-text&quot; name=&quot;candidate_education_date_%%repeated-row-index%%&quot; id=&quot;candidate_education_date_%%repeated-row-index%%&quot; placeholder=&quot;&quot; value=&quot;&quot; maxlength=&quot;&quot; required \/&gt;\n\t\t\t\t\t&lt;\/div&gt;\n\t\t\t\t&lt;\/fieldset&gt;\n\t\t\t\t\t\t\t&lt;fieldset class=&quot;fieldset-notes&quot;&gt;\n\t\t\t\t\t&lt;label for=&quot;candidate_education_notes_%%repeated-row-index%%&quot;&gt;Notes &lt;small&gt;(optionnel)&lt;\/small&gt;&lt;\/label&gt;\n\t\t\t\t\t&lt;div class=&quot;field&quot;&gt;\n\t\t\t\t\t\t&lt;textarea cols=&quot;20&quot; rows=&quot;3&quot; class=&quot;input-text&quot; name=&quot;candidate_education_notes_%%repeated-row-index%%&quot; id=&quot;candidate_education_notes_%%repeated-row-index%%&quot; placeholder=&quot;&quot; maxlength=&quot;&quot; &gt;&lt;\/textarea&gt;\n\t\t\t\t\t&lt;\/div&gt;\n\t\t\t\t&lt;\/fieldset&gt;\n\t\t\t\t\t&lt;\/div&gt;\n\t\t\">+ Add Education<\/a>\n\t\t\t\t<\/div>\n\t\t\t<\/fieldset>\n\t\t\t\t\t<fieldset class=\"fieldset-candidate_experience\">\n\t\t\t\t<label for=\"candidate_experience\">Experience <small>(optionnel)<\/small><\/label>\n\t\t\t\t<div class=\"field\">\n\t\t\t\t\t\n<a href=\"#\" class=\"resume-manager-add-row\" data-row=\"\n\t\t&lt;div class=&quot;resume-manager-data-row&quot;&gt;\n\t\t\t&lt;input type=&quot;hidden&quot; class=&quot;repeated-row-index&quot; name=&quot;repeated-row-candidate_experience[]&quot; value=&quot;%%repeated-row-index%%&quot; \/&gt;\n\t\t\t&lt;a href=&quot;#&quot; class=&quot;resume-manager-remove-row&quot;&gt;Remove&lt;\/a&gt;\n\t\t\t\t\t\t\t&lt;fieldset class=&quot;fieldset-employer&quot;&gt;\n\t\t\t\t\t&lt;label for=&quot;candidate_experience_employer_%%repeated-row-index%%&quot;&gt;Employer&lt;\/label&gt;\n\t\t\t\t\t&lt;div class=&quot;field&quot;&gt;\n\t\t\t\t\t\t&lt;input type=&quot;text&quot; class=&quot;input-text&quot; name=&quot;candidate_experience_employer_%%repeated-row-index%%&quot; id=&quot;candidate_experience_employer_%%repeated-row-index%%&quot; placeholder=&quot;&quot; value=&quot;&quot; maxlength=&quot;&quot; required \/&gt;\n\t\t\t\t\t&lt;\/div&gt;\n\t\t\t\t&lt;\/fieldset&gt;\n\t\t\t\t\t\t\t&lt;fieldset class=&quot;fieldset-job_title&quot;&gt;\n\t\t\t\t\t&lt;label for=&quot;candidate_experience_job_title_%%repeated-row-index%%&quot;&gt;Titre du poste&lt;\/label&gt;\n\t\t\t\t\t&lt;div class=&quot;field&quot;&gt;\n\t\t\t\t\t\t&lt;input type=&quot;text&quot; class=&quot;input-text&quot; name=&quot;candidate_experience_job_title_%%repeated-row-index%%&quot; id=&quot;candidate_experience_job_title_%%repeated-row-index%%&quot; placeholder=&quot;&quot; value=&quot;&quot; maxlength=&quot;&quot; required \/&gt;\n\t\t\t\t\t&lt;\/div&gt;\n\t\t\t\t&lt;\/fieldset&gt;\n\t\t\t\t\t\t\t&lt;fieldset class=&quot;fieldset-date&quot;&gt;\n\t\t\t\t\t&lt;label for=&quot;candidate_experience_date_%%repeated-row-index%%&quot;&gt;Start\/end date&lt;\/label&gt;\n\t\t\t\t\t&lt;div class=&quot;field&quot;&gt;\n\t\t\t\t\t\t&lt;input type=&quot;text&quot; class=&quot;input-text&quot; name=&quot;candidate_experience_date_%%repeated-row-index%%&quot; id=&quot;candidate_experience_date_%%repeated-row-index%%&quot; placeholder=&quot;&quot; value=&quot;&quot; maxlength=&quot;&quot; required \/&gt;\n\t\t\t\t\t&lt;\/div&gt;\n\t\t\t\t&lt;\/fieldset&gt;\n\t\t\t\t\t\t\t&lt;fieldset class=&quot;fieldset-notes&quot;&gt;\n\t\t\t\t\t&lt;label for=&quot;candidate_experience_notes_%%repeated-row-index%%&quot;&gt;Notes &lt;small&gt;(optionnel)&lt;\/small&gt;&lt;\/label&gt;\n\t\t\t\t\t&lt;div class=&quot;field&quot;&gt;\n\t\t\t\t\t\t&lt;textarea cols=&quot;20&quot; rows=&quot;3&quot; class=&quot;input-text&quot; name=&quot;candidate_experience_notes_%%repeated-row-index%%&quot; id=&quot;candidate_experience_notes_%%repeated-row-index%%&quot; placeholder=&quot;&quot; maxlength=&quot;&quot; &gt;&lt;\/textarea&gt;\n\t\t\t\t\t&lt;\/div&gt;\n\t\t\t\t&lt;\/fieldset&gt;\n\t\t\t\t\t&lt;\/div&gt;\n\t\t\">+ Add Experience<\/a>\n\t\t\t\t<\/div>\n\t\t\t<\/fieldset>\n\t\t\t\t\t<fieldset class=\"fieldset-resume_file\">\n\t\t\t\t<label for=\"resume_file\">Resume file <small>(optionnel)<\/small><\/label>\n\t\t\t\t<div class=\"field\">\n\t\t\t\t\t<div class=\"job-manager-uploaded-files\">\n\t<\/div>\n\n<input\n\ttype=\"file\"\n\tclass=\"input-text\"\n\tdata-file_types=\"jpg|jpeg|jpe|gif|png|bmp|tiff|tif|webp|avif|ico|heic|heif|heics|heifs|asf|asx|wmv|wmx|wm|avi|divx|flv|mov|qt|mpeg|mpg|mpe|mp4|m4v|ogv|webm|mkv|3gp|3gpp|3g2|3gp2|txt|asc|c|cc|h|srt|csv|tsv|ics|rtx|css|vtt|dfxp|mp3|m4a|m4b|aac|ra|ram|wav|x-wav|ogg|oga|flac|mid|midi|wma|wax|mka|rtf|pdf|class|tar|zip|gz|gzip|rar|7z|psd|xcf|doc|pot|pps|ppt|wri|xla|xls|xlt|xlw|mdb|mpp|docx|docm|dotx|dotm|xlsx|xlsm|xlsb|xltx|xltm|xlam|pptx|pptm|ppsx|ppsm|potx|potm|ppam|sldx|sldm|onetoc|onetoc2|onetmp|onepkg|oxps|xps|odt|odp|ods|odg|odc|odb|odf|wp|wpd|key|numbers|pages\"\n\t\t\t\t\tname=\"resume_file\"\n\tid=\"resume_file\"\n\tplaceholder=\"\"\n\/>\n<small class=\"description\">\n\t\t\tOptionally upload your resume for employers to view. Max. file size: 200 MB.\t<\/small>\n\t\t\t\t<\/div>\n\t\t\t<\/fieldset>\n\t\t\n\t\t\n\t\t<p>\n\t\t\t<input type=\"hidden\" name=\"resume_manager_form\" value=\"submit-resume\" \/>\n\t\t\t<input type=\"hidden\" name=\"resume_id\" value=\"0\" \/>\n\t\t\t<input type=\"hidden\" name=\"job_id\" value=\"0\" \/>\n\t\t\t<input type=\"hidden\" name=\"step\" value=\"0\" \/>\n\t\t\t<input type=\"submit\" name=\"submit_resume\" class=\"button\"\n\t\t\tvalue=\"Avant-premi\u00e8re \u2192\" \/>\n\n\t\t<\/p>\n\n\t\n\t<\/form>\n\n\n\n\n<div style=\"height:100px\" aria-hidden=\"true\" class=\"wp-block-spacer\"><\/div>\n","protected":false},"excerpt":{"rendered":"<p>Saviez-vous que nous disposons d&#8217;une base de donn\u00e9es de CV? C\u2019est le joyau cach\u00e9 sur notre Carrefour d&#8217;emplois qui permet aux employeurs d&#8217;acc\u00e9der \u00e0 un r\u00e9servoir d\u2019urbanistes talentueux (comme vous!) \u00e0 la recherche d&#8217;un nouveau poste. Facilitez la t\u00e2che des employeurs potentiels en ajoutant votre CV d\u00e8s aujourd&#8217;hui.<\/p>\n","protected":false},"author":14,"featured_media":0,"parent":32258,"menu_order":3,"comment_status":"closed","ping_status":"closed","template":"","meta":{"_acf_changed":false,"footnotes":""},"class_list":["post-32279","page","type-page","status-publish","hentry"],"acf":[],"_links":{"self":[{"href":"https:\/\/www.cip-icu.ca\/fr\/wp-json\/wp\/v2\/pages\/32279","targetHints":{"allow":["GET"]}}],"collection":[{"href":"https:\/\/www.cip-icu.ca\/fr\/wp-json\/wp\/v2\/pages"}],"about":[{"href":"https:\/\/www.cip-icu.ca\/fr\/wp-json\/wp\/v2\/types\/page"}],"author":[{"embeddable":true,"href":"https:\/\/www.cip-icu.ca\/fr\/wp-json\/wp\/v2\/users\/14"}],"replies":[{"embeddable":true,"href":"https:\/\/www.cip-icu.ca\/fr\/wp-json\/wp\/v2\/comments?post=32279"}],"version-history":[{"count":4,"href":"https:\/\/www.cip-icu.ca\/fr\/wp-json\/wp\/v2\/pages\/32279\/revisions"}],"predecessor-version":[{"id":42833,"href":"https:\/\/www.cip-icu.ca\/fr\/wp-json\/wp\/v2\/pages\/32279\/revisions\/42833"}],"up":[{"embeddable":true,"href":"https:\/\/www.cip-icu.ca\/fr\/wp-json\/wp\/v2\/pages\/32258"}],"wp:attachment":[{"href":"https:\/\/www.cip-icu.ca\/fr\/wp-json\/wp\/v2\/media?parent=32279"}],"curies":[{"name":"wp","href":"https:\/\/api.w.org\/{rel}","templated":true}]}}