{"id":32287,"date":"2024-12-09T10:03:14","date_gmt":"2024-12-09T18:03:14","guid":{"rendered":"https:\/\/www.cip-icu.ca\/emplois\/alerts\/"},"modified":"2025-02-12T08:34:53","modified_gmt":"2025-02-12T16:34:53","slug":"alertes","status":"publish","type":"page","link":"https:\/\/www.cip-icu.ca\/fr\/emplois\/alertes\/","title":{"rendered":"Alertes d\u2019emplois"},"content":{"rendered":"\n<div style=\"height:100px\" aria-hidden=\"true\" class=\"wp-block-spacer\"><\/div>\n\n\n\n<div class=\"wp-block-columns is-layout-flex wp-container-core-columns-is-layout-9d6595d7 wp-block-columns-is-layout-flex\">\n<div class=\"wp-block-column is-layout-flow wp-block-column-is-layout-flow\" style=\"flex-basis:66.66%\">\n<h3 class=\"wp-block-heading line-heading-full\">Carrefour national d&#8217;emplois de l\u2019ICU<\/h3>\n\n\n\n<h1 class=\"wp-block-heading\">Mes <strong><mark style=\"background-color:rgba(0, 0, 0, 0)\" class=\"has-inline-color has-blue-2-color\">alertes<\/mark><\/strong> d\u2019emplois<\/h1>\n\n\n\n<p class=\"lede\">Gardez une longueur d&#8217;avance dans votre recherche d&#8217;emploi! Inscrivez-vous \u00e0 des alertes d&#8217;emplois et laissez les postes parfaits venir \u00e0 vous. Personnalisez vos pr\u00e9f\u00e9rences pour recevoir des mises \u00e0 jour personnalis\u00e9es sur les offres d&#8217;emploi qui correspondent \u00e0 vos comp\u00e9tences et \u00e0 vos centres d&#8217;int\u00e9r\u00eat. Restez inform\u00e9, gagnez du temps et ne passez jamais \u00e0 c\u00f4t\u00e9 de l&#8217;emploi de vos r\u00eaves. Inscrivez-vous d\u00e8s maintenant et faites le premier pas vers votre prochaine carri\u00e8re.<\/p>\n<\/div>\n\n\n\n<div class=\"wp-block-column is-layout-flow wp-block-column-is-layout-flow\" style=\"flex-basis:33.33%\"><\/div>\n<\/div>\n\n\n\n<div style=\"height:40px\" aria-hidden=\"true\" class=\"wp-block-spacer\"><\/div>\n\n\n\n\n\n\n<div style=\"height:100px\" aria-hidden=\"true\" class=\"wp-block-spacer\"><\/div>\n","protected":false},"excerpt":{"rendered":"<p>Gardez une longueur d&#8217;avance dans votre recherche d&#8217;emploi! Inscrivez-vous \u00e0 des alertes d&#8217;emplois et laissez les postes parfaits venir \u00e0 vous. Personnalisez vos pr\u00e9f\u00e9rences pour&hellip;<\/p>\n","protected":false},"author":14,"featured_media":0,"parent":32258,"menu_order":4,"comment_status":"closed","ping_status":"closed","template":"","meta":{"_acf_changed":false,"footnotes":""},"class_list":["post-32287","page","type-page","status-publish","hentry"],"acf":[],"_links":{"self":[{"href":"https:\/\/www.cip-icu.ca\/fr\/wp-json\/wp\/v2\/pages\/32287","targetHints":{"allow":["GET"]}}],"collection":[{"href":"https:\/\/www.cip-icu.ca\/fr\/wp-json\/wp\/v2\/pages"}],"about":[{"href":"https:\/\/www.cip-icu.ca\/fr\/wp-json\/wp\/v2\/types\/page"}],"author":[{"embeddable":true,"href":"https:\/\/www.cip-icu.ca\/fr\/wp-json\/wp\/v2\/users\/14"}],"replies":[{"embeddable":true,"href":"https:\/\/www.cip-icu.ca\/fr\/wp-json\/wp\/v2\/comments?post=32287"}],"version-history":[{"count":2,"href":"https:\/\/www.cip-icu.ca\/fr\/wp-json\/wp\/v2\/pages\/32287\/revisions"}],"predecessor-version":[{"id":32290,"href":"https:\/\/www.cip-icu.ca\/fr\/wp-json\/wp\/v2\/pages\/32287\/revisions\/32290"}],"up":[{"embeddable":true,"href":"https:\/\/www.cip-icu.ca\/fr\/wp-json\/wp\/v2\/pages\/32258"}],"wp:attachment":[{"href":"https:\/\/www.cip-icu.ca\/fr\/wp-json\/wp\/v2\/media?parent=32287"}],"curies":[{"name":"wp","href":"https:\/\/api.w.org\/{rel}","templated":true}]}}