{"id":32291,"date":"2024-11-27T09:40:19","date_gmt":"2024-11-27T17:40:19","guid":{"rendered":"https:\/\/www.cip-icu.ca\/emplois\/employer-dashboard\/"},"modified":"2025-03-05T08:11:23","modified_gmt":"2025-03-05T16:11:23","slug":"tableau-employeur","status":"publish","type":"page","link":"https:\/\/www.cip-icu.ca\/fr\/emplois\/tableau-employeur\/","title":{"rendered":"Tableau de bord de l&#8217;employeur"},"content":{"rendered":"\n<div style=\"height:100px\" aria-hidden=\"true\" class=\"wp-block-spacer\"><\/div>\n\n<div class=\"wp-block-columns is-layout-flex wp-container-core-columns-is-layout-9d6595d7 wp-block-columns-is-layout-flex\">\n<div class=\"wp-block-column is-layout-flow wp-block-column-is-layout-flow\" style=\"flex-basis:66.66%\">\n<h3 class=\"wp-block-heading line-heading-full\">Conseil national de l&#8217;emploi des planificateurs<\/h3>\n\n\n\n<h1 class=\"wp-block-heading\"><strong><mark style=\"background-color:rgba(0, 0, 0, 0)\" class=\"has-inline-color has-blue-2-color\">Employeur<\/mark><\/strong> Tableau de bord<\/h1>\n\n\n\n<p class=\"lede\">Bienvenue sur le tableau de bord de votre employeur !  <\/p>\n\n\n\n<p>Rationalisez votre processus de recrutement en toute simplicit\u00e9. Votre tableau de bord est votre point central pour publier des offres d&#8217;emploi, g\u00e9rer les candidatures et entrer en contact avec les meilleurs talents \u00e0 travers le pays. Acc\u00e9dez \u00e0 des informations, suivez les performances et trouvez les bons candidats plus rapidement. Commencez \u00e0 constituer votre \u00e9quipe de r\u00eave d\u00e8s aujourd&#8217;hui !   <\/p>\n<\/div>\n\n\n\n<div class=\"wp-block-column is-layout-flow wp-block-column-is-layout-flow\" style=\"flex-basis:33.33%\"><\/div>\n<\/div>\n\n<div style=\"height:40px\" aria-hidden=\"true\" class=\"wp-block-spacer\"><\/div>\n\n<div class=\"wp-block-columns is-layout-flex wp-container-core-columns-is-layout-9d6595d7 wp-block-columns-is-layout-flex\">\n<div class=\"wp-block-column is-layout-flow wp-block-column-is-layout-flow\">\n<div class=\"wp-block-group has-blue-2-10-opacity-background-color has-background\"><div class=\"wp-block-group__inner-container is-layout-constrained wp-block-group-is-layout-constrained\">\n<div style=\"height:22px\" aria-hidden=\"true\" class=\"wp-block-spacer\"><\/div>\n\n\n\n<h5 class=\"wp-block-heading\"><strong>Consultez la base de donn\u00e9es de CV<\/strong><\/h5>\n\n\n\n<p>Notre base de donn\u00e9es de CV vous donne acc\u00e8s \u00e0 un vivier de planificateurs talentueux activement \u00e0 la recherche d&#8217;une nouvelle opportunit\u00e9. D\u00e9couvrez rapidement des candidats qualifi\u00e9s pr\u00eats \u00e0 apporter leur expertise \u00e0 votre \u00e9quipe et mettez-vous en relation avec eux. Commencez \u00e0 explorer d\u00e8s aujourd&#8217;hui et trouvez le candidat id\u00e9al pour votre organisation !  <\/p>\n\n\n\n<div class=\"wp-block-buttons is-content-justification-left is-layout-flex wp-container-core-buttons-is-layout-fdcfc74e wp-block-buttons-is-layout-flex\">\n<div class=\"wp-block-button\"><a class=\"wp-block-button__link has-blue-gradient-background-color has-background wp-element-button\" href=\"https:\/\/www.cip-icu.ca\/jobs\/employer-dashboard\/resume-database\/\"><strong>En savoir plus<\/strong><\/a><\/div>\n<\/div>\n\n\n\n<div style=\"height:22px\" aria-hidden=\"true\" class=\"wp-block-spacer\"><\/div>\n<\/div><\/div>\n<\/div>\n\n\n\n<div class=\"wp-block-column is-layout-flow wp-block-column-is-layout-flow\">\n<div class=\"wp-block-group has-blue-2-10-opacity-background-color has-background\"><div class=\"wp-block-group__inner-container is-layout-constrained wp-block-group-is-layout-constrained\">\n<div style=\"height:22px\" aria-hidden=\"true\" class=\"wp-block-spacer\"><\/div>\n\n\n\n<h5 class=\"wp-block-heading\"><strong>Publiez votre offre d&#8217;emploi<\/strong><\/h5>\n\n\n\n<p>Votre offre d&#8217;emploi, d&#8217;un oc\u00e9an \u00e0 l&#8217;autre. Avec une audience nationale, le tableau d&#8217;affichage des emplois de l&#8217;ICU vous permet d&#8217;atteindre les professionnels de l&#8217;urbanisme dans les diverses r\u00e9gions du Canada. <\/p>\n\n\n\n<div class=\"wp-block-buttons is-content-justification-left is-layout-flex wp-container-core-buttons-is-layout-fdcfc74e wp-block-buttons-is-layout-flex\">\n<div class=\"wp-block-button\"><a class=\"wp-block-button__link has-blue-gradient-background-color has-background wp-element-button\" href=\"https:\/\/www.cip-icu.ca\/fr\/emplois\/produits\/\"><strong>Publier un emploi<\/strong><\/a><\/div>\n<\/div>\n\n\n\n<div style=\"height:22px\" aria-hidden=\"true\" class=\"wp-block-spacer\"><\/div>\n<\/div><\/div>\n<\/div>\n<\/div>\n\n<div style=\"height:47px\" aria-hidden=\"true\" class=\"wp-block-spacer\"><\/div>\n\n<h2 class=\"wp-block-heading\">Mes publications<\/h2>\n<div id=\"job-manager-job-dashboard\">\n\n\t<p class=\"account-sign-in\">You need to be signed in to manage your listings. <a class=\"button\" href=\"https:\/\/www.cip-icu.ca\/wp-login.php?redirect_to=https%3A%2F%2Fwww.cip-icu.ca%2Ffr%2Femplois%2Ftableau-employeur%2F\">Sign in<\/a><\/p>\n\n<\/div>\n\n\n<div style=\"height:107px\" aria-hidden=\"true\" class=\"wp-block-spacer\"><\/div>\n","protected":false},"excerpt":{"rendered":"<p>Bienvenue sur le tableau de bord de votre employeur ! Rationalisez votre processus de recrutement en toute simplicit\u00e9. Votre tableau de bord est votre point&hellip;<\/p>\n","protected":false},"author":14,"featured_media":0,"parent":32258,"menu_order":5,"comment_status":"closed","ping_status":"closed","template":"","meta":{"_acf_changed":false,"footnotes":""},"class_list":["post-32291","page","type-page","status-publish","hentry"],"acf":[],"_links":{"self":[{"href":"https:\/\/www.cip-icu.ca\/fr\/wp-json\/wp\/v2\/pages\/32291","targetHints":{"allow":["GET"]}}],"collection":[{"href":"https:\/\/www.cip-icu.ca\/fr\/wp-json\/wp\/v2\/pages"}],"about":[{"href":"https:\/\/www.cip-icu.ca\/fr\/wp-json\/wp\/v2\/types\/page"}],"author":[{"embeddable":true,"href":"https:\/\/www.cip-icu.ca\/fr\/wp-json\/wp\/v2\/users\/14"}],"replies":[{"embeddable":true,"href":"https:\/\/www.cip-icu.ca\/fr\/wp-json\/wp\/v2\/comments?post=32291"}],"version-history":[{"count":3,"href":"https:\/\/www.cip-icu.ca\/fr\/wp-json\/wp\/v2\/pages\/32291\/revisions"}],"predecessor-version":[{"id":32827,"href":"https:\/\/www.cip-icu.ca\/fr\/wp-json\/wp\/v2\/pages\/32291\/revisions\/32827"}],"up":[{"embeddable":true,"href":"https:\/\/www.cip-icu.ca\/fr\/wp-json\/wp\/v2\/pages\/32258"}],"wp:attachment":[{"href":"https:\/\/www.cip-icu.ca\/fr\/wp-json\/wp\/v2\/media?parent=32291"}],"curies":[{"name":"wp","href":"https:\/\/api.w.org\/{rel}","templated":true}]}}