{"id":32295,"date":"2024-12-09T10:31:47","date_gmt":"2024-12-09T18:31:47","guid":{"rendered":"https:\/\/www.cip-icu.ca\/emplois\/resume-database\/"},"modified":"2025-02-12T08:44:29","modified_gmt":"2025-02-12T16:44:29","slug":"base-cv","status":"publish","type":"page","link":"https:\/\/www.cip-icu.ca\/fr\/emplois\/base-cv\/","title":{"rendered":"Base de donn\u00e9es de CV"},"content":{"rendered":"\n<div style=\"height:100px\" aria-hidden=\"true\" class=\"wp-block-spacer\"><\/div>\n\n\n\n<div class=\"wp-block-columns is-layout-flex wp-container-core-columns-is-layout-9d6595d7 wp-block-columns-is-layout-flex\">\n<div class=\"wp-block-column is-layout-flow wp-block-column-is-layout-flow\" style=\"flex-basis:66.66%\">\n<h3 class=\"wp-block-heading line-heading-full\">Carrefour national d&#8217;emplois de l\u2019ICU<\/h3>\n\n\n\n<h1 class=\"wp-block-heading\"><strong><mark style=\"background-color:rgba(0, 0, 0, 0)\" class=\"has-inline-color has-blue-2-color\">Base de donn\u00e9es<\/mark><\/strong> de CV<\/h1>\n\n\n\n<p class=\"lede\">Notre base de donn\u00e9es de CV vous donne acc\u00e8s \u00e0 un r\u00e9servoir d\u2019urbanistes talentueux activement \u00e0 la recherche d&#8217;une nouvelle opportunit\u00e9. D\u00e9couvrez rapidement des candidats qualifi\u00e9s pr\u00eats \u00e0 apporter leur expertise \u00e0 votre \u00e9quipe et mettez-vous en relation avec eux. Commencez \u00e0 explorer d\u00e8s aujourd&#8217;hui et trouvez le candidat id\u00e9al pour votre organisation!<\/p>\n<\/div>\n\n\n\n<div class=\"wp-block-column is-layout-flow wp-block-column-is-layout-flow\" style=\"flex-basis:33.33%\"><\/div>\n<\/div>\n\n\n\n<div style=\"height:58px\" aria-hidden=\"true\" class=\"wp-block-spacer\"><\/div>\n\n\n<p class=\"job-manager-error\">Sorry, you do not have permission to browse resumes.<\/p>\n\n\n\n\n<div style=\"height:100px\" aria-hidden=\"true\" class=\"wp-block-spacer\"><\/div>\n","protected":false},"excerpt":{"rendered":"<p>Notre base de donn\u00e9es de CV vous donne acc\u00e8s \u00e0 un r\u00e9servoir d\u2019urbanistes talentueux activement \u00e0 la recherche d&#8217;une nouvelle opportunit\u00e9. D\u00e9couvrez rapidement des candidats&hellip;<\/p>\n","protected":false},"author":14,"featured_media":0,"parent":32258,"menu_order":6,"comment_status":"closed","ping_status":"closed","template":"","meta":{"_acf_changed":false,"footnotes":""},"class_list":["post-32295","page","type-page","status-publish","hentry"],"acf":[],"_links":{"self":[{"href":"https:\/\/www.cip-icu.ca\/fr\/wp-json\/wp\/v2\/pages\/32295","targetHints":{"allow":["GET"]}}],"collection":[{"href":"https:\/\/www.cip-icu.ca\/fr\/wp-json\/wp\/v2\/pages"}],"about":[{"href":"https:\/\/www.cip-icu.ca\/fr\/wp-json\/wp\/v2\/types\/page"}],"author":[{"embeddable":true,"href":"https:\/\/www.cip-icu.ca\/fr\/wp-json\/wp\/v2\/users\/14"}],"replies":[{"embeddable":true,"href":"https:\/\/www.cip-icu.ca\/fr\/wp-json\/wp\/v2\/comments?post=32295"}],"version-history":[{"count":2,"href":"https:\/\/www.cip-icu.ca\/fr\/wp-json\/wp\/v2\/pages\/32295\/revisions"}],"predecessor-version":[{"id":32298,"href":"https:\/\/www.cip-icu.ca\/fr\/wp-json\/wp\/v2\/pages\/32295\/revisions\/32298"}],"up":[{"embeddable":true,"href":"https:\/\/www.cip-icu.ca\/fr\/wp-json\/wp\/v2\/pages\/32258"}],"wp:attachment":[{"href":"https:\/\/www.cip-icu.ca\/fr\/wp-json\/wp\/v2\/media?parent=32295"}],"curies":[{"name":"wp","href":"https:\/\/api.w.org\/{rel}","templated":true}]}}