{"id":32304,"date":"2025-01-13T09:51:04","date_gmt":"2025-01-13T17:51:04","guid":{"rendered":"https:\/\/www.cip-icu.ca\/emplois\/submit-posting\/"},"modified":"2025-02-12T08:51:49","modified_gmt":"2025-02-12T16:51:49","slug":"soumettez-annonce","status":"publish","type":"page","link":"https:\/\/www.cip-icu.ca\/fr\/emplois\/soumettez-annonce\/","title":{"rendered":"Soumettez une annonce"},"content":{"rendered":"\n<div style=\"height:140px\" aria-hidden=\"true\" class=\"wp-block-spacer\"><\/div>\n\n\n\n<div class=\"wp-block-columns is-layout-flex wp-container-core-columns-is-layout-9d6595d7 wp-block-columns-is-layout-flex\">\n<div class=\"wp-block-column is-layout-flow wp-block-column-is-layout-flow\" style=\"flex-basis:66%\">\n<h3 class=\"wp-block-heading line-heading-full\">Carrefour national d&#8217;emplois de l\u2019ICU<\/h3>\n\n\n\n<h1 class=\"wp-block-heading\">Soumettez une <strong><mark style=\"background-color:rgba(0, 0, 0, 0)\" class=\"has-inline-color has-blue-2-color\">annonce<\/mark><\/strong><\/h1>\n\n\n\n<p class=\"lede\">Merci pour votre achat! Veuillez remplir le formulaire suivant pour soumettre votre annonce au Carrefour national d&#8217;emplois de l\u2019ICU.<\/p>\n<\/div>\n\n\n\n<div class=\"wp-block-column is-layout-flow wp-block-column-is-layout-flow\" style=\"flex-basis:33%\"><\/div>\n<\/div>\n\n\n\n<div style=\"height:40px\" aria-hidden=\"true\" class=\"wp-block-spacer\"><\/div>\n\n\n<form action=\"\/fr\/wp-json\/wp\/v2\/pages\/32304\" method=\"post\" id=\"submit-job-form\" class=\"job-manager-form\" enctype=\"multipart\/form-data\">\n\n\t\n\t\n\t\n\t\t\t<fieldset class=\"fieldset-login_required\">\n\t\t<label>Have an account?<\/label>\n\t\t<div class=\"field account-sign-in\">\n\t\t\t<a class=\"button\" href=\"https:\/\/www.cip-icu.ca\/wp-login.php?redirect_to=https%3A%2F%2Fwww.cip-icu.ca%2Ffr%2Femplois%2Fsoumettez-annonce%2F\">Sign in<\/a>\n\n\t\t\t\n\t\t\t\tIf you don&#039;t have an account you can create one below by entering your email address\/username.\t\t\t\t\t\t\t\t\tLes d\u00e9tails de votre compte seront confirm\u00e9s par e-mail.\t\t\t\t\n\t\t\t\t\t<\/div>\n\t<\/fieldset>\n\t\t\t\t<fieldset class=\"fieldset-create_account_email\">\n\t\t\t\t<label\n\t\t\t\t\tfor=\"create_account_email\">Votre courriel<\/label>\n\t\t\t\t<div class=\"field required-field draft-required\">\n\t\t\t\t\t<input type=\"text\" class=\"input-text\" name=\"create_account_email\" id=\"create_account_email\" placeholder=\"you@yourdomain.com\" value=\"\" maxlength=\"\" required \/>\n\t\t\t\t<\/div>\n\t\t\t<\/fieldset>\n\t\t\t\n\t\n\t\n\t\t<!-- Job Information Fields -->\n\t\t\n\t\t\t\t\t<fieldset class=\"fieldset-job_title fieldset-type-text\">\n\t\t\t\t<label for=\"job_title\">Titre du poste<\/label>\n\t\t\t\t<div class=\"field required-field\">\n\t\t\t\t\t<input type=\"text\" class=\"input-text\" name=\"job_title\" id=\"job_title\" placeholder=\"\" value=\"\" maxlength=\"\" required \/>\n\t\t\t\t<\/div>\n\t\t\t<\/fieldset>\n\t\t\t\t\t<fieldset class=\"fieldset-job_location fieldset-type-text\">\n\t\t\t\t<label for=\"job_location\">Lieu de l'emploi <small>(optionnel)<\/small><\/label>\n\t\t\t\t<div class=\"field \">\n\t\t\t\t\t<input type=\"text\" class=\"input-text\" name=\"job_location\" id=\"job_location\" placeholder=\"e.g. &quot;London&quot;\" value=\"\" maxlength=\"\"  \/>\n<small class=\"description\">Laissez ce champ vide si la localisation n'est pas importante<\/small>\t\t\t\t<\/div>\n\t\t\t<\/fieldset>\n\t\t\t\t\t<fieldset class=\"fieldset-job_type fieldset-type-term-multiselect\">\n\t\t\t\t<label for=\"job_type\">Type d'emploi<\/label>\n\t\t\t\t<div class=\"field required-field\">\n\t\t\t\t\t<select name='job_type[]' id='job_type' class='job-manager-category-dropdown ' multiple='multiple' data-placeholder='Choisissez le type d&#039;emploi...' data-no_results_text='No results match' data-multiple_text='Select Some Options'>\n\t<option class=\"level-0\" value=\"256\">Consultation<\/option>\n\t<option class=\"level-0\" value=\"257\">Contrat<\/option>\n\t<option class=\"level-0\" value=\"261\">Poste d&#039;\u00e9tudiant ou de stagiaire<\/option>\n\t<option class=\"level-0\" value=\"269\">Request for Proposals (RFP)<\/option>\n\t<option class=\"level-0\" value=\"259\">Stage<\/option>\n\t<option class=\"level-0\" value=\"262\">Temporaire<\/option>\n\t<option class=\"level-0\" value=\"260\">Temps partiel<\/option>\n\t<option class=\"level-0\" value=\"258\" selected=\"selected\">Temps plein<\/option>\n<\/select>\n\t\t\t\t<\/div>\n\t\t\t<\/fieldset>\n\t\t\t\t\t<fieldset class=\"fieldset-job_tags fieldset-type-term-checklist\">\n\t\t\t\t<label for=\"job_tags\">Tags de l'emploi <small>(optionnel)<\/small><\/label>\n\t\t\t\t<div class=\"field \">\n\t\t\t\t\t<ul class=\"job-manager-term-checklist job-manager-term-checklist-job_tags\">\n\n<li id='in-job_listing_tag-227-1' class=\"popular-category\"><label class=\"selectit\"><input value=\"227\" type=\"checkbox\" name=\"tax_input[job_listing_tag][]\" id=\"in-job_listing_tag-227-2\"  \/> Hybrid | Hybride<\/label><\/li>\n\n<li id='in-job_listing_tag-228-1' class=\"popular-category\"><label class=\"selectit\"><input value=\"228\" type=\"checkbox\" name=\"tax_input[job_listing_tag][]\" id=\"in-job_listing_tag-228-2\"  \/> In Office | Au bureau<\/label><\/li>\n\n<li id='in-job_listing_tag-229-1'><label class=\"selectit\"><input value=\"229\" type=\"checkbox\" name=\"tax_input[job_listing_tag][]\" id=\"in-job_listing_tag-229-2\"  \/> Remote | \u00c0 distance<\/label><\/li>\n\n<li id='in-job_listing_tag-230-1'><label class=\"selectit\"><input value=\"230\" type=\"checkbox\" name=\"tax_input[job_listing_tag][]\" id=\"in-job_listing_tag-230-2\"  \/> Request for Proposals | Demande de propositions<\/label><\/li>\n<\/ul>\n<small class=\"description\">Choisissez quelques balises, telles que les comp\u00e9tences ou les technologies requises, pour cet emploi.<\/small>\t\t\t\t<\/div>\n\t\t\t<\/fieldset>\n\t\t\t\t\t<fieldset class=\"fieldset-job_category fieldset-type-term-multiselect\">\n\t\t\t\t<label for=\"job_category\">Cat\u00e9gorie d'emploi<\/label>\n\t\t\t\t<div class=\"field required-field\">\n\t\t\t\t\t<select name='job_category[]' id='job_category' class='job-manager-category-dropdown ' multiple='multiple' data-placeholder='Choisissez une cat\u00e9gorie...' data-no_results_text='No results match' data-multiple_text='Select Some Options'>\n\t<option class=\"level-0\" value=\"254\">Agence publique<\/option>\n\t<option class=\"level-0\" value=\"251\">Autres<\/option>\n\t<option class=\"level-0\" value=\"248\">Gouvernement f\u00e9d\u00e9ral<\/option>\n\t<option class=\"level-0\" value=\"253\">Gouvernement provincial\/territorial<\/option>\n\t<option class=\"level-0\" value=\"246\">Milieu universitaire (universit\u00e9s et coll\u00e8ges)<\/option>\n\t<option class=\"level-0\" value=\"249\">Municipalit\u00e9<\/option>\n\t<option class=\"level-0\" value=\"255\">Recherche<\/option>\n\t<option class=\"level-0\" value=\"250\">Sans but lucratif<\/option>\n\t<option class=\"level-0\" value=\"252\">Secteur priv\u00e9<\/option>\n\t<option class=\"level-0\" value=\"247\">Services publics du Canada<\/option>\n<\/select>\n\t\t\t\t<\/div>\n\t\t\t<\/fieldset>\n\t\t\t\t\t<fieldset class=\"fieldset-job_description fieldset-type-wp-editor\">\n\t\t\t\t<label for=\"job_description\">Description<\/label>\n\t\t\t\t<div class=\"field required-field\">\n\t\t\t\t\t<div id=\"wp-job_description-wrap\" class=\"wp-core-ui wp-editor-wrap tmce-active\"><link rel='stylesheet' id='dashicons-css' href='https:\/\/www.cip-icu.ca\/wp-includes\/css\/dashicons.css?ver=6.9.4' media='all' \/>\n<link rel='stylesheet' id='editor-buttons-css' href='https:\/\/www.cip-icu.ca\/wp-includes\/css\/editor.css?ver=6.9.4' media='all' \/>\n<style> .mce-top-part button { background-color: rgba(0,0,0,0.0) !important; } <\/style>\n<div id=\"wp-job_description-editor-container\" class=\"wp-editor-container\"><textarea class=\"wp-editor-area\" rows=\"8\" autocomplete=\"off\" cols=\"40\" name=\"job_description\" id=\"job_description\"><\/textarea><\/div>\n<\/div>\n\n\t\t\t\t<\/div>\n\t\t\t<\/fieldset>\n\t\t\t\t\t<fieldset class=\"fieldset-job_deadline fieldset-type-date\">\n\t\t\t\t<label for=\"job_deadline\">Date de cl\u00f4ture <small>(optionnel)<\/small><\/label>\n\t\t\t\t<div class=\"field \">\n\t\t\t\t\t<input type=\"text\" class=\"input-date job-manager-datepicker\" name=\"job_deadline\" id=\"job_deadline\" placeholder=\"\" value=\"\"  \/>\n<small class=\"description\">Date limite pour les nouveaux candidats.<\/small>\t\t\t\t<\/div>\n\t\t\t<\/fieldset>\n\t\t\t\t\t<fieldset class=\"fieldset-application fieldset-type-text\">\n\t\t\t\t<label for=\"application\">Courriel\/URL de la demande<\/label>\n\t\t\t\t<div class=\"field required-field\">\n\t\t\t\t\t<input type=\"text\" class=\"input-text\" name=\"application\" id=\"application\" placeholder=\"Enter an email address or website URL\" value=\"\" maxlength=\"\" required \/>\n\t\t\t\t<\/div>\n\t\t\t<\/fieldset>\n\t\t\t\t\t<fieldset class=\"fieldset-job_salary fieldset-type-text\">\n\t\t\t\t<label for=\"job_salary\">Salaire <small>(optionnel)<\/small><\/label>\n\t\t\t\t<div class=\"field \">\n\t\t\t\t\t<input type=\"text\" class=\"input-text\" name=\"job_salary\" id=\"job_salary\" placeholder=\"e.g. 20000\" value=\"\" maxlength=\"\"  \/>\n\t\t\t\t<\/div>\n\t\t\t<\/fieldset>\n\t\t\t\t\t<fieldset class=\"fieldset-job_salary_unit fieldset-type-select\">\n\t\t\t\t<label for=\"job_salary_unit\">Unit\u00e9 de salaire <small>(optionnel)<\/small><\/label>\n\t\t\t\t<div class=\"field \">\n\t\t\t\t\t<select name=\"job_salary_unit\" id=\"job_salary_unit\"  autocomplete=\"off\">\n\t\t\t<option value=\"\" >--<\/option>\n\t\t\t<option value=\"YEAR\" >Ann\u00e9e<\/option>\n\t\t\t<option value=\"MONTH\" >Mois<\/option>\n\t\t\t<option value=\"WEEK\" >Semaine<\/option>\n\t\t\t<option value=\"DAY\" >Jour<\/option>\n\t\t\t<option value=\"HOUR\" >Heure<\/option>\n\t<\/select>\n<small class=\"description\">Ajouter une unit\u00e9 de p\u00e9riode salariale, ce champ est facultatif. Laissez-le vide pour utiliser l'unit\u00e9 de salaire par d\u00e9faut, s'il y en a une de d\u00e9finie.<\/small>\t\t\t\t<\/div>\n\t\t\t<\/fieldset>\n\t\t\n\t\t\n\t\t<!-- Company Information Fields -->\n\t\t\t\t\t<h2>D\u00e9tails de l&#039;entreprise<\/h2>\n\n\t\t\t\n\t\t\t\t\t\t\t<fieldset class=\"fieldset-company_name fieldset-type-text\">\n\t\t\t\t\t<label for=\"company_name\">Nom de l'entreprise<\/label>\n\t\t\t\t\t<div class=\"field required-field\">\n\t\t\t\t\t\t<input type=\"text\" class=\"input-text\" name=\"company_name\" id=\"company_name\" placeholder=\"Saisir le nom de l&#039;entreprise\" value=\"\" maxlength=\"\" required \/>\n\t\t\t\t\t<\/div>\n\t\t\t\t<\/fieldset>\n\t\t\t\t\t\t\t<fieldset class=\"fieldset-company_website fieldset-type-text\">\n\t\t\t\t\t<label for=\"company_website\">Site web <small>(optionnel)<\/small><\/label>\n\t\t\t\t\t<div class=\"field \">\n\t\t\t\t\t\t<input type=\"text\" class=\"input-text\" name=\"company_website\" id=\"company_website\" placeholder=\"http:\/\/\" value=\"\" maxlength=\"\"  \/>\n\t\t\t\t\t<\/div>\n\t\t\t\t<\/fieldset>\n\t\t\t\t\t\t\t<fieldset class=\"fieldset-company_tagline fieldset-type-text\">\n\t\t\t\t\t<label for=\"company_tagline\">Titre d'appel <small>(optionnel)<\/small><\/label>\n\t\t\t\t\t<div class=\"field \">\n\t\t\t\t\t\t<input type=\"text\" class=\"input-text\" name=\"company_tagline\" id=\"company_tagline\" placeholder=\"D\u00e9crivez bri\u00e8vement votre entreprise\" value=\"\" maxlength=\"64\"  \/>\n\t\t\t\t\t<\/div>\n\t\t\t\t<\/fieldset>\n\t\t\t\t\t\t\t<fieldset class=\"fieldset-company_video fieldset-type-text\">\n\t\t\t\t\t<label for=\"company_video\">Vid\u00e9o <small>(optionnel)<\/small><\/label>\n\t\t\t\t\t<div class=\"field \">\n\t\t\t\t\t\t<input type=\"text\" class=\"input-text\" name=\"company_video\" id=\"company_video\" placeholder=\"Un lien vers une vid\u00e9o sur votre entreprise\" value=\"\" maxlength=\"\"  \/>\n\t\t\t\t\t<\/div>\n\t\t\t\t<\/fieldset>\n\t\t\t\t\t\t\t<fieldset class=\"fieldset-company_twitter fieldset-type-text\">\n\t\t\t\t\t<label for=\"company_twitter\">Nom d'utilisateur de Twitter <small>(optionnel)<\/small><\/label>\n\t\t\t\t\t<div class=\"field \">\n\t\t\t\t\t\t<input type=\"text\" class=\"input-text\" name=\"company_twitter\" id=\"company_twitter\" placeholder=\"@yourcompany\" value=\"\" maxlength=\"\"  \/>\n\t\t\t\t\t<\/div>\n\t\t\t\t<\/fieldset>\n\t\t\t\t\t\t\t<fieldset class=\"fieldset-company_logo fieldset-type-file\">\n\t\t\t\t\t<label for=\"company_logo\">Logo <small>(optionnel)<\/small><\/label>\n\t\t\t\t\t<div class=\"field \">\n\t\t\t\t\t\t<div class=\"job-manager-uploaded-files\">\n\t<\/div>\n\n<input\n\ttype=\"file\"\n\tclass=\"input-text\"\n\tdata-file_types=\"jpg|jpeg|gif|png\"\n\t\t\t\t\tname=\"company_logo\"\n\tid=\"company_logo\"\n\tplaceholder=\"\"\n\/>\n<small class=\"description\">\n\t\t\tTaille maximale du fichier : 200 MB.\t<\/small>\n\t\t\t\t\t<\/div>\n\t\t\t\t<\/fieldset>\n\t\t\t\n\t\t\t\t\t\n\t\t\n\t\t<p>\n\t\t\t<input type=\"hidden\" name=\"job_manager_form\" value=\"submit-job\" \/>\n\t\t\t<input type=\"hidden\" name=\"job_id\" value=\"0\" \/>\n\t\t\t<input type=\"hidden\" name=\"step\" value=\"0\" \/>\n\t\t\t<input type=\"submit\" name=\"submit_job\" class=\"button\"\n    \t\t value=\"Avant-premi\u00e8re\" \/>\n\t\t\t<input type=\"submit\" name=\"save_draft\" class=\"button secondary save_draft\" value=\"Sauver le projet\" formnovalidate \/>\t\t\t<span class=\"spinner\" style=\"background-image: url(https:\/\/www.cip-icu.ca\/wp-includes\/images\/spinner.gif);\"><\/span>\n\t\t<\/p>\n\n\t<\/form>\n\n\n\n\n<div style=\"height:100px\" aria-hidden=\"true\" class=\"wp-block-spacer\"><\/div>\n","protected":false},"excerpt":{"rendered":"<p>Merci pour votre achat! Veuillez remplir le formulaire suivant pour soumettre votre annonce au Carrefour national d&#8217;emplois de l\u2019ICU. <form action=\"\/fr\/wp-json\/wp\/v2\/pages\/32304\" method=\"post\" id=\"submit-job-form\" class=\"job-manager-form\" enctype=\"multipart\/form-data\">\n\n\t\n\t\n\t\n\t\t\t<fieldset class=\"fieldset-login_required\">\n\t\t<label>Have an account?<\/label>\n\t\t<div class=\"field account-sign-in\">\n\t\t\t<a class=\"button\" href=\"https:\/\/www.cip-icu.ca\/wp-login.php?redirect_to=https%3A%2F%2Fwww.cip-icu.ca%2Ffr%2Femplois%2Fsoumettez-annonce%2F\">Sign in<\/a>\n\n\t\t\t\n\t\t\t\tIf you don&#039;t have an account you can create one below by entering your email address\/username.\t\t\t\t\t\t\t\t\tLes d\u00e9tails de votre compte seront confirm\u00e9s par e-mail.\t\t\t\t\n\t\t\t\t\t<\/div>\n\t<\/fieldset>\n\t\t\t\t<fieldset class=\"fieldset-create_account_email\">\n\t\t\t\t<label\n\t\t\t\t\tfor=\"create_account_email\">Votre courriel<\/label>\n\t\t\t\t<div class=\"field required-field draft-required\">\n\t\t\t\t\t<input type=\"text\" class=\"input-text\" name=\"create_account_email\" id=\"create_account_email\" placeholder=\"you@yourdomain.com\" value=\"\" maxlength=\"\" required \/>\n\t\t\t\t<\/div>\n\t\t\t<\/fieldset>\n\t\t\t\n\t\n\t\n\t\t<!-- Job Information Fields -->\n\t\t\n\t\t\t\t\t<fieldset class=\"fieldset-job_title fieldset-type-text\">\n\t\t\t\t<label for=\"job_title\">Titre du poste<\/label>\n\t\t\t\t<div class=\"field required-field\">\n\t\t\t\t\t<input type=\"text\" class=\"input-text\" name=\"job_title\" id=\"job_title\" placeholder=\"\" value=\"\" maxlength=\"\" required \/>\n\t\t\t\t<\/div>\n\t\t\t<\/fieldset>\n\t\t\t\t\t<fieldset class=\"fieldset-job_location fieldset-type-text\">\n\t\t\t\t<label for=\"job_location\">Lieu de l'emploi <small>(optionnel)<\/small><\/label>\n\t\t\t\t<div class=\"field \">\n\t\t\t\t\t<input type=\"text\" class=\"input-text\" name=\"job_location\" id=\"job_location\" placeholder=\"e.g. &quot;London&quot;\" value=\"\" maxlength=\"\"  \/>\n<small class=\"description\">Laissez ce champ vide si la localisation n'est pas importante<\/small>\t\t\t\t<\/div>\n\t\t\t<\/fieldset>\n\t\t\t\t\t<fieldset class=\"fieldset-job_type fieldset-type-term-multiselect\">\n\t\t\t\t<label for=\"job_type\">Type d'emploi<\/label>\n\t\t\t\t<div class=\"field required-field\">\n\t\t\t\t\t<select name='job_type[]' id='job_type' class='job-manager-category-dropdown ' multiple='multiple' data-placeholder='Choisissez le type d&#039;emploi...' data-no_results_text='No results match' data-multiple_text='Select Some Options'>\n\t<option class=\"level-0\" value=\"256\">Consultation<\/option>\n\t<option class=\"level-0\" value=\"257\">Contrat<\/option>\n\t<option class=\"level-0\" value=\"261\">Poste d&#039;\u00e9tudiant ou de stagiaire<\/option>\n\t<option class=\"level-0\" value=\"269\">Request for Proposals (RFP)<\/option>\n\t<option class=\"level-0\" value=\"259\">Stage<\/option>\n\t<option class=\"level-0\" value=\"262\">Temporaire<\/option>\n\t<option class=\"level-0\" value=\"260\">Temps partiel<\/option>\n\t<option class=\"level-0\" value=\"258\" selected=\"selected\">Temps plein<\/option>\n<\/select>\n\t\t\t\t<\/div>\n\t\t\t<\/fieldset>\n\t\t\t\t\t<fieldset class=\"fieldset-job_tags fieldset-type-term-checklist\">\n\t\t\t\t<label for=\"job_tags\">Tags de l'emploi <small>(optionnel)<\/small><\/label>\n\t\t\t\t<div class=\"field \">\n\t\t\t\t\t<ul class=\"job-manager-term-checklist job-manager-term-checklist-job_tags\">\n\n<li id='in-job_listing_tag-227-3' class=\"popular-category\"><label class=\"selectit\"><input value=\"227\" type=\"checkbox\" name=\"tax_input[job_listing_tag][]\" id=\"in-job_listing_tag-227-4\"  \/> Hybrid | Hybride<\/label><\/li>\n\n<li id='in-job_listing_tag-228-3' class=\"popular-category\"><label class=\"selectit\"><input value=\"228\" type=\"checkbox\" name=\"tax_input[job_listing_tag][]\" id=\"in-job_listing_tag-228-4\"  \/> In Office | Au bureau<\/label><\/li>\n\n<li id='in-job_listing_tag-229-3'><label class=\"selectit\"><input value=\"229\" type=\"checkbox\" name=\"tax_input[job_listing_tag][]\" id=\"in-job_listing_tag-229-4\"  \/> Remote | \u00c0 distance<\/label><\/li>\n\n<li id='in-job_listing_tag-230-3'><label class=\"selectit\"><input value=\"230\" type=\"checkbox\" name=\"tax_input[job_listing_tag][]\" id=\"in-job_listing_tag-230-4\"  \/> Request for Proposals | Demande de propositions<\/label><\/li>\n<\/ul>\n<small class=\"description\">Choisissez quelques balises, telles que les comp\u00e9tences ou les technologies requises, pour cet emploi.<\/small>\t\t\t\t<\/div>\n\t\t\t<\/fieldset>\n\t\t\t\t\t<fieldset class=\"fieldset-job_category fieldset-type-term-multiselect\">\n\t\t\t\t<label for=\"job_category\">Cat\u00e9gorie d'emploi<\/label>\n\t\t\t\t<div class=\"field required-field\">\n\t\t\t\t\t<select name='job_category[]' id='job_category' class='job-manager-category-dropdown ' multiple='multiple' data-placeholder='Choisissez une cat\u00e9gorie...' data-no_results_text='No results match' data-multiple_text='Select Some Options'>\n\t<option class=\"level-0\" value=\"254\">Agence publique<\/option>\n\t<option class=\"level-0\" value=\"251\">Autres<\/option>\n\t<option class=\"level-0\" value=\"248\">Gouvernement f\u00e9d\u00e9ral<\/option>\n\t<option class=\"level-0\" value=\"253\">Gouvernement provincial\/territorial<\/option>\n\t<option class=\"level-0\" value=\"246\">Milieu universitaire (universit\u00e9s et coll\u00e8ges)<\/option>\n\t<option class=\"level-0\" value=\"249\">Municipalit\u00e9<\/option>\n\t<option class=\"level-0\" value=\"255\">Recherche<\/option>\n\t<option class=\"level-0\" value=\"250\">Sans but lucratif<\/option>\n\t<option class=\"level-0\" value=\"252\">Secteur priv\u00e9<\/option>\n\t<option class=\"level-0\" value=\"247\">Services publics du Canada<\/option>\n<\/select>\n\t\t\t\t<\/div>\n\t\t\t<\/fieldset>\n\t\t\t\t\t<fieldset class=\"fieldset-job_description fieldset-type-wp-editor\">\n\t\t\t\t<label for=\"job_description\">Description<\/label>\n\t\t\t\t<div class=\"field required-field\">\n\t\t\t\t\t<div id=\"wp-job_description-wrap\" class=\"wp-core-ui wp-editor-wrap tmce-active\"><style> .mce-top-part button { background-color: rgba(0,0,0,0.0) !important; } <\/style>\n<div id=\"wp-job_description-editor-container\" class=\"wp-editor-container\"><textarea class=\"wp-editor-area\" rows=\"8\" autocomplete=\"off\" cols=\"40\" name=\"job_description\" id=\"job_description\"><\/textarea><\/div>\n<\/div>\n\n\t\t\t\t<\/div>\n\t\t\t<\/fieldset>\n\t\t\t\t\t<fieldset class=\"fieldset-job_deadline fieldset-type-date\">\n\t\t\t\t<label for=\"job_deadline\">Date de cl\u00f4ture <small>(optionnel)<\/small><\/label>\n\t\t\t\t<div class=\"field \">\n\t\t\t\t\t<input type=\"text\" class=\"input-date job-manager-datepicker\" name=\"job_deadline\" id=\"job_deadline\" placeholder=\"\" value=\"\"  \/>\n<small class=\"description\">Date limite pour les nouveaux candidats.<\/small>\t\t\t\t<\/div>\n\t\t\t<\/fieldset>\n\t\t\t\t\t<fieldset class=\"fieldset-application fieldset-type-text\">\n\t\t\t\t<label for=\"application\">Courriel\/URL de la demande<\/label>\n\t\t\t\t<div class=\"field required-field\">\n\t\t\t\t\t<input type=\"text\" class=\"input-text\" name=\"application\" id=\"application\" placeholder=\"Enter an email address or website URL\" value=\"\" maxlength=\"\" required \/>\n\t\t\t\t<\/div>\n\t\t\t<\/fieldset>\n\t\t\t\t\t<fieldset class=\"fieldset-job_salary fieldset-type-text\">\n\t\t\t\t<label for=\"job_salary\">Salaire <small>(optionnel)<\/small><\/label>\n\t\t\t\t<div class=\"field \">\n\t\t\t\t\t<input type=\"text\" class=\"input-text\" name=\"job_salary\" id=\"job_salary\" placeholder=\"e.g. 20000\" value=\"\" maxlength=\"\"  \/>\n\t\t\t\t<\/div>\n\t\t\t<\/fieldset>\n\t\t\t\t\t<fieldset class=\"fieldset-job_salary_unit fieldset-type-select\">\n\t\t\t\t<label for=\"job_salary_unit\">Unit\u00e9 de salaire <small>(optionnel)<\/small><\/label>\n\t\t\t\t<div class=\"field \">\n\t\t\t\t\t<select name=\"job_salary_unit\" id=\"job_salary_unit\"  autocomplete=\"off\">\n\t\t\t<option value=\"\" >--<\/option>\n\t\t\t<option value=\"YEAR\" >Ann\u00e9e<\/option>\n\t\t\t<option value=\"MONTH\" >Mois<\/option>\n\t\t\t<option value=\"WEEK\" >Semaine<\/option>\n\t\t\t<option value=\"DAY\" >Jour<\/option>\n\t\t\t<option value=\"HOUR\" >Heure<\/option>\n\t<\/select>\n<small class=\"description\">Ajouter une unit\u00e9 de p\u00e9riode salariale, ce champ est facultatif. Laissez-le vide pour utiliser l'unit\u00e9 de salaire par d\u00e9faut, s'il y en a une de d\u00e9finie.<\/small>\t\t\t\t<\/div>\n\t\t\t<\/fieldset>\n\t\t\n\t\t\n\t\t<!-- Company Information Fields -->\n\t\t\t\t\t<h2>D\u00e9tails de l&#039;entreprise<\/h2>\n\n\t\t\t\n\t\t\t\t\t\t\t<fieldset class=\"fieldset-company_name fieldset-type-text\">\n\t\t\t\t\t<label for=\"company_name\">Nom de l'entreprise<\/label>\n\t\t\t\t\t<div class=\"field required-field\">\n\t\t\t\t\t\t<input type=\"text\" class=\"input-text\" name=\"company_name\" id=\"company_name\" placeholder=\"Saisir le nom de l&#039;entreprise\" value=\"\" maxlength=\"\" required \/>\n\t\t\t\t\t<\/div>\n\t\t\t\t<\/fieldset>\n\t\t\t\t\t\t\t<fieldset class=\"fieldset-company_website fieldset-type-text\">\n\t\t\t\t\t<label for=\"company_website\">Site web <small>(optionnel)<\/small><\/label>\n\t\t\t\t\t<div class=\"field \">\n\t\t\t\t\t\t<input type=\"text\" class=\"input-text\" name=\"company_website\" id=\"company_website\" placeholder=\"http:\/\/\" value=\"\" maxlength=\"\"  \/>\n\t\t\t\t\t<\/div>\n\t\t\t\t<\/fieldset>\n\t\t\t\t\t\t\t<fieldset class=\"fieldset-company_tagline fieldset-type-text\">\n\t\t\t\t\t<label for=\"company_tagline\">Titre d'appel <small>(optionnel)<\/small><\/label>\n\t\t\t\t\t<div class=\"field \">\n\t\t\t\t\t\t<input type=\"text\" class=\"input-text\" name=\"company_tagline\" id=\"company_tagline\" placeholder=\"D\u00e9crivez bri\u00e8vement votre entreprise\" value=\"\" maxlength=\"64\"  \/>\n\t\t\t\t\t<\/div>\n\t\t\t\t<\/fieldset>\n\t\t\t\t\t\t\t<fieldset class=\"fieldset-company_video fieldset-type-text\">\n\t\t\t\t\t<label for=\"company_video\">Vid\u00e9o <small>(optionnel)<\/small><\/label>\n\t\t\t\t\t<div class=\"field \">\n\t\t\t\t\t\t<input type=\"text\" class=\"input-text\" name=\"company_video\" id=\"company_video\" placeholder=\"Un lien vers une vid\u00e9o sur votre entreprise\" value=\"\" maxlength=\"\"  \/>\n\t\t\t\t\t<\/div>\n\t\t\t\t<\/fieldset>\n\t\t\t\t\t\t\t<fieldset class=\"fieldset-company_twitter fieldset-type-text\">\n\t\t\t\t\t<label for=\"company_twitter\">Nom d'utilisateur de Twitter <small>(optionnel)<\/small><\/label>\n\t\t\t\t\t<div class=\"field \">\n\t\t\t\t\t\t<input type=\"text\" class=\"input-text\" name=\"company_twitter\" id=\"company_twitter\" placeholder=\"@yourcompany\" value=\"\" maxlength=\"\"  \/>\n\t\t\t\t\t<\/div>\n\t\t\t\t<\/fieldset>\n\t\t\t\t\t\t\t<fieldset class=\"fieldset-company_logo fieldset-type-file\">\n\t\t\t\t\t<label for=\"company_logo\">Logo <small>(optionnel)<\/small><\/label>\n\t\t\t\t\t<div class=\"field \">\n\t\t\t\t\t\t<div class=\"job-manager-uploaded-files\">\n\t<\/div>\n\n<input\n\ttype=\"file\"\n\tclass=\"input-text\"\n\tdata-file_types=\"jpg|jpeg|gif|png\"\n\t\t\t\t\tname=\"company_logo\"\n\tid=\"company_logo\"\n\tplaceholder=\"\"\n\/>\n<small class=\"description\">\n\t\t\tTaille maximale du fichier : 200 MB.\t<\/small>\n\t\t\t\t\t<\/div>\n\t\t\t\t<\/fieldset>\n\t\t\t\n\t\t\t\t\t\n\t\t\n\t\t<p>\n\t\t\t<input type=\"hidden\" name=\"job_manager_form\" value=\"submit-job\" \/>\n\t\t\t<input type=\"hidden\" name=\"job_id\" value=\"0\" \/>\n\t\t\t<input type=\"hidden\" name=\"step\" value=\"0\" \/>\n\t\t\t<input type=\"submit\" name=\"submit_job\" class=\"button\"\n    \t\t value=\"Avant-premi\u00e8re\" \/>\n\t\t\t<input type=\"submit\" name=\"save_draft\" class=\"button secondary save_draft\" value=\"Sauver le projet\" formnovalidate \/>\t\t\t<span class=\"spinner\" style=\"background-image: url(https:\/\/www.cip-icu.ca\/wp-includes\/images\/spinner.gif);\"><\/span>\n\t\t<\/p>\n\n\t<\/form>\n<\/p>\n","protected":false},"author":14,"featured_media":0,"parent":32258,"menu_order":7,"comment_status":"closed","ping_status":"closed","template":"","meta":{"_acf_changed":false,"footnotes":""},"class_list":["post-32304","page","type-page","status-publish","hentry"],"acf":[],"_links":{"self":[{"href":"https:\/\/www.cip-icu.ca\/fr\/wp-json\/wp\/v2\/pages\/32304","targetHints":{"allow":["GET"]}}],"collection":[{"href":"https:\/\/www.cip-icu.ca\/fr\/wp-json\/wp\/v2\/pages"}],"about":[{"href":"https:\/\/www.cip-icu.ca\/fr\/wp-json\/wp\/v2\/types\/page"}],"author":[{"embeddable":true,"href":"https:\/\/www.cip-icu.ca\/fr\/wp-json\/wp\/v2\/users\/14"}],"replies":[{"embeddable":true,"href":"https:\/\/www.cip-icu.ca\/fr\/wp-json\/wp\/v2\/comments?post=32304"}],"version-history":[{"count":2,"href":"https:\/\/www.cip-icu.ca\/fr\/wp-json\/wp\/v2\/pages\/32304\/revisions"}],"predecessor-version":[{"id":32306,"href":"https:\/\/www.cip-icu.ca\/fr\/wp-json\/wp\/v2\/pages\/32304\/revisions\/32306"}],"up":[{"embeddable":true,"href":"https:\/\/www.cip-icu.ca\/fr\/wp-json\/wp\/v2\/pages\/32258"}],"wp:attachment":[{"href":"https:\/\/www.cip-icu.ca\/fr\/wp-json\/wp\/v2\/media?parent=32304"}],"curies":[{"name":"wp","href":"https:\/\/api.w.org\/{rel}","templated":true}]}}