{"id":37338,"date":"2025-06-17T11:36:49","date_gmt":"2025-06-17T18:36:49","guid":{"rendered":"https:\/\/www.cip-icu.ca\/college-des-boursiers\/imagining-canada-2100\/"},"modified":"2025-07-04T12:20:52","modified_gmt":"2025-07-04T19:20:52","slug":"imaginer-canada-2100","status":"publish","type":"page","link":"https:\/\/www.cip-icu.ca\/fr\/college-des-fellows\/imaginer-canada-2100\/","title":{"rendered":"Imaginer le Canada en 2100"},"content":{"rendered":"\n<div style=\"height:140px\" aria-hidden=\"true\" class=\"wp-block-spacer\"><\/div>\n\n\n\n<div class=\"wp-block-columns is-layout-flex wp-container-core-columns-is-layout-9d6595d7 wp-block-columns-is-layout-flex\">\n<div class=\"wp-block-column is-layout-flow wp-block-column-is-layout-flow\">\n<div class=\"wp-block-columns is-layout-flex wp-container-core-columns-is-layout-9d6595d7 wp-block-columns-is-layout-flex\">\n<div class=\"wp-block-column is-layout-flow wp-block-column-is-layout-flow\">\n<h3 class=\"wp-block-heading line-heading-full\">Un rapport pr\u00e9par\u00e9 par le Coll\u00e8ge des Fellows<\/h3>\n\n\n\n<h1 class=\"wp-block-heading\">Le Canada en <strong><mark style=\"background-color:rgba(0, 0, 0, 0)\" class=\"has-inline-color has-blue-2-color\">2100<\/mark><\/strong><\/h1>\n\n\n\n<p class=\"lede\"><strong><strong>Une vision audacieuse du r\u00f4le de l\u2019urbanisme dans la r\u00e9alisation d&#8217;une prosp\u00e9rit\u00e9 durable<\/strong><\/strong><\/p>\n\n\n\n<p>Dans la perspective de l&#8217;ann\u00e9e 2100, ce rapport pr\u00e9par\u00e9 par le Coll\u00e8ge des Fellows pr\u00e9sente une occasion unique pour l&#8217;Institut canadien des urbanistes et ses membres de rafra\u00eechir et d&#8217;\u00e9lever le r\u00f4le de l&#8217;urbanisme au Canada.<\/p>\n\n\n\n<div class=\"wp-block-file\"><a id=\"wp-block-file--media-916f3ad4-a60a-43e6-8abd-b65dc0693f56\" href=\"https:\/\/www.cip-icu.ca\/wp-content\/uploads\/2025\/06\/Canada-in-2100-Short-Paper-Final-FR.pdf\">Imaginer le Canada en 2100<\/a><a href=\"https:\/\/www.cip-icu.ca\/wp-content\/uploads\/2025\/06\/Canada-in-2100-Short-Paper-Final-FR.pdf\" class=\"wp-block-file__button wp-element-button\" download aria-describedby=\"wp-block-file--media-916f3ad4-a60a-43e6-8abd-b65dc0693f56\"><mark style=\"background-color:rgba(0, 0, 0, 0)\" class=\"has-inline-color has-white-color\">T\u00e9l\u00e9charger<\/mark><\/a><\/div>\n<\/div>\n\n\n\n<div class=\"wp-block-column is-layout-flow wp-block-column-is-layout-flow\"><\/div>\n<\/div>\n<\/div>\n<\/div>\n\n\n\n<div style=\"height:25px\" aria-hidden=\"true\" class=\"wp-block-spacer\"><\/div>\n\n\n\n<p>L&#8217;AGA du Coll\u00e8ge des Fellows \u00e0 l&#8217;automne 2023 s&#8217;est av\u00e9r\u00e9e \u00eatre un \u00e9v\u00e9nement charni\u00e8re pour le Coll\u00e8ge. Sous la direction des copr\u00e9sidents Paul Bedford (Toronto, Ontario) et Mark Holland (Victoria, C.-B.), deux initiatives \u00e0 long terme ont vu le jour&nbsp;: la \u00ab&nbsp;Biblioth\u00e8que num\u00e9rique de l\u2019urbanisme canadien&nbsp;\u00bb et \u00ab&nbsp;Imaginer le Canada en 2100&nbsp;\u00bb. Cette d\u00e9claration se r\u00e9f\u00e8re \u00e0 cette derni\u00e8re.<\/p>\n\n\n\n<p>Une version pr\u00e9liminaire du rapport ci-joint, <em>\u00ab&nbsp;<\/em><em>Le Canada en 2&nbsp;100&nbsp;: une vision audacieuse du r\u00f4le de l&#8217;urbanisme dans la r\u00e9alisation d&#8217;une prosp\u00e9rit\u00e9 durable&nbsp;\u00bb, <\/em>a \u00e9t\u00e9 pr\u00e9sent\u00e9e au conseil d&#8217;administration de l&#8217;ICU par Paul Bedford en f\u00e9vrier 2025. La troisi\u00e8me partie du rapport pr\u00e9sente une s\u00e9rie de recommandations du Coll\u00e8ge pour faire avancer le projet Canada 2&nbsp;100.<\/p>\n\n\n\n<p>Le rapport sur la \u00ab\u00a0vision audacieuse\u00a0\u00bb est une version condens\u00e9e d&#8217;un <a href=\"https:\/\/www.cip-icu.ca\/wp-content\/uploads\/2025\/06\/finalfoundationalpaperdocx.pdf\" target=\"_blank\" rel=\"noreferrer noopener\">document plus long et fondamental<\/a> pr\u00e9par\u00e9 par les membres du Coll\u00e8ge, \u00ab\u00a0<a href=\"https:\/\/www.cip-icu.ca\/wp-content\/uploads\/2025\/06\/finalfoundationalpaperdocx.pdf\" target=\"_blank\" rel=\"noreferrer noopener\">Imaginer le Canada en 2\u00a0100<\/a>\u00a0\u00bb, qui a \u00e9t\u00e9 diffus\u00e9 pour la premi\u00e8re fois pour discussion au sein du Coll\u00e8ge en janvier 2025.<\/p>\n\n\n\n<p>Ces deux documents ont \u00e9t\u00e9 pr\u00e9par\u00e9s sous les auspices d&#8217;un groupe de pilotage dirig\u00e9 par John Farrow et compos\u00e9 de Paul Bedford, Melanie Hare, Russell Mathew, Eric Turcotte et Glenn Miller. Le contenu des rapports est toutefois le fruit du travail de 25 Fellows repr\u00e9sentant toutes les r\u00e9gions du Canada (compl\u00e9t\u00e9 par des contributions de membres de l\u2019ICU dans les r\u00e9gions o\u00f9 il n&#8217;y avait pas de Fellows).<\/p>\n\n\n\n<p>Ce projet est n\u00e9 de la constatation que les d\u00e9cisions prises par les instances sup\u00e9rieures du gouvernement en mati\u00e8re d&#8217;immigration et d&#8217;autres politiques d&#8217;une importance cruciale pour l&#8217;avenir \u00e0 long terme de nos communaut\u00e9s sont prises sans que la profession d&#8217;urbaniste n&#8217;y apporte une contribution importante. L&#8217;un des principaux objectifs de l&#8217;initiative \u00ab&nbsp;Le Canada en 2&nbsp;100&nbsp;\u00bb est donc de faciliter le r\u00f4le de l&#8217;ICU en tant que chef de file de la profession pour collaborer avec le gouvernement, les chefs d&#8217;entreprise et d&#8217;autres institutions cl\u00e9s qui prennent des d\u00e9cisions qui fa\u00e7onneront le Canada sur le plan \u00e9conomique, social et environnemental pour la g\u00e9n\u00e9ration d&#8217;aujourd&#8217;hui et celles qui suivront.<\/p>\n\n\n\n<p>L&#8217;une des forces de notre profession est sa large assise et sa capacit\u00e9 \u00e0 accueillir une grande vari\u00e9t\u00e9 de perspectives; cela se refl\u00e8te dans l&#8217;\u00e9tendue des points de vue pr\u00e9sent\u00e9s et dans l&#8217;objectif d\u00e9lib\u00e9r\u00e9, non pas d&#8217;offrir des prescriptions, mais d&#8217;encourager nos coll\u00e8gues professionnels \u00e0 penser et \u00e0 agir diff\u00e9remment, \u00e0 plus long terme et avec un objectif.<\/p>\n\n\n\n<p><strong>Au nom du groupe de pilotage de Canada 2&nbsp;100&nbsp;: John Farrow, UPC, FICU et Glenn Miller, FICU<\/strong><\/p>\n\n\n\n<div data-wp-interactive=\"core\/file\" class=\"wp-block-file\"><object data-wp-bind--hidden=\"!state.hasPdfPreview\" hidden class=\"wp-block-file__embed\" data=\"https:\/\/www.cip-icu.ca\/wp-content\/uploads\/2025\/06\/Canada-in-2100-Short-Paper-Final-FR.pdf\" type=\"application\/pdf\" style=\"width:100%;height:600px\" aria-label=\"Embed of Imaginer le Canada en 2100.\"><\/object><a id=\"wp-block-file--media-281853af-d0c7-4438-8eee-a1922e19b2e0\" href=\"https:\/\/www.cip-icu.ca\/wp-content\/uploads\/2025\/06\/Canada-in-2100-Short-Paper-Final-FR.pdf\">Imaginer le Canada en 2100<\/a><a href=\"https:\/\/www.cip-icu.ca\/wp-content\/uploads\/2025\/06\/Canada-in-2100-Short-Paper-Final-FR.pdf\" class=\"wp-block-file__button wp-element-button\" download aria-describedby=\"wp-block-file--media-281853af-d0c7-4438-8eee-a1922e19b2e0\"><mark style=\"background-color:rgba(0, 0, 0, 0)\" class=\"has-inline-color has-white-color\">T\u00e9l\u00e9charger<\/mark><\/a><\/div>\n\n\n\n<div style=\"height:100px\" aria-hidden=\"true\" class=\"wp-block-spacer\"><\/div>\n","protected":false},"excerpt":{"rendered":"<p>Dans la perspective de l&#8217;ann\u00e9e 2100, ce rapport pr\u00e9par\u00e9 par le Coll\u00e8ge des Fellows pr\u00e9sente une occasion unique pour l&#8217;Institut canadien des urbanistes et ses membres de rafra\u00eechir et d&#8217;\u00e9lever le r\u00f4le de l&#8217;urbanisme au Canada.<\/p>\n","protected":false},"author":14,"featured_media":0,"parent":22250,"menu_order":0,"comment_status":"closed","ping_status":"closed","template":"","meta":{"_acf_changed":false,"footnotes":""},"class_list":["post-37338","page","type-page","status-publish","hentry"],"acf":[],"_links":{"self":[{"href":"https:\/\/www.cip-icu.ca\/fr\/wp-json\/wp\/v2\/pages\/37338","targetHints":{"allow":["GET"]}}],"collection":[{"href":"https:\/\/www.cip-icu.ca\/fr\/wp-json\/wp\/v2\/pages"}],"about":[{"href":"https:\/\/www.cip-icu.ca\/fr\/wp-json\/wp\/v2\/types\/page"}],"author":[{"embeddable":true,"href":"https:\/\/www.cip-icu.ca\/fr\/wp-json\/wp\/v2\/users\/14"}],"replies":[{"embeddable":true,"href":"https:\/\/www.cip-icu.ca\/fr\/wp-json\/wp\/v2\/comments?post=37338"}],"version-history":[{"count":5,"href":"https:\/\/www.cip-icu.ca\/fr\/wp-json\/wp\/v2\/pages\/37338\/revisions"}],"predecessor-version":[{"id":37478,"href":"https:\/\/www.cip-icu.ca\/fr\/wp-json\/wp\/v2\/pages\/37338\/revisions\/37478"}],"up":[{"embeddable":true,"href":"https:\/\/www.cip-icu.ca\/fr\/wp-json\/wp\/v2\/pages\/22250"}],"wp:attachment":[{"href":"https:\/\/www.cip-icu.ca\/fr\/wp-json\/wp\/v2\/media?parent=37338"}],"curies":[{"name":"wp","href":"https:\/\/api.w.org\/{rel}","templated":true}]}}