{"id":40654,"date":"2025-11-25T09:41:51","date_gmt":"2025-11-25T14:41:51","guid":{"rendered":"https:\/\/www.cip-icu.ca\/benevole\/housing-education-working-group-application\/"},"modified":"2025-12-16T09:32:43","modified_gmt":"2025-12-16T14:32:43","slug":"groupe-travail-education-logement","status":"publish","type":"page","link":"https:\/\/www.cip-icu.ca\/fr\/benevole\/groupe-travail-education-logement\/","title":{"rendered":"Groupe de travail de l&#8217;\u00e9ducation au logement"},"content":{"rendered":"\n<div class=\"wp-block-columns are-vertically-aligned-center is-layout-flex wp-container-core-columns-is-layout-9d6595d7 wp-block-columns-is-layout-flex\">\n<div class=\"wp-block-column is-vertically-aligned-center is-layout-flow wp-block-column-is-layout-flow\" style=\"flex-basis:60%\">\n<div style=\"height:140px\" aria-hidden=\"true\" class=\"wp-block-spacer\"><\/div>\n\n\n\n<h3 class=\"wp-block-heading line-heading-full\">B\u00e9n\u00e9vole<\/h3>\n\n\n\n<h1 class=\"wp-block-heading\">Groupe de travail de l&#8217;<strong><mark style=\"background-color:rgba(0, 0, 0, 0)\" class=\"has-inline-color has-accent-color\">\u00e9ducation<\/mark><\/strong> au logement<\/h1>\n\n\n\n<p class=\"lede\">L\u2019ICU est heureux d&#8217;annoncer la cr\u00e9ation d&#8217;un nouveau groupe de travail, petit et agile, charg\u00e9 de prodiguer des conseils sur des programmes d&#8217;\u00e9tudes visant des modules d&#8217;apprentissage en ligne dans le cadre d&#8217;une communaut\u00e9 de pratique nationale sur le logement.<\/p>\n\n\n\n<p>Pour ce groupe de travail, l\u2019ICU recherche des b\u00e9n\u00e9voles poss\u00e9dant&nbsp;:<\/p>\n\n\n\n<ul class=\"wp-block-list\">\n<li>Une expertise dans le domaine de la planification du logement<\/li>\n\n\n\n<li>Une exp\u00e9rience dans l&#8217;enseignement ou la formation professionnelle<\/li>\n\n\n\n<li>Une exp\u00e9rience pr\u00e9alable dans la cr\u00e9ation d&#8217;outils d&#8217;apprentissage en ligne est un atout<\/li>\n\n\n\n<li>Le bilinguisme est un atout<\/li>\n<\/ul>\n<\/div>\n\n\n\n<div class=\"wp-block-column is-vertically-aligned-center is-layout-flow wp-block-column-is-layout-flow\"><\/div>\n<\/div>\n\n\n\n<p>Gr\u00e2ce \u00e0 cette communaut\u00e9 de pratique, l\u2019ICU renforcera le r\u00f4le de la profession dans la politique, le d\u00e9veloppement et la mise en \u0153uvre du logement, en veillant \u00e0 ce que les urbanistes contribuent efficacement aux mesures visant \u00e0 r\u00e9pondre aux besoins locaux et nationaux en mati\u00e8re de logement. La communaut\u00e9 de pratique nationale sur le logement fournira aux urbanistes la formation, les ressources, les donn\u00e9es et les r\u00e9seaux dont ils ont besoin pour renforcer leurs capacit\u00e9s, proposer des solutions cr\u00e9atives et r\u00e9pondre efficacement \u00e0 la crise du logement dans le cadre de leur travail.<\/p>\n\n\n\n<p>Le groupe de travail sur l&#8217;\u00e9ducation au logement aura pour mission de&nbsp;:<\/p>\n\n\n\n<ul class=\"wp-block-list\">\n<li>D\u00e9velopper des modules d&#8217;apprentissage en ligne qui favorisent les meilleures pratiques en mati\u00e8re de logement<\/li>\n\n\n\n<li>Identifier des \u00e9tudes de cas et des ressources qui soutiennent ces modules d&#8217;apprentissage<\/li>\n\n\n\n<li>Informer l\u2019ICU sur le d\u00e9veloppement d&#8217;une communaut\u00e9 nationale de pratique en mati\u00e8re de planification du logement qui favorise l&#8217;\u00e9change de connaissances entre les professionnels de l\u2019urbanisme de tout le pays<\/li>\n<\/ul>\n\n\n\n<p>Le temps total estim\u00e9 \u00e0 consacrer \u00e0 cette activit\u00e9 est de 25&nbsp;\u00e0 30&nbsp;heures entre le 5&nbsp;janvier et le 27&nbsp;mars&nbsp;2026. Les membres doivent \u00eatre disponibles pour une r\u00e9union de lancement de deux heures au cours de la semaine du 12&nbsp;janvier&nbsp;2026.<\/p>\n\n\n\n<p>Pour en savoir plus sur le groupe de travail sur l&#8217;\u00e9ducation au logement, consultez le mandat ici.<\/p>\n\n\n\n<div class=\"wp-block-file\"><a id=\"wp-block-file--media-c04c9188-310b-484d-ac9a-3601b88e282c\" href=\"https:\/\/www.cip-icu.ca\/wp-content\/uploads\/2025\/11\/CMHC-Project-Working-Group-TOR-FINAL-FR.pdf\">Groupe de travail sur l&#8217;\u00e9ducation au logement Mandat<\/a><a href=\"https:\/\/www.cip-icu.ca\/wp-content\/uploads\/2025\/11\/CMHC-Project-Working-Group-TOR-FINAL-FR.pdf\" class=\"wp-block-file__button wp-element-button\" download aria-describedby=\"wp-block-file--media-c04c9188-310b-484d-ac9a-3601b88e282c\"><mark style=\"background-color:rgba(0, 0, 0, 0)\" class=\"has-inline-color has-white-color\">Download<\/mark><\/a><\/div>\n\n\n\n<div style=\"height:10px\" aria-hidden=\"true\" class=\"wp-block-spacer\"><\/div>\n\n\n\n<p><strong>Date limite de candidature&nbsp;: 12&nbsp;d\u00e9cembre&nbsp;2025 \u00e0 23&nbsp;h&nbsp;59 HP<\/strong><\/p>\n\n\n\n<p class=\"has-small-font-size\">Les candidats retenus seront inform\u00e9s avant le 19&nbsp;d\u00e9cembre&nbsp;2025.<\/p>\n\n\n\n<p class=\"has-small-font-size\"><em>*Remarque : la langue de travail des postes de b\u00e9n\u00e9voles de l\u2019ICU est l&#8217;anglais.<\/em><\/p>\n\n\n\n<div style=\"height:40px\" aria-hidden=\"true\" class=\"wp-block-spacer\"><\/div>\n\n\n\n<h3 class=\"wp-block-heading\">Ce formulaire est d\u00e9sormais ferm\u00e9.<\/h3>\n\n\n\n<div style=\"height:100px\" aria-hidden=\"true\" class=\"wp-block-spacer\"><\/div>\n","protected":false},"excerpt":{"rendered":"<p>The Housing Education Working Group is responsible for advancing the Canadian Institute of Planners\u2019 (CIP) National Planning Community of Practice on Housing by developing content curricula for four online learning modules. <\/p>\n","protected":false},"author":14,"featured_media":38839,"parent":22136,"menu_order":0,"comment_status":"closed","ping_status":"closed","template":"","meta":{"_acf_changed":false,"footnotes":""},"class_list":["post-40654","page","type-page","status-publish","has-post-thumbnail","hentry"],"acf":[],"_links":{"self":[{"href":"https:\/\/www.cip-icu.ca\/fr\/wp-json\/wp\/v2\/pages\/40654","targetHints":{"allow":["GET"]}}],"collection":[{"href":"https:\/\/www.cip-icu.ca\/fr\/wp-json\/wp\/v2\/pages"}],"about":[{"href":"https:\/\/www.cip-icu.ca\/fr\/wp-json\/wp\/v2\/types\/page"}],"author":[{"embeddable":true,"href":"https:\/\/www.cip-icu.ca\/fr\/wp-json\/wp\/v2\/users\/14"}],"replies":[{"embeddable":true,"href":"https:\/\/www.cip-icu.ca\/fr\/wp-json\/wp\/v2\/comments?post=40654"}],"version-history":[{"count":4,"href":"https:\/\/www.cip-icu.ca\/fr\/wp-json\/wp\/v2\/pages\/40654\/revisions"}],"predecessor-version":[{"id":40839,"href":"https:\/\/www.cip-icu.ca\/fr\/wp-json\/wp\/v2\/pages\/40654\/revisions\/40839"}],"up":[{"embeddable":true,"href":"https:\/\/www.cip-icu.ca\/fr\/wp-json\/wp\/v2\/pages\/22136"}],"wp:featuredmedia":[{"embeddable":true,"href":"https:\/\/www.cip-icu.ca\/fr\/wp-json\/wp\/v2\/media\/38839"}],"wp:attachment":[{"href":"https:\/\/www.cip-icu.ca\/fr\/wp-json\/wp\/v2\/media?parent=40654"}],"curies":[{"name":"wp","href":"https:\/\/api.w.org\/{rel}","templated":true}]}}