{"id":41701,"date":"2026-01-27T13:08:29","date_gmt":"2026-01-27T18:08:29","guid":{"rendered":"https:\/\/www.cip-icu.ca\/?page_id=41701"},"modified":"2026-03-09T08:53:01","modified_gmt":"2026-03-09T12:53:01","slug":"programme-des-futurs-urbanistes","status":"publish","type":"page","link":"https:\/\/www.cip-icu.ca\/fr\/programme-des-futurs-urbanistes\/","title":{"rendered":"Programme des futurs urbanistes"},"content":{"rendered":"\n<div style=\"height:140px\" aria-hidden=\"true\" class=\"wp-block-spacer\"><\/div>\n\n\n\n<div class=\"wp-block-columns is-layout-flex wp-container-core-columns-is-layout-9d6595d7 wp-block-columns-is-layout-flex\">\n<div class=\"wp-block-column is-layout-flow wp-block-column-is-layout-flow\" style=\"flex-basis:60%\">\n<h3 class=\"wp-block-heading line-heading-full\">Soutien \u00e0 la carri\u00e8re pour la vie <\/h3>\n\n\n\n<h1 class=\"wp-block-heading has-black-color has-text-color\">Programme des <strong><mark style=\"background-color:rgba(0, 0, 0, 0)\" class=\"has-inline-color has-orange-color\">futurs<\/mark><\/strong> urbanistes<\/h1>\n\n\n\n<p class=\"lede\">Le programme des futurs urbanistes de l\u2019ICU est un programme interactif con\u00e7u pour doter les \u00e9tudiants dipl\u00f4m\u00e9s des connaissances et des comp\u00e9tences dont ils ont besoin pour bien d\u00e9marrer leur carri\u00e8re dans le domaine de l&#8217;urbanisme.<\/p>\n\n\n\n<div style=\"height:40px\" aria-hidden=\"true\" class=\"wp-block-spacer\"><\/div>\n\n\n\n<h2 class=\"wp-block-heading\">Aper\u00e7u du programme<\/h2>\n\n\n\n<p>Les \u00e9tudiants dipl\u00f4m\u00e9s en urbanisme entrent souvent sur le march\u00e9 du travail avec de solides connaissances acad\u00e9miques, mais une exp\u00e9rience limit\u00e9e de la r\u00e9alit\u00e9 du march\u00e9 de l&#8217;emploi et de la pratique professionnelle dans ce domaine. Le programme des futurs urbanistes comble cette lacune en clarifiant les parcours professionnels, en renfor\u00e7ant les comp\u00e9tences en mati\u00e8re de recherche d&#8217;emploi et en mettant les \u00e9tudiants en relation avec la communaut\u00e9 nationale des urbanistes \u00e0 un moment critique de leur transition. <\/p>\n\n\n\n<p><a id=\"_msocom_1\"><\/a><\/p>\n<\/div>\n\n\n\n<div class=\"wp-block-column is-layout-flow wp-block-column-is-layout-flow\" style=\"flex-basis:33.33%\"><div class=\"wp-block-image\">\n<figure class=\"aligncenter size-full is-resized\"><img loading=\"lazy\" decoding=\"async\" width=\"1801\" height=\"1801\" src=\"https:\/\/www.cip-icu.ca\/wp-content\/uploads\/2026\/01\/FPP-2026@3x.png\" alt=\"\" class=\"wp-image-41685\" style=\"width:284px;height:auto\" srcset=\"https:\/\/www.cip-icu.ca\/wp-content\/uploads\/2026\/01\/FPP-2026@3x.png 1801w, https:\/\/www.cip-icu.ca\/wp-content\/uploads\/2026\/01\/FPP-2026@3x-636x636.png 636w, https:\/\/www.cip-icu.ca\/wp-content\/uploads\/2026\/01\/FPP-2026@3x-1296x1296.png 1296w, https:\/\/www.cip-icu.ca\/wp-content\/uploads\/2026\/01\/FPP-2026@3x-160x160.png 160w, https:\/\/www.cip-icu.ca\/wp-content\/uploads\/2026\/01\/FPP-2026@3x-768x768.png 768w, https:\/\/www.cip-icu.ca\/wp-content\/uploads\/2026\/01\/FPP-2026@3x-1536x1536.png 1536w, https:\/\/www.cip-icu.ca\/wp-content\/uploads\/2026\/01\/FPP-2026@3x-300x300.png 300w, https:\/\/www.cip-icu.ca\/wp-content\/uploads\/2026\/01\/FPP-2026@3x-600x600.png 600w, https:\/\/www.cip-icu.ca\/wp-content\/uploads\/2026\/01\/FPP-2026@3x-100x100.png 100w\" sizes=\"auto, (max-width: 1801px) 100vw, 1801px\" \/><\/figure>\n<\/div>\n\n\n<p class=\"has-text-align-center\"><\/p>\n<\/div>\n<\/div>\n\n\n\n<p>Le programme des futurs urbanistes est une initiative nationale de d\u00e9veloppement professionnel bas\u00e9e sur des cohortes, con\u00e7ue pour aider les \u00e9tudiants dipl\u00f4m\u00e9s dans leur transition entre le monde universitaire et la profession d&#8217;urbaniste. Gr\u00e2ce \u00e0 ce programme, les \u00e9tudiants profiteront d&#8217;une orientation professionnelle pratique, d&#8217;une exposition aux opportunit\u00e9s nationales en urbanisme et d&#8217;un acc\u00e8s pr\u00e9coce \u00e0 des r\u00e9seaux professionnels qui favorisent le d\u00e9veloppement de carri\u00e8re \u00e0 long terme et la progression vers la certification professionnelle. Le programme comprend les \u00e9l\u00e9ments suivants :  <\/p>\n\n\n\n<ul class=\"wp-block-list\">\n<li>Des modules de webinaires de base anim\u00e9s par des praticiens et des professionnels de l&#8217;urbanisme, couvrant des sujets tels que :\n<ul class=\"wp-block-list\">\n<li>Le parcours vers le titre de planificateur professionnel certifi\u00e9 (UPC)<\/li>\n\n\n\n<li>Explorer les carri\u00e8res en urbanisme : comprendre le march\u00e9 du travail au Canada<\/li>\n\n\n\n<li>Obtenir un emploi : r\u00e9diger son CV, sa lettre de motivation et d\u00e9velopper ses comp\u00e9tences en mati\u00e8re d&#8217;entretien<\/li>\n<\/ul>\n<\/li>\n\n\n\n<li>Programme sp\u00e9cialis\u00e9 lors du congr\u00e8s national de l&#8217;ICU (sans frais pour les participants)<\/li>\n\n\n\n<li>Discussion finale en ligne<\/li>\n<\/ul>\n\n\n\n<p>\u00c0 l&#8217;issue du programme, les participants auront acquis les connaissances pratiques, les outils et les r\u00e9seaux n\u00e9cessaires pour postuler en toute confiance \u00e0 des postes de d\u00e9butants en urbanisme partout au Canada et commencer leur parcours vers l&#8217;obtention d&#8217;une certification professionnelle. Les participants recevront \u00e9galement un <a href=\"https:\/\/www.cip-icu.ca\/fr\/badges-numeriques\/\" data-type=\"page\" data-id=\"16338\">insigne num\u00e9rique<\/a> de l&#8217;ICU qui atteste des connaissances et des comp\u00e9tences acquises dans le cadre du programme. <\/p>\n\n\n\n<div style=\"height:41px\" aria-hidden=\"true\" class=\"wp-block-spacer\"><\/div>\n\n\n\n<h2 class=\"wp-block-heading\">Calendrier du programme 2026<\/h2>\n\n\n\n<p>Le programme des futurs urbanistes permet aux participants de d\u00e9couvrir de premi\u00e8re main la profession d\u2019urbaniste gr\u00e2ce \u00e0 trois modules interactifs, au contenu de la conf\u00e9rence en personne et \u00e0 une r\u00e9union finale apr\u00e8s la conf\u00e9rence.<\/p>\n\n\n\n<ul class=\"wp-block-list\">\n<li>Les trois modules en ligne du programme sont g\u00e9n\u00e9ralement programm\u00e9s \u00e0 un mois d&#8217;intervalle avant le congr\u00e8s national de l&#8217;ICU.<\/li>\n\n\n\n<li>Le congr\u00e8s national de cette ann\u00e9e, intitul\u00e9 <a href=\"https:\/\/site.pheedloop.com\/event\/fusion2026\/home\">FUSION<\/a>, se tiendra \u00e0 Montr\u00e9al <strong>du 7 au 9 juillet 2026<\/strong>. Lors de la conf\u00e9rence, les participants recevront : \n<ul class=\"wp-block-list\">\n<li>Un programme de conf\u00e9rences personnalis\u00e9, adapt\u00e9 aux objectifs professionnels<\/li>\n\n\n\n<li>Une participation \u00e0 des s\u00e9ances anim\u00e9es par des dirigeants reconnus dans le domaine de l\u2019urbanisme, offrant un aper\u00e7u des styles de leadership, des parcours professionnels et des pratiques d\u2019urbanisme dans le monde r\u00e9el<\/li>\n\n\n\n<li>Des occasions de r\u00e9seautage cibl\u00e9es, notamment des rencontres avec des mentors, des ateliers sur la r\u00e9daction de CV et des d\u00e9jeuners avec le conseil d&#8217;administration de l\u2019ICU<\/li>\n\n\n\n<li>Des occasions d\u00e9di\u00e9es pour \u00e9tablir des relations professionnelles importantes et durables avec des pairs et des urbanistes \u00e9tablis de partout au Canada.<\/li>\n<\/ul>\n<\/li>\n<\/ul>\n\n\n\n<p>Remarque : la pr\u00e9sence physique pendant toute la journ\u00e9e du <strong>6 juillet 2026<\/strong> est obligatoire pour les ateliers pr\u00e9conf\u00e9rence et les \u00e9v\u00e9nements de r\u00e9seautage, qui sont obligatoires pour tous les participants.<\/p>\n\n\n\n<p>Tous les participants sont tenus de s\u2019engager \u00e0 suivre l\u2019int\u00e9gralit\u00e9 du programme, y compris \u00e0 assister en personne \u00e0 la conf\u00e9rence nationale du l\u2019ICU, car le programme est con\u00e7u pour \u00eatre interactif, progressif et it\u00e9ratif.<\/p>\n\n\n\n<p>Les frais d&#8217;inscription au congr\u00e8s, d&#8217;h\u00e9bergement et de d\u00e9placement des participants seront enti\u00e8rement pris en charge par le personnel de l\u2019ICU. Toutes les d\u00e9penses suppl\u00e9mentaires ou accessoires (comme les repas non inclus dans le congr\u00e8s, les d\u00e9placements personnels, les surclassements ou autres frais discr\u00e9tionnaires) seront \u00e0 la charge du participant. <\/p>\n\n\n\n<p>Les r\u00e9servations et l&#8217;organisation du voyage et de l&#8217;h\u00e9bergement seront coordonn\u00e9es par l\u2019ICU. Bien que nous fassions tout notre possible pour r\u00e9pondre aux besoins et aux pr\u00e9f\u00e9rences des participants, nous conservons toute latitude pour l&#8217;organisation du voyage et le choix de l&#8217;h\u00e9bergement. <\/p>\n\n\n\n<div style=\"height:40px\" aria-hidden=\"true\" class=\"wp-block-spacer\"><\/div>\n\n\n\n<div class=\"wp-block-columns is-layout-flex wp-container-core-columns-is-layout-9d6595d7 wp-block-columns-is-layout-flex\">\n<div class=\"wp-block-column is-layout-flow wp-block-column-is-layout-flow\">\n<h3 class=\"wp-block-heading\">Candidature<\/h3>\n\n\n\n<p>Il y a un processus de candidature annuel et les places sont limit\u00e9es. Veuillez noter que le programme est en anglais. L&#8217;adh\u00e9sion \u00e0 l\u2019ICU comme \u00e9tudiant est obligatoire.  <\/p>\n\n\n\n<p>Les candidats doivent \u00eatre \u00e2g\u00e9s d&#8217;au moins 18 ans au d\u00e9but du programme et \u00eatre en derni\u00e8re ann\u00e9e d&#8217;\u00e9tudes dans un \u00e9tablissement d&#8217;enseignement sup\u00e9rieur canadien. Jusqu&#8217;\u00e0 10 candidats peuvent \u00eatre accept\u00e9s dans le programme. <\/p>\n\n\n\n<p><strong>Les candidatures sont d\u00e9sormais closes.<\/strong><\/p>\n\n\n\n<p><em>Les candidats seront inform\u00e9s du statut de leur candidature d&#8217;ici la fin du mois de mars.<\/em><\/p>\n<\/div>\n\n\n\n<div class=\"wp-block-column is-layout-flow wp-block-column-is-layout-flow\">\n<h3 class=\"wp-block-heading\">Vous n&#8217;\u00eates pas membre de l\u2019ICU?<\/h3>\n\n\n\n<p>L&#8217;adh\u00e9sion \u00e0 l\u2019ICU est gratuite pour tous les \u00e9tudiants de niveau postsecondaire, quel que soit leur programme ou leur lieu d&#8217;\u00e9tudes! Nous sommes l\u00e0 pour vous accompagner \u00e0 chaque \u00e9tape de votre carri\u00e8re dans le domaine de l\u2019urbanisme.<\/p>\n\n\n\n<div class=\"wp-block-buttons is-layout-flex wp-block-buttons-is-layout-flex\">\n<div class=\"wp-block-button is-style-outline is-style-outline--1\"><a class=\"wp-block-button__link wp-element-button\" href=\"https:\/\/www.cip-icu.ca\/fr\/rejoindre-le-cip\/\"><strong>Adh\u00e9rez d\u00e8s aujourd&#8217;hui<\/strong><\/a><\/div>\n<\/div>\n<\/div>\n<\/div>\n\n\n\n<div style=\"height:50px\" aria-hidden=\"true\" class=\"wp-block-spacer\"><\/div>\n\n\n\n<div class=\"wp-block-group container  data-aos_fade-up aos-animate data-aos-delay_50 has-white-color has-accent-background-color has-text-color has-background\"><div class=\"wp-block-group__inner-container is-layout-constrained wp-block-group-is-layout-constrained\">\n<div class=\"wp-block-columns are-vertically-aligned-center is-layout-flex wp-container-core-columns-is-layout-9d6595d7 wp-block-columns-is-layout-flex\">\n<div class=\"wp-block-column is-vertically-aligned-center is-layout-flow wp-block-column-is-layout-flow\">\n<h2 class=\"wp-block-heading\"><strong>Embrasser la diversit\u00e9<\/strong><\/h2>\n\n\n\n<p>L&#8217;ICU c\u00e9l\u00e8bre et promeut la diversit\u00e9, l\u2019\u00e9galit\u00e9, l\u2019inclusion et l\u2019accessibilit\u00e9 en offrant des chances \u00e9gales \u00e0 toutes les personnes qualifi\u00e9es, sans distinction de race, de couleur, d\u2019origine ethnique, de religion, de sexe, d\u2019\u00e2ge, d\u2019origine nationale, de handicap, d\u2019orientation sexuelle ou d\u2019apparence. Nous pensons que le fait d\u2019avoir des participants qui refl\u00e8tent la diversit\u00e9 de nos membres et de la population canadienne nous rend plus forts. <\/p>\n<\/div>\n<\/div>\n<\/div><\/div>\n\n\n\n<div style=\"height:100px\" aria-hidden=\"true\" class=\"wp-block-spacer\"><\/div>\n","protected":false},"excerpt":{"rendered":"<p>Le programme des futurs urbanistes est une initiative nationale de d\u00e9veloppement professionnel bas\u00e9e sur des cohortes, con\u00e7ue pour aider les \u00e9tudiants dipl\u00f4m\u00e9s dans leur transition entre le monde universitaire et la profession d&#8217;urbaniste. Gr\u00e2ce \u00e0 ce programme, les \u00e9tudiants profiteront d&#8217;une orientation professionnelle pratique, d&#8217;une exposition aux opportunit\u00e9s nationales en urbanisme et d&#8217;un acc\u00e8s pr\u00e9coce \u00e0 des r\u00e9seaux professionnels qui favorisent le d\u00e9veloppement de carri\u00e8re \u00e0 long terme et la progression vers la certification professionnelle. <\/p>\n","protected":false},"author":21,"featured_media":0,"parent":0,"menu_order":0,"comment_status":"closed","ping_status":"closed","template":"","meta":{"_acf_changed":false,"footnotes":""},"class_list":["post-41701","page","type-page","status-publish","hentry"],"acf":[],"_links":{"self":[{"href":"https:\/\/www.cip-icu.ca\/fr\/wp-json\/wp\/v2\/pages\/41701","targetHints":{"allow":["GET"]}}],"collection":[{"href":"https:\/\/www.cip-icu.ca\/fr\/wp-json\/wp\/v2\/pages"}],"about":[{"href":"https:\/\/www.cip-icu.ca\/fr\/wp-json\/wp\/v2\/types\/page"}],"author":[{"embeddable":true,"href":"https:\/\/www.cip-icu.ca\/fr\/wp-json\/wp\/v2\/users\/21"}],"replies":[{"embeddable":true,"href":"https:\/\/www.cip-icu.ca\/fr\/wp-json\/wp\/v2\/comments?post=41701"}],"version-history":[{"count":3,"href":"https:\/\/www.cip-icu.ca\/fr\/wp-json\/wp\/v2\/pages\/41701\/revisions"}],"predecessor-version":[{"id":43550,"href":"https:\/\/www.cip-icu.ca\/fr\/wp-json\/wp\/v2\/pages\/41701\/revisions\/43550"}],"wp:attachment":[{"href":"https:\/\/www.cip-icu.ca\/fr\/wp-json\/wp\/v2\/media?parent=41701"}],"curies":[{"name":"wp","href":"https:\/\/api.w.org\/{rel}","templated":true}]}}