{"id":43157,"date":"2026-02-06T15:44:01","date_gmt":"2026-02-06T20:44:01","guid":{"rendered":"https:\/\/www.cip-icu.ca\/dossier-de-presse\/"},"modified":"2026-03-12T11:34:24","modified_gmt":"2026-03-12T15:34:24","slug":"dossier-de-presse","status":"publish","type":"page","link":"https:\/\/www.cip-icu.ca\/fr\/dossier-de-presse\/","title":{"rendered":"Dossier de presse"},"content":{"rendered":"\n<div style=\"height:100px\" aria-hidden=\"true\" class=\"wp-block-spacer\"><\/div>\n\n\n\n<div class=\"wp-block-columns is-layout-flex wp-container-core-columns-is-layout-9d6595d7 wp-block-columns-is-layout-flex\">\n<div class=\"wp-block-column is-layout-flow wp-block-column-is-layout-flow\" style=\"flex-basis:60%\">\n<h3 class=\"wp-block-heading line-heading-full\">Trousse m\u00e9diatique de l\u2019ICU<\/h3>\n\n\n\n<h1 class=\"wp-block-heading\">Possibilit\u00e9s de partenariat et de <strong><mark style=\"background-color:rgba(0, 0, 0, 0)\" class=\"has-inline-color has-accent-color\">publicit\u00e9<\/mark><\/strong><\/h1>\n\n\n\n<p class=\"lede\">Avec pr\u00e8s de 10 000 membres, l&#8217;ICU est le plus grand r\u00e9seau d\u2019urbanistes et d&#8217;\u00e9tudiants en urbanisme au Canada : <\/p>\n\n\n\n<p><strong>Membres professionnels (60 %) : <\/strong>urbanistes certifi\u00e9s influents, principaux ou en milieu de carri\u00e8re, qui fa\u00e7onnent l&#8217;orientation de leur organisation et de leur profession et cherchent \u00e0 \u00e9largir leur r\u00e9seau et \u00e0 am\u00e9liorer leurs comp\u00e9tences.<\/p>\n\n\n\n<p><strong>Membres candidats\/pr\u00e9candidats (18 %) :<\/strong> talents \u00e9mergents qui \u00e9tablissent leur carri\u00e8re et recherchent des connaissances, du mentorat et des opportunit\u00e9s de croissance.<\/p>\n\n\n\n<p><strong>Membres \u00e9tudiants (20 %) : <\/strong>professionnels en herbe d\u00e9sireux d&#8217;apprendre, de nouer des contacts et d&#8217;acqu\u00e9rir des connaissances sur la profession aupr\u00e8s d&#8217;experts chevronn\u00e9s. <\/p>\n\n\n\n<p><strong>Membres retrait\u00e9s (2 %) :<\/strong> anciens membres professionnels qui ont pris leur retraite, mais souhaitent rester en contact avec la profession.<\/p>\n<\/div>\n\n\n\n<div class=\"wp-block-column is-layout-flow wp-block-column-is-layout-flow\">\n<figure class=\"wp-block-image size-full\"><img loading=\"lazy\" decoding=\"async\" width=\"900\" height=\"900\" src=\"https:\/\/www.cip-icu.ca\/wp-content\/uploads\/2025\/01\/Job-Board-Products.png\" alt=\"\" class=\"wp-image-31397\" srcset=\"https:\/\/www.cip-icu.ca\/wp-content\/uploads\/2025\/01\/Job-Board-Products.png 900w, https:\/\/www.cip-icu.ca\/wp-content\/uploads\/2025\/01\/Job-Board-Products-636x636.png 636w, https:\/\/www.cip-icu.ca\/wp-content\/uploads\/2025\/01\/Job-Board-Products-160x160.png 160w, https:\/\/www.cip-icu.ca\/wp-content\/uploads\/2025\/01\/Job-Board-Products-768x768.png 768w, https:\/\/www.cip-icu.ca\/wp-content\/uploads\/2025\/01\/Job-Board-Products-300x300.png 300w, https:\/\/www.cip-icu.ca\/wp-content\/uploads\/2025\/01\/Job-Board-Products-600x600.png 600w, https:\/\/www.cip-icu.ca\/wp-content\/uploads\/2025\/01\/Job-Board-Products-100x100.png 100w\" sizes=\"auto, (max-width: 900px) 100vw, 900px\" \/><\/figure>\n<\/div>\n<\/div>\n\n\n\n<div class=\"wp-block-columns is-layout-flex wp-container-core-columns-is-layout-9d6595d7 wp-block-columns-is-layout-flex\">\n<div class=\"wp-block-column has-green-1-10-opacity-background-color has-background is-layout-flow wp-block-column-is-layout-flow\">\n<div style=\"height:63px\" aria-hidden=\"true\" class=\"wp-block-spacer\"><\/div>\n\n\n\n<p class=\"has-text-align-center\"><strong>R\u00e9activit\u00e9 et satisfaction <\/strong><\/p>\n\n\n\n<p class=\"has-text-align-center\">Taux de satisfaction des membres : 85 % <\/p>\n\n\n\n<p class=\"has-text-align-center\">Taux d&#8217;ouverture de l\u2019infolettre : 67 % <\/p>\n\n\n\n<p class=\"has-text-align-center\">Taux de clics sur l\u2019infolettre : 5,9 % <\/p>\n<\/div>\n\n\n\n<div class=\"wp-block-column has-green-1-10-opacity-background-color has-background is-layout-flow wp-block-column-is-layout-flow\">\n<div style=\"height:20px\" aria-hidden=\"true\" class=\"wp-block-spacer\"><\/div>\n\n\n\n<p class=\"has-text-align-center\"><strong>Pr\u00e9sence sociale et num\u00e9rique <\/strong><\/p>\n\n\n\n<p class=\"has-text-align-center\">Plus de 88 000 visites annuelles du site Web <\/p>\n\n\n\n<p class=\"has-text-align-center\">Plus de 10 000 entr\u00e9es dans la base de donn\u00e9es <\/p>\n\n\n\n<p class=\"has-text-align-center\">Plus de 22 500 abonn\u00e9s LinkedIn<\/p>\n\n\n\n<p class=\"has-text-align-center\">Plus de 2 200 abonn\u00e9s Facebook<\/p>\n\n\n\n<p class=\"has-text-align-center\">Plus de 2 400 abonn\u00e9s Instagram<\/p>\n\n\n\n<div style=\"height:20px\" aria-hidden=\"true\" class=\"wp-block-spacer\"><\/div>\n<\/div>\n<\/div>\n\n\n\n<div style=\"height:40px\" aria-hidden=\"true\" class=\"wp-block-spacer\"><\/div>\n\n\n\n<h2 class=\"wp-block-heading\">Partenariats strat\u00e9giques <\/h2>\n\n\n\n<p>Notre programme de partenariats strat\u00e9giques est plus qu&#8217;un simple parrainage; il s&#8217;agit d&#8217;un ensemble complet et personnalisable d&#8217;occasions d&#8217;engagement con\u00e7u pour mettre votre organisation en relation avec des urbanistes de tout le pays. Nous travaillons en collaboration avec chaque partenaire afin d&#8217;\u00e9laborer une offre sur mesure, en accord avec vos objectifs, qu&#8217;il s&#8217;agisse de visibilit\u00e9 de la marque, de leadership \u00e9clair\u00e9, de partage de connaissances et d&#8217;expertise techniques ou de d\u00e9veloppement des talents.  <\/p>\n\n\n\n<p>C&#8217;est l&#8217;occasion pour vous d&#8217;associer votre marque au plus grand r\u00e9seau d\u2019urbanistes du Canada et de d\u00e9montrer votre engagement en faveur de communaut\u00e9s inclusives, r\u00e9silientes et durables. En combinant votre expertise avec la plateforme nationale de l&#8217;ICU, nous renfor\u00e7ons les connaissances professionnelles, mettons en avant des perspectives diverses et acc\u00e9l\u00e9rons les progr\u00e8s d&#8217;une mani\u00e8re que nul d&#8217;entre nous ne pourrait r\u00e9aliser seul.  <\/p>\n\n\n\n<div style=\"height:14px\" aria-hidden=\"true\" class=\"wp-block-spacer\"><\/div>\n\n\n\n<h5 class=\"wp-block-heading\">Voici quelques-unes des fa\u00e7ons dont nous pouvons travailler ensemble&#8230;<\/h5>\n\n\n\n<div class=\"wp-block-columns is-layout-flex wp-container-core-columns-is-layout-9d6595d7 wp-block-columns-is-layout-flex\">\n<div class=\"wp-block-column is-layout-flow wp-block-column-is-layout-flow\" style=\"flex-basis:50%\">\n<p><strong>Congr\u00e8s national<\/strong> <\/p>\n\n\n\n<ul class=\"wp-block-list\">\n<li>Activit\u00e9s sur place <\/li>\n\n\n\n<li>Reconnaissance de la marque <\/li>\n\n\n\n<li>Occasions de prendre la parole <\/li>\n\n\n\n<li>Sessions d&#8217;apprentissage \/ ateliers \/ visites guid\u00e9es <\/li>\n\n\n\n<li>Possibilit\u00e9s d&#8217;exposition <\/li>\n\n\n\n<li>Accueil <\/li>\n\n\n\n<li>\u00c9chantillonnage <\/li>\n\n\n\n<li>Commercialisation exp\u00e9rientielle <\/li>\n<\/ul>\n\n\n\n<p><strong>Programmes \u00e9ducatifs <\/strong><\/p>\n\n\n\n<ul class=\"wp-block-list\">\n<li>Webinaires <\/li>\n\n\n\n<li>Articles \u00e9ducatifs <\/li>\n\n\n\n<li>Cours de perfectionnement professionnel <\/li>\n\n\n\n<li>Bourses d&#8217;\u00e9tudes et bourses d&#8217;entretien <em>(avec le Fonds en fid\u00e9icommis pour \u00e9tudiants en urbanisme et am\u00e9nagement de l\u2019ICU (FFEUA-ICU))<\/em> <\/li>\n<\/ul>\n\n\n\n<p><strong>Reconnaissance publique <\/strong><\/p>\n\n\n\n<ul class=\"wp-block-list\">\n<li>Distinctions <\/li>\n\n\n\n<li>Prix <\/li>\n<\/ul>\n<\/div>\n\n\n\n<div class=\"wp-block-column is-layout-flow wp-block-column-is-layout-flow\" style=\"flex-basis:50%\">\n<figure class=\"wp-block-image size-full\"><img loading=\"lazy\" decoding=\"async\" width=\"580\" height=\"524\" src=\"https:\/\/www.cip-icu.ca\/wp-content\/uploads\/2023\/09\/planning-hexagon-images.png\" alt=\"\" class=\"wp-image-16640\"\/><\/figure>\n<\/div>\n<\/div>\n\n\n\n<div style=\"height:25px\" aria-hidden=\"true\" class=\"wp-block-spacer\"><\/div>\n\n\n\n<h2 class=\"wp-block-heading\">Publicit\u00e9 et recrutement <\/h2>\n\n\n\n    \n    \n    <div class=\"accordion full-width \">\n\n                    \n            <div class=\"accordion-item\" >\n                <button class=\"accordion-button no-btn-style\" aria-controls=\"content-1\" aria-expanded=\"false\" id=\"accordion-control-1\" >Magazine Plan Canada<\/button>\n\n                <div class=\"content\" aria-hidden=\"true\" id=\"content-1\" >\n                                            <span class=\"inner\">\n                    \n                    <p data-start=\"114\" data-end=\"161\" class=\"lede\"><strong data-start=\"114\" data-end=\"161\">Lu par 90 % des urbanistes certifi\u00e9s du Canada<\/strong><\/p>\n<p data-start=\"163\" data-end=\"413\">Avec un lectorat tr\u00e8s engag\u00e9 et une r\u00e9putation de magazine de r\u00e9f\u00e9rence en mati\u00e8re d&#8217;informations et de tendances dans l&#8217;urbanisme, <em data-start=\"279\" data-end=\"292\">Plan Canada<\/em> met en relation les annonceurs avec les principaux d\u00e9cideurs d&#8217;un march\u00e9 repr\u00e9sentant plusieurs millions de dollars, \u00e0 des moments strat\u00e9giques tout au long de l&#8217;ann\u00e9e.<\/p>\n<p data-start=\"415\" data-end=\"717\">Nos lecteurs sont des leaders du secteur qui ont une influence sur les achats des cabinets de conseil, des municipalit\u00e9s et des organismes du secteur public. Dans notre dernier sondage aupr\u00e8s des membres, 89 % des r\u00e9pondants ont \u00e9valu\u00e9 Plan Canada comme un service important ou tr\u00e8s important offert par l&#8217;Institut canadien des urbanistes. <\/p>\n<p><a href=\"https:\/\/www.cip-icu.ca\/plan-canada\/media-kit\/\">En savoir plus<\/a><\/p>\n\n                    <\/span>\n                <\/div>\n            <\/div>\n\n                    \n            <div class=\"accordion-item\" >\n                <button class=\"accordion-button no-btn-style\" aria-controls=\"content-2\" aria-expanded=\"false\" id=\"accordion-control-2\" >Carrefour national d&#8217;emplois de l&#8217;ICU <\/button>\n\n                <div class=\"content\" aria-hidden=\"true\" id=\"content-2\" >\n                                            <span class=\"inner\">\n                    \n                    <p data-start=\"118\" data-end=\"170\" class=\"lede\"><strong data-start=\"118\" data-end=\"170\">La source nationale de r\u00e9f\u00e9rence pour les carri\u00e8res en urbanisme<\/strong><\/p>\n<p data-start=\"172\" data-end=\"458\">Le seul site national d&#8217;offres d&#8217;emploi d\u00e9di\u00e9 exclusivement \u00e0 l&#8217;urbanisme professionnel au Canada, c\u2019est l\u2019endroit o\u00f9 les professionnels du secteur trouvent leur prochaine opportunit\u00e9 et leur prochain emploi.<\/p>\n<p data-start=\"460\" data-end=\"671\">Avec une port\u00e9e v\u00e9ritablement nationale, le tableau d&#8217;affichage national des offres d&#8217;emploi en urbanisme de l&#8217;ICU fait la promotion de vos offres aupr\u00e8s des professionnels de l&#8217;urbanisme de toutes les r\u00e9gions du Canada et \u00e0 tous les stades de leur carri\u00e8re.<\/p>\n<p><a href=\"https:\/\/www.cip-icu.ca\/fr\/emplois\/produits\/\">En savoir plus<\/a><\/p>\n\n                    <\/span>\n                <\/div>\n            <\/div>\n\n                    \n            <div class=\"accordion-item\" >\n                <button class=\"accordion-button no-btn-style\" aria-controls=\"content-3\" aria-expanded=\"false\" id=\"accordion-control-3\" >Infolettres <\/button>\n\n                <div class=\"content\" aria-hidden=\"true\" id=\"content-3\" >\n                                            <span class=\"inner\">\n                    \n                    <p data-start=\"135\" data-end=\"190\" class=\"lede\"><strong>Des infolettres \u00e0 fort impact refl\u00e9tant un engagement exceptionnel<\/strong><\/p>\n<p data-start=\"192\" data-end=\"463\">L&#8217;ICU publie chaque mois deux infolettres bilingues qui touchent pr\u00e8s de 10 000 abonn\u00e9s au Canada et \u00e0 l&#8217;\u00e9tranger. Reconnues comme une source fiable d&#8217;informations professionnelles, nos infolettres suscitent toujours un vif int\u00e9r\u00eat au sein de la communaut\u00e9 des urbanistes canadiens. <\/p>\n<p data-start=\"465\" data-end=\"673\">Avec un taux d&#8217;ouverture moyen de 69 % et un taux de clics de 5,9 %, les infolettres de l&#8217;ICU offrent \u00e0 nos partenaires un canal tr\u00e8s efficace pour partager des messages, des possibilit\u00e9s et des id\u00e9es avec les professionnels de l&#8217;urbanisme.<\/p>\n<p data-start=\"675\" data-end=\"1008\">Les partenaires peuvent \u00e9galement acheter de l&#8217;espace publicitaire dans l\u2019infolettre destin\u00e9e aux \u00e9tudiants de l&#8217;ICU, distribu\u00e9e 3 \u00e0 4 fois par an parmi environ 1 750 et 2 250 \u00e9tudiants membres. Avec un taux d&#8217;ouverture moyen de 67 % et un taux de clics de 3,5 %, l\u2019infolettre destin\u00e9e aux \u00e9tudiants offre un moyen cibl\u00e9 d&#8217;entrer en contact avec la prochaine g\u00e9n\u00e9ration de professionnels de l&#8217;urbanisme. <\/p>\n\n                    <\/span>\n                <\/div>\n            <\/div>\n\n        \n    <\/div>\n\n    \n\n\n\n<div style=\"height:25px\" aria-hidden=\"true\" class=\"wp-block-spacer\"><\/div>\n\n\n\n<h2 class=\"wp-block-heading\">Entamons une conversation <\/h2>\n\n\n\n<p class=\"has-text-align-left has-regular-font-size\">Nous sommes impatients de conna\u00eetre les objectifs de votre organisation et de savoir comment nous pouvons vous aider \u00e0 les atteindre gr\u00e2ce \u00e0 un partenariat strat\u00e9gique ou \u00e0 une campagne publicitaire avec nous. Veuillez remplir le formulaire ci-dessous, et un membre de notre \u00e9quipe communiquera avec vous pour discuter des options, des tarifs et des d\u00e9lais. <\/p>\n\n\n<div class=\"wpforms-container wpforms-block wpforms-block-8bfa5c94-037d-41f2-99cd-5facf81e4a12\" id=\"wpforms-43160\"><form id=\"wpforms-form-43160\" class=\"wpforms-validate wpforms-form wpforms-ajax-form\" data-formid=\"43160\" method=\"post\" enctype=\"multipart\/form-data\" action=\"\/fr\/wp-json\/wp\/v2\/pages\/43157\" data-token=\"0a29bc94da9c6f6a6c3c52a643602049\" data-token-time=\"1776068923\"><noscript class=\"wpforms-error-noscript\">Please enable JavaScript in your browser to complete this form.<\/noscript><div class=\"wpforms-field-container\"><div id=\"wpforms-43160-field_1-container\" class=\"wpforms-field wpforms-field-name\" data-field-id=\"1\"><label class=\"wpforms-field-label\">Nom <span class=\"wpforms-required-label\">*<\/span><\/label><div class=\"wpforms-field-row wpforms-field-large\"><div class=\"wpforms-field-row-block wpforms-first wpforms-one-half\"><input type=\"text\" id=\"wpforms-43160-field_1\" class=\"wpforms-field-name-first wpforms-field-required\" name=\"wpforms[fields][1][first]\" required><label for=\"wpforms-43160-field_1\" class=\"wpforms-field-sublabel after\">First<\/label><\/div><div class=\"wpforms-field-row-block wpforms-one-half\"><input type=\"text\" id=\"wpforms-43160-field_1-last\" class=\"wpforms-field-name-last wpforms-field-required\" name=\"wpforms[fields][1][last]\" required><label for=\"wpforms-43160-field_1-last\" class=\"wpforms-field-sublabel after\">Last<\/label><\/div><\/div><\/div>\t\t<div id=\"wpforms-43160-field_7-container\"\n\t\t\tclass=\"wpforms-field wpforms-field-text\"\n\t\t\tdata-field-type=\"text\"\n\t\t\tdata-field-id=\"7\"\n\t\t\t>\n\t\t\t<label class=\"wpforms-field-label\" for=\"wpforms-43160-field_7\" >le souhait\u00e9 Nom<\/label>\n\t\t\t<input type=\"text\" id=\"wpforms-43160-field_7\" class=\"wpforms-field-medium\" name=\"wpforms[fields][7]\" >\n\t\t<\/div>\n\t\t<div id=\"wpforms-43160-field_6-container\" class=\"wpforms-field wpforms-field-layout\" data-field-id=\"6\"><div class=\"wpforms-field-layout-rows wpforms-field-large\"><div class=\"wpforms-layout-row\"><div class=\"wpforms-layout-column wpforms-layout-column-50\"><div id=\"wpforms-43160-field_4-container\" class=\"wpforms-field wpforms-field-email\" data-field-id=\"4\"><label class=\"wpforms-field-label\" for=\"wpforms-43160-field_4\">Courriel <span class=\"wpforms-required-label\">*<\/span><\/label><input type=\"email\" id=\"wpforms-43160-field_4\" class=\"wpforms-field-medium wpforms-field-required\" name=\"wpforms[fields][4]\" spellcheck=\"false\" required><\/div><\/div><div class=\"wpforms-layout-column wpforms-layout-column-50\"><div id=\"wpforms-43160-field_5-container\" class=\"wpforms-field wpforms-field-phone\" data-field-id=\"5\"><label class=\"wpforms-field-label\" for=\"wpforms-43160-field_5\">T\u00e9l\u00e9phone<\/label><input type=\"tel\" id=\"wpforms-43160-field_5\" class=\"wpforms-field-medium\" data-rule-int-phone-field=\"true\" name=\"wpforms[fields][5]\" aria-label=\"T\u00e9l\u00e9phone\" ><\/div><\/div><\/div><div class=\"wpforms-layout-row\"><div class=\"wpforms-layout-column wpforms-layout-column-50\"><div id=\"wpforms-43160-field_2-container\" class=\"wpforms-field wpforms-field-text\" data-field-id=\"2\"><label class=\"wpforms-field-label\" for=\"wpforms-43160-field_2\">Fonction <span class=\"wpforms-required-label\">*<\/span><\/label><input type=\"text\" id=\"wpforms-43160-field_2\" class=\"wpforms-field-medium wpforms-field-required\" name=\"wpforms[fields][2]\" required><\/div><\/div><div class=\"wpforms-layout-column wpforms-layout-column-50\"><div id=\"wpforms-43160-field_3-container\" class=\"wpforms-field wpforms-field-text\" data-field-id=\"3\"><label class=\"wpforms-field-label\" for=\"wpforms-43160-field_3\">Organisation\/entreprise <span class=\"wpforms-required-label\">*<\/span><\/label><input type=\"text\" id=\"wpforms-43160-field_3\" class=\"wpforms-field-medium wpforms-field-required\" name=\"wpforms[fields][3]\" required><\/div><\/div><\/div><\/div><\/div><div id=\"wpforms-43160-field_8-container\" class=\"wpforms-field wpforms-field-checkbox\" data-field-id=\"8\"><label class=\"wpforms-field-label\">Veuillez s\u00e9lectionner le partenariat ou les possibilit\u00e9s publicitaires qui vous int\u00e9ressent : <span class=\"wpforms-required-label\">*<\/span><\/label><ul id=\"wpforms-43160-field_8\" class=\"wpforms-field-required\"><li class=\"choice-5 depth-1\"><input type=\"checkbox\" id=\"wpforms-43160-field_8_5\" name=\"wpforms[fields][8][]\" value=\"Programme de partenariat strat\u00e9gique\" required ><label class=\"wpforms-field-label-inline\" for=\"wpforms-43160-field_8_5\">Programme de partenariat strat\u00e9gique<\/label><\/li><li class=\"choice-1 depth-1\"><input type=\"checkbox\" id=\"wpforms-43160-field_8_1\" name=\"wpforms[fields][8][]\" value=\"Congr\u00e8s national\" required ><label class=\"wpforms-field-label-inline\" for=\"wpforms-43160-field_8_1\">Congr\u00e8s national<\/label><\/li><li class=\"choice-2 depth-1\"><input type=\"checkbox\" id=\"wpforms-43160-field_8_2\" name=\"wpforms[fields][8][]\" value=\"Magazine Plan Canada\" required ><label class=\"wpforms-field-label-inline\" for=\"wpforms-43160-field_8_2\">Magazine Plan Canada<\/label><\/li><li class=\"choice-3 depth-1\"><input type=\"checkbox\" id=\"wpforms-43160-field_8_3\" name=\"wpforms[fields][8][]\" value=\"Carrefour national d&#039;emplois de l&#039;ICU\" required ><label class=\"wpforms-field-label-inline\" for=\"wpforms-43160-field_8_3\">Carrefour national d&#8217;emplois de l&#8217;ICU<\/label><\/li><li class=\"choice-4 depth-1\"><input type=\"checkbox\" id=\"wpforms-43160-field_8_4\" name=\"wpforms[fields][8][]\" value=\"Infolettres\" required ><label class=\"wpforms-field-label-inline\" for=\"wpforms-43160-field_8_4\">Infolettres<\/label><\/li><\/ul><\/div><div id=\"wpforms-43160-field_9-container\" class=\"wpforms-field wpforms-field-checkbox\" data-field-id=\"9\"><label class=\"wpforms-field-label\">Que souhaitez-vous promouvoir?  <span class=\"wpforms-required-label\">*<\/span><\/label><ul id=\"wpforms-43160-field_9\" class=\"wpforms-field-required\"><li class=\"choice-1 depth-1\"><input type=\"checkbox\" id=\"wpforms-43160-field_9_1\" name=\"wpforms[fields][9][]\" value=\"La notori\u00e9t\u00e9 de votre marque\" required ><label class=\"wpforms-field-label-inline\" for=\"wpforms-43160-field_9_1\">La notori\u00e9t\u00e9 de votre marque<\/label><\/li><li class=\"choice-2 depth-1\"><input type=\"checkbox\" id=\"wpforms-43160-field_9_2\" name=\"wpforms[fields][9][]\" value=\"Un produit ou un service\" required ><label class=\"wpforms-field-label-inline\" for=\"wpforms-43160-field_9_2\">Un produit ou un service<\/label><\/li><li class=\"choice-3 depth-1\"><input type=\"checkbox\" id=\"wpforms-43160-field_9_3\" name=\"wpforms[fields][9][]\" value=\"Une conf\u00e9rence ou un \u00e9v\u00e9nement\" required ><label class=\"wpforms-field-label-inline\" for=\"wpforms-43160-field_9_3\">Une conf\u00e9rence ou un \u00e9v\u00e9nement<\/label><\/li><li class=\"choice-4 depth-1\"><input type=\"checkbox\" id=\"wpforms-43160-field_9_4\" name=\"wpforms[fields][9][]\" value=\"Des offres d&#039;emploi\" required ><label class=\"wpforms-field-label-inline\" for=\"wpforms-43160-field_9_4\">Des offres d&#8217;emploi<\/label><\/li><li class=\"choice-5 depth-1\"><input type=\"checkbox\" id=\"wpforms-43160-field_9_5\" name=\"wpforms[fields][9][]\" value=\"Autres\" required ><label class=\"wpforms-field-label-inline\" for=\"wpforms-43160-field_9_5\">Autres<\/label><\/li><\/ul><\/div><div id=\"wpforms-43160-field_10-container\" class=\"wpforms-field wpforms-field-date-time\" data-field-id=\"10\"><label class=\"wpforms-field-label\" for=\"wpforms-43160-field_10\">Calendrier souhait\u00e9 (facultatif)<\/label><div class=\"wpforms-datepicker-wrap\"><input type=\"text\" id=\"wpforms-43160-field_10\" class=\"wpforms-field-date-time-date wpforms-datepicker wpforms-field-medium\" data-date-format=\"m\/d\/Y\" data-disable-past-dates=\"0\" data-input=\"true\" name=\"wpforms[fields][10][date]\" ><a title=\"Clear Date\" data-clear role=\"button\" tabindex=\"0\" class=\"wpforms-datepicker-clear\" aria-label=\"Clear Date\" style=\"display:none;\"><\/a><\/div><\/div><div id=\"wpforms-43160-field_11-container\" class=\"wpforms-field wpforms-field-radio\" data-field-id=\"11\"><label class=\"wpforms-field-label\">Budget estim\u00e9 (facultatif) <\/label><ul id=\"wpforms-43160-field_11\"><li class=\"choice-1 depth-1\"><input type=\"radio\" id=\"wpforms-43160-field_11_1\" name=\"wpforms[fields][11]\" value=\"Moins de 1 000 $\"  ><label class=\"wpforms-field-label-inline\" for=\"wpforms-43160-field_11_1\">Moins de 1 000 $<\/label><\/li><li class=\"choice-2 depth-1\"><input type=\"radio\" id=\"wpforms-43160-field_11_2\" name=\"wpforms[fields][11]\" value=\"1 000 \u00e0 2 500 $\"  ><label class=\"wpforms-field-label-inline\" for=\"wpforms-43160-field_11_2\">1 000 \u00e0 2 500 $<\/label><\/li><li class=\"choice-3 depth-1\"><input type=\"radio\" id=\"wpforms-43160-field_11_3\" name=\"wpforms[fields][11]\" value=\"2 500 \u00e0 5 000 $\"  ><label class=\"wpforms-field-label-inline\" for=\"wpforms-43160-field_11_3\">2 500 \u00e0 5 000 $<\/label><\/li><li class=\"choice-4 depth-1\"><input type=\"radio\" id=\"wpforms-43160-field_11_4\" name=\"wpforms[fields][11]\" value=\"Plus de 5 000 $\"  ><label class=\"wpforms-field-label-inline\" for=\"wpforms-43160-field_11_4\">Plus de 5 000 $<\/label><\/li><\/ul><\/div><div id=\"wpforms-43160-field_12-container\" class=\"wpforms-field wpforms-field-textarea\" data-field-id=\"12\"><label class=\"wpforms-field-label\" for=\"wpforms-43160-field_12\">Informations suppl\u00e9mentaires (facultatif) <\/label><textarea id=\"wpforms-43160-field_12\" class=\"wpforms-field-medium\" name=\"wpforms[fields][12]\" ><\/textarea><div class=\"wpforms-field-description\">Donnez-nous plus de d\u00e9tails sur vos objectifs ou vos besoins sp\u00e9cifiques en mati\u00e8re de publicit\u00e9.<\/div><\/div><script>\n\t\t\t\t( function() {\n\t\t\t\t\tconst style = document.createElement( 'style' );\n\t\t\t\t\tstyle.appendChild( document.createTextNode( '#wpforms-43160-field_7-container { position: absolute !important; overflow: hidden !important; display: inline !important; height: 1px !important; width: 1px !important; z-index: -1000 !important; padding: 0 !important; } #wpforms-43160-field_7-container input { visibility: hidden; } #wpforms-conversational-form-page #wpforms-43160-field_7-container label { counter-increment: none; }' ) );\n\t\t\t\t\tdocument.head.appendChild( style );\n\t\t\t\t\tdocument.currentScript?.remove();\n\t\t\t\t} )();\n\t\t\t<\/script><\/div><!-- .wpforms-field-container --><div class=\"wpforms-submit-container\" ><input type=\"hidden\" name=\"wpforms[id]\" value=\"43160\"><input type=\"hidden\" name=\"page_title\" value=\"\"><input type=\"hidden\" name=\"page_url\" value=\"https:\/\/www.cip-icu.ca\/fr\/wp-json\/wp\/v2\/pages\/43157\"><input type=\"hidden\" name=\"url_referer\" value=\"\"><button type=\"submit\" name=\"wpforms[submit]\" id=\"wpforms-submit-43160\" class=\"wpforms-submit\" data-alt-text=\"Envoi...\" data-submit-text=\"Soumettre\" aria-live=\"assertive\" value=\"wpforms-submit\">Soumettre<\/button><img loading=\"lazy\" decoding=\"async\" src=\"https:\/\/www.cip-icu.ca\/wp-content\/plugins\/wpforms\/assets\/images\/submit-spin.svg\" class=\"wpforms-submit-spinner\" style=\"display: none;\" width=\"26\" height=\"26\" alt=\"Loading\"><\/div><\/form><\/div>  <!-- .wpforms-container -->\n\n\n<div style=\"height:40px\" aria-hidden=\"true\" class=\"wp-block-spacer\"><\/div>\n\n\n\n<p><strong>Vous recherchez une solution personnalis\u00e9e? Discutons-en!  <\/strong><\/p>\n\n\n\n<p>Val\u00e9rie Broadfoot<br>Directrice du d\u00e9veloppement<br><a href=\"mailto:development@cip-icu.ca\">development@cip-icu.ca <\/a><br>613-237-7526, poste 209<\/p>\n\n\n\n<div style=\"height:100px\" aria-hidden=\"true\" class=\"wp-block-spacer\"><\/div>\n\n\n\n\n","protected":false},"excerpt":{"rendered":"<p>Avec pr\u00e8s de 10 000 membres, l&#8217;ICU est le plus grand r\u00e9seau d\u2019urbanistes et d&#8217;\u00e9tudiants en urbanisme au Canada : Membres professionnels (60 %) :&hellip;<\/p>\n","protected":false},"author":14,"featured_media":0,"parent":0,"menu_order":0,"comment_status":"closed","ping_status":"closed","template":"","meta":{"_acf_changed":false,"footnotes":""},"class_list":["post-43157","page","type-page","status-publish","hentry"],"acf":[],"_links":{"self":[{"href":"https:\/\/www.cip-icu.ca\/fr\/wp-json\/wp\/v2\/pages\/43157","targetHints":{"allow":["GET"]}}],"collection":[{"href":"https:\/\/www.cip-icu.ca\/fr\/wp-json\/wp\/v2\/pages"}],"about":[{"href":"https:\/\/www.cip-icu.ca\/fr\/wp-json\/wp\/v2\/types\/page"}],"author":[{"embeddable":true,"href":"https:\/\/www.cip-icu.ca\/fr\/wp-json\/wp\/v2\/users\/14"}],"replies":[{"embeddable":true,"href":"https:\/\/www.cip-icu.ca\/fr\/wp-json\/wp\/v2\/comments?post=43157"}],"version-history":[{"count":5,"href":"https:\/\/www.cip-icu.ca\/fr\/wp-json\/wp\/v2\/pages\/43157\/revisions"}],"predecessor-version":[{"id":43644,"href":"https:\/\/www.cip-icu.ca\/fr\/wp-json\/wp\/v2\/pages\/43157\/revisions\/43644"}],"wp:attachment":[{"href":"https:\/\/www.cip-icu.ca\/fr\/wp-json\/wp\/v2\/media?parent=43157"}],"curies":[{"name":"wp","href":"https:\/\/api.w.org\/{rel}","templated":true}]}}