{"id":43178,"date":"2026-02-06T15:44:36","date_gmt":"2026-02-06T20:44:36","guid":{"rendered":"https:\/\/www.cip-icu.ca\/partenariats-strategiques\/"},"modified":"2026-02-26T13:04:35","modified_gmt":"2026-02-26T18:04:35","slug":"partenariats-strategiques","status":"publish","type":"page","link":"https:\/\/www.cip-icu.ca\/fr\/partenariats-strategiques\/","title":{"rendered":"Partenariats strat\u00e9giques"},"content":{"rendered":"\n<div style=\"height:100px\" aria-hidden=\"true\" class=\"wp-block-spacer\"><\/div>\n\n\n\n<div class=\"wp-block-columns is-layout-flex wp-container-core-columns-is-layout-9d6595d7 wp-block-columns-is-layout-flex\">\n<div class=\"wp-block-column is-layout-flow wp-block-column-is-layout-flow\" style=\"flex-basis:60%\">\n<h3 class=\"wp-block-heading line-heading-full\">\u00c0 propos de nous<\/h3>\n\n\n\n<h1 class=\"wp-block-heading\">Partenariats <strong><mark style=\"background-color:rgba(0, 0, 0, 0)\" class=\"has-inline-color has-accent-color\">strat\u00e9giques<\/mark><\/strong><\/h1>\n\n\n\n<p class=\"lede\">L&#8217;Institut canadien des urbanistes collabore avec des organisations partageant les m\u00eames id\u00e9es et vou\u00e9es \u00e0 l&#8217;avancement de la profession d&#8217;urbaniste au Canada. <\/p>\n\n\n\n<p>Ces partenariats strat\u00e9giques nous permettent de renforcer l&#8217;expertise de nos membres et d&#8217;acc\u00e9l\u00e9rer les progr\u00e8s que nous ne pourrions r\u00e9aliser seuls. En collaborant avec des partenaires de confiance qui partagent notre engagement envers des r\u00e9sultats positifs et durables, nous combinons nos connaissances et nos ressources afin de mieux servir nos membres. <\/p>\n\n\n\n<p>Ces collaborations permettent aux urbanistes de b\u00e9n\u00e9ficier de perspectives diverses, de capacit\u00e9s techniques et d&#8217;une connaissance approfondie du monde r\u00e9el. Plus important encore, nos partenariats contribuent \u00e0 garantir que les programmes, les activit\u00e9s de d\u00e9fense des int\u00e9r\u00eats et les services que nous offrons sont pertinents, r\u00e9silients et adapt\u00e9s aux besoins de nos membres. <\/p>\n\n\n\n<p>Gr\u00e2ce \u00e0 des partenariats r\u00e9fl\u00e9chis, nous donnons aux urbanistes les moyens d&#8217;apporter des changements importants dans les communaut\u00e9s d&#8217;un oc\u00e9an \u00e0 l&#8217;autre. <\/p>\n\n\n\n<div style=\"height:20px\" aria-hidden=\"true\" class=\"wp-block-spacer\"><\/div>\n\n\n\n<div class=\"wp-block-buttons is-layout-flex wp-block-buttons-is-layout-flex\">\n<div class=\"wp-block-button\"><a class=\"wp-block-button__link wp-element-button\" href=\"https:\/\/www.cip-icu.ca\/fr\/dossier-de-presse\/\">Devenez un partenaire strat\u00e9gique<\/a><\/div>\n<\/div>\n<\/div>\n\n\n\n<div class=\"wp-block-column is-layout-flow wp-block-column-is-layout-flow\">\n<figure class=\"wp-block-image size-full\"><img loading=\"lazy\" decoding=\"async\" width=\"900\" height=\"900\" src=\"https:\/\/www.cip-icu.ca\/wp-content\/uploads\/2025\/01\/Job-Board-Products.png\" alt=\"\" class=\"wp-image-31397\" srcset=\"https:\/\/www.cip-icu.ca\/wp-content\/uploads\/2025\/01\/Job-Board-Products.png 900w, https:\/\/www.cip-icu.ca\/wp-content\/uploads\/2025\/01\/Job-Board-Products-636x636.png 636w, https:\/\/www.cip-icu.ca\/wp-content\/uploads\/2025\/01\/Job-Board-Products-160x160.png 160w, https:\/\/www.cip-icu.ca\/wp-content\/uploads\/2025\/01\/Job-Board-Products-768x768.png 768w, https:\/\/www.cip-icu.ca\/wp-content\/uploads\/2025\/01\/Job-Board-Products-300x300.png 300w, https:\/\/www.cip-icu.ca\/wp-content\/uploads\/2025\/01\/Job-Board-Products-600x600.png 600w, https:\/\/www.cip-icu.ca\/wp-content\/uploads\/2025\/01\/Job-Board-Products-100x100.png 100w\" sizes=\"auto, (max-width: 900px) 100vw, 900px\" \/><\/figure>\n<\/div>\n<\/div>\n\n\n\n<div style=\"height:40px\" aria-hidden=\"true\" class=\"wp-block-spacer\"><\/div>\n\n\n\n<h3 class=\"wp-block-heading\">Rencontrez nos partenaire strat\u00e9gique<\/h3>\n\n\n\n<div style=\"height:20px\" aria-hidden=\"true\" class=\"wp-block-spacer\"><\/div>\n\n\n\n<div class=\"wp-block-columns is-layout-flex wp-container-core-columns-is-layout-9d6595d7 wp-block-columns-is-layout-flex\">\n<div class=\"wp-block-column is-layout-flow wp-block-column-is-layout-flow\" style=\"flex-basis:33.33%\"><div class=\"wp-block-image\">\n<figure class=\"aligncenter size-full\"><a href=\"https:\/\/www.esri.ca\/\" target=\"_blank\" rel=\" noreferrer noopener\"><img loading=\"lazy\" decoding=\"async\" width=\"1165\" height=\"286\" src=\"https:\/\/www.cip-icu.ca\/wp-content\/uploads\/2026\/02\/Esri_Canada_Logo_1C_Black_Transparent.png\" alt=\"\" class=\"wp-image-42765\" srcset=\"https:\/\/www.cip-icu.ca\/wp-content\/uploads\/2026\/02\/Esri_Canada_Logo_1C_Black_Transparent.png 1165w, https:\/\/www.cip-icu.ca\/wp-content\/uploads\/2026\/02\/Esri_Canada_Logo_1C_Black_Transparent-636x156.png 636w, https:\/\/www.cip-icu.ca\/wp-content\/uploads\/2026\/02\/Esri_Canada_Logo_1C_Black_Transparent-768x189.png 768w, https:\/\/www.cip-icu.ca\/wp-content\/uploads\/2026\/02\/Esri_Canada_Logo_1C_Black_Transparent-600x147.png 600w\" sizes=\"auto, (max-width: 1165px) 100vw, 1165px\" \/><\/a><\/figure>\n<\/div><\/div>\n\n\n\n<div class=\"wp-block-column is-layout-flow wp-block-column-is-layout-flow\" style=\"flex-basis:66.66%\">\n<p>Fond\u00e9e en 1984, Esri Canada offre des syst\u00e8mes d\u2019information g\u00e9ographique (SIG) qui permettent aux entreprises, aux gouvernements et aux \u00e9tablissements d\u2019enseignement de prendre rapidement des d\u00e9cisions \u00e9clair\u00e9es en mobilisant la puissance de la cartographie et des analyses spatiales. Ces syst\u00e8mes aident les organisations \u00e0 optimiser la gestion de leurs ressources, \u00e0 am\u00e9liorer leur planification et \u00e0 renforcer la collaboration \u00e0 l\u2019interne comme \u00e0 l\u2019externe.  <\/p>\n\n\n\n<p>Les produits et les services d\u2019Esri Canada contribuent \u00e0 faire progresser la transformation num\u00e9rique. L\u2019entreprise, dont le si\u00e8ge social se trouve \u00e0 Toronto, sert plus de 14 000 organisations \u00e0 partir de 14 bureaux partout au Canada. Esri Canada a \u00e9t\u00e9 reconnue comme l\u2019une des soci\u00e9t\u00e9s les mieux g\u00e9r\u00e9es au Canada pendant douze ann\u00e9es cons\u00e9cutives.   <\/p>\n\n\n\n<div style=\"height:20px\" aria-hidden=\"true\" class=\"wp-block-spacer\"><\/div>\n\n\n\n<div class=\"wp-block-columns is-layout-flex wp-container-core-columns-is-layout-9d6595d7 wp-block-columns-is-layout-flex\">\n<div class=\"wp-block-column is-layout-flow wp-block-column-is-layout-flow\">\n<div class=\"wp-block-buttons is-layout-flex wp-block-buttons-is-layout-flex\">\n<div class=\"wp-block-button is-style-outline is-style-outline--1\"><a class=\"wp-block-button__link wp-element-button\" href=\"https:\/\/www.esri.ca\/\" target=\"_blank\" rel=\"noreferrer noopener\">En savoir plus<\/a><\/div>\n<\/div>\n<\/div>\n\n\n\n<div class=\"wp-block-column is-layout-flow wp-block-column-is-layout-flow\">\n<ul class=\"wp-block-social-links has-normal-icon-size has-icon-background-color is-style-default is-horizontal is-content-justification-center is-layout-flex wp-container-core-social-links-is-layout-499968f5 wp-block-social-links-is-layout-flex\"><li style=\"background-color:#006D43;\" class=\"wp-social-link wp-social-link-linkedin has-accent-background-color wp-block-social-link\"><a rel=\"noopener nofollow\" target=\"_blank\" href=\"http:\/\/www.linkedin.com\/company\/esri-canada\" class=\"wp-block-social-link-anchor\"><svg width=\"24\" height=\"24\" viewBox=\"0 0 24 24\" version=\"1.1\" xmlns=\"http:\/\/www.w3.org\/2000\/svg\" aria-hidden=\"true\" focusable=\"false\"><path d=\"M19.7,3H4.3C3.582,3,3,3.582,3,4.3v15.4C3,20.418,3.582,21,4.3,21h15.4c0.718,0,1.3-0.582,1.3-1.3V4.3 C21,3.582,20.418,3,19.7,3z M8.339,18.338H5.667v-8.59h2.672V18.338z M7.004,8.574c-0.857,0-1.549-0.694-1.549-1.548 c0-0.855,0.691-1.548,1.549-1.548c0.854,0,1.547,0.694,1.547,1.548C8.551,7.881,7.858,8.574,7.004,8.574z M18.339,18.338h-2.669 v-4.177c0-0.996-0.017-2.278-1.387-2.278c-1.389,0-1.601,1.086-1.601,2.206v4.249h-2.667v-8.59h2.559v1.174h0.037 c0.356-0.675,1.227-1.387,2.526-1.387c2.703,0,3.203,1.779,3.203,4.092V18.338z\"><\/path><\/svg><span class=\"wp-block-social-link-label screen-reader-text\">LinkedIn<\/span><\/a><\/li>\n\n<li style=\"background-color:#006D43;\" class=\"wp-social-link wp-social-link-instagram has-accent-background-color wp-block-social-link\"><a rel=\"noopener nofollow\" target=\"_blank\" href=\"https:\/\/www.instagram.com\/esricanada\" class=\"wp-block-social-link-anchor\"><svg width=\"24\" height=\"24\" viewBox=\"0 0 24 24\" version=\"1.1\" xmlns=\"http:\/\/www.w3.org\/2000\/svg\" aria-hidden=\"true\" focusable=\"false\"><path d=\"M12,4.622c2.403,0,2.688,0.009,3.637,0.052c0.877,0.04,1.354,0.187,1.671,0.31c0.42,0.163,0.72,0.358,1.035,0.673 c0.315,0.315,0.51,0.615,0.673,1.035c0.123,0.317,0.27,0.794,0.31,1.671c0.043,0.949,0.052,1.234,0.052,3.637 s-0.009,2.688-0.052,3.637c-0.04,0.877-0.187,1.354-0.31,1.671c-0.163,0.42-0.358,0.72-0.673,1.035 c-0.315,0.315-0.615,0.51-1.035,0.673c-0.317,0.123-0.794,0.27-1.671,0.31c-0.949,0.043-1.233,0.052-3.637,0.052 s-2.688-0.009-3.637-0.052c-0.877-0.04-1.354-0.187-1.671-0.31c-0.42-0.163-0.72-0.358-1.035-0.673 c-0.315-0.315-0.51-0.615-0.673-1.035c-0.123-0.317-0.27-0.794-0.31-1.671C4.631,14.688,4.622,14.403,4.622,12 s0.009-2.688,0.052-3.637c0.04-0.877,0.187-1.354,0.31-1.671c0.163-0.42,0.358-0.72,0.673-1.035 c0.315-0.315,0.615-0.51,1.035-0.673c0.317-0.123,0.794-0.27,1.671-0.31C9.312,4.631,9.597,4.622,12,4.622 M12,3 C9.556,3,9.249,3.01,8.289,3.054C7.331,3.098,6.677,3.25,6.105,3.472C5.513,3.702,5.011,4.01,4.511,4.511 c-0.5,0.5-0.808,1.002-1.038,1.594C3.25,6.677,3.098,7.331,3.054,8.289C3.01,9.249,3,9.556,3,12c0,2.444,0.01,2.751,0.054,3.711 c0.044,0.958,0.196,1.612,0.418,2.185c0.23,0.592,0.538,1.094,1.038,1.594c0.5,0.5,1.002,0.808,1.594,1.038 c0.572,0.222,1.227,0.375,2.185,0.418C9.249,20.99,9.556,21,12,21s2.751-0.01,3.711-0.054c0.958-0.044,1.612-0.196,2.185-0.418 c0.592-0.23,1.094-0.538,1.594-1.038c0.5-0.5,0.808-1.002,1.038-1.594c0.222-0.572,0.375-1.227,0.418-2.185 C20.99,14.751,21,14.444,21,12s-0.01-2.751-0.054-3.711c-0.044-0.958-0.196-1.612-0.418-2.185c-0.23-0.592-0.538-1.094-1.038-1.594 c-0.5-0.5-1.002-0.808-1.594-1.038c-0.572-0.222-1.227-0.375-2.185-0.418C14.751,3.01,14.444,3,12,3L12,3z M12,7.378 c-2.552,0-4.622,2.069-4.622,4.622S9.448,16.622,12,16.622s4.622-2.069,4.622-4.622S14.552,7.378,12,7.378z M12,15 c-1.657,0-3-1.343-3-3s1.343-3,3-3s3,1.343,3,3S13.657,15,12,15z M16.804,6.116c-0.596,0-1.08,0.484-1.08,1.08 s0.484,1.08,1.08,1.08c0.596,0,1.08-0.484,1.08-1.08S17.401,6.116,16.804,6.116z\"><\/path><\/svg><span class=\"wp-block-social-link-label screen-reader-text\">Instagram<\/span><\/a><\/li>\n\n<li style=\"background-color:#006D43;\" class=\"wp-social-link wp-social-link-facebook has-accent-background-color wp-block-social-link\"><a rel=\"noopener nofollow\" target=\"_blank\" href=\"https:\/\/www.facebook.com\/esricanada\" class=\"wp-block-social-link-anchor\"><svg width=\"24\" height=\"24\" viewBox=\"0 0 24 24\" version=\"1.1\" xmlns=\"http:\/\/www.w3.org\/2000\/svg\" aria-hidden=\"true\" focusable=\"false\"><path d=\"M12 2C6.5 2 2 6.5 2 12c0 5 3.7 9.1 8.4 9.9v-7H7.9V12h2.5V9.8c0-2.5 1.5-3.9 3.8-3.9 1.1 0 2.2.2 2.2.2v2.5h-1.3c-1.2 0-1.6.8-1.6 1.6V12h2.8l-.4 2.9h-2.3v7C18.3 21.1 22 17 22 12c0-5.5-4.5-10-10-10z\"><\/path><\/svg><span class=\"wp-block-social-link-label screen-reader-text\">Facebook<\/span><\/a><\/li>\n\n<li style=\"background-color:#006D43;\" class=\"wp-social-link wp-social-link-x has-accent-background-color wp-block-social-link\"><a rel=\"noopener nofollow\" target=\"_blank\" href=\"https:\/\/twitter.com\/esricanada\" class=\"wp-block-social-link-anchor\"><svg width=\"24\" height=\"24\" viewBox=\"0 0 24 24\" version=\"1.1\" xmlns=\"http:\/\/www.w3.org\/2000\/svg\" aria-hidden=\"true\" focusable=\"false\"><path d=\"M13.982 10.622 20.54 3h-1.554l-5.693 6.618L8.745 3H3.5l6.876 10.007L3.5 21h1.554l6.012-6.989L15.868 21h5.245l-7.131-10.378Zm-2.128 2.474-.697-.997-5.543-7.93H8l4.474 6.4.697.996 5.815 8.318h-2.387l-4.745-6.787Z\" \/><\/svg><span class=\"wp-block-social-link-label screen-reader-text\">X<\/span><\/a><\/li>\n\n<li style=\"background-color:#006D43;\" class=\"wp-social-link wp-social-link-youtube has-accent-background-color wp-block-social-link\"><a rel=\"noopener nofollow\" target=\"_blank\" href=\"http:\/\/www.youtube.com\/user\/ESRICanadaTV\" class=\"wp-block-social-link-anchor\"><svg width=\"24\" height=\"24\" viewBox=\"0 0 24 24\" version=\"1.1\" xmlns=\"http:\/\/www.w3.org\/2000\/svg\" aria-hidden=\"true\" focusable=\"false\"><path d=\"M21.8,8.001c0,0-0.195-1.378-0.795-1.985c-0.76-0.797-1.613-0.801-2.004-0.847c-2.799-0.202-6.997-0.202-6.997-0.202 h-0.009c0,0-4.198,0-6.997,0.202C4.608,5.216,3.756,5.22,2.995,6.016C2.395,6.623,2.2,8.001,2.2,8.001S2,9.62,2,11.238v1.517 c0,1.618,0.2,3.237,0.2,3.237s0.195,1.378,0.795,1.985c0.761,0.797,1.76,0.771,2.205,0.855c1.6,0.153,6.8,0.201,6.8,0.201 s4.203-0.006,7.001-0.209c0.391-0.047,1.243-0.051,2.004-0.847c0.6-0.607,0.795-1.985,0.795-1.985s0.2-1.618,0.2-3.237v-1.517 C22,9.62,21.8,8.001,21.8,8.001z M9.935,14.594l-0.001-5.62l5.404,2.82L9.935,14.594z\"><\/path><\/svg><span class=\"wp-block-social-link-label screen-reader-text\">YouTube<\/span><\/a><\/li><\/ul>\n<\/div>\n<\/div>\n<\/div>\n<\/div>\n\n\n\n<div style=\"height:60px\" aria-hidden=\"true\" class=\"wp-block-spacer\"><\/div>\n\n\n\n<div class=\"wp-block-group has-green-1-10-opacity-background-color has-background\"><div class=\"wp-block-group__inner-container is-layout-constrained wp-block-group-is-layout-constrained\">\n<div style=\"height:40px\" aria-hidden=\"true\" class=\"wp-block-spacer\"><\/div>\n\n\n\n<p><strong>Vous souhaitez en savoir plus sur la mani\u00e8re de devenir un partenaire strat\u00e9gique? <\/strong><\/p>\n\n\n\n<p>Visitez notre page <a href=\"https:\/\/www.cip-icu.ca\/fr\/dossier-de-presse\/\" data-type=\"page\" data-id=\"42777\">Partenariats et opportunit\u00e9s publicitaires<\/a> ou communiquez avec <a href=\"mailto:development@cip-icu.ca\" target=\"_blank\" rel=\"noreferrer noopener\">Val\u00e9rie Broadfoot<\/a>, directrice du d\u00e9veloppement, pour obtenir plus de renseignements.<\/p>\n\n\n\n<div style=\"height:40px\" aria-hidden=\"true\" class=\"wp-block-spacer\"><\/div>\n<\/div><\/div>\n\n\n\n<div style=\"height:140px\" aria-hidden=\"true\" class=\"wp-block-spacer\"><\/div>\n","protected":false},"excerpt":{"rendered":"<p>L&#8217;Institut canadien des urbanistes collabore avec des organisations partageant les m\u00eames id\u00e9es et vou\u00e9es \u00e0 l&#8217;avancement de la profession d&#8217;urbaniste au Canada. Ces partenariats strat\u00e9giques&hellip;<\/p>\n","protected":false},"author":14,"featured_media":0,"parent":0,"menu_order":0,"comment_status":"closed","ping_status":"closed","template":"","meta":{"_acf_changed":false,"footnotes":""},"class_list":["post-43178","page","type-page","status-publish","hentry"],"acf":[],"_links":{"self":[{"href":"https:\/\/www.cip-icu.ca\/fr\/wp-json\/wp\/v2\/pages\/43178","targetHints":{"allow":["GET"]}}],"collection":[{"href":"https:\/\/www.cip-icu.ca\/fr\/wp-json\/wp\/v2\/pages"}],"about":[{"href":"https:\/\/www.cip-icu.ca\/fr\/wp-json\/wp\/v2\/types\/page"}],"author":[{"embeddable":true,"href":"https:\/\/www.cip-icu.ca\/fr\/wp-json\/wp\/v2\/users\/14"}],"replies":[{"embeddable":true,"href":"https:\/\/www.cip-icu.ca\/fr\/wp-json\/wp\/v2\/comments?post=43178"}],"version-history":[{"count":2,"href":"https:\/\/www.cip-icu.ca\/fr\/wp-json\/wp\/v2\/pages\/43178\/revisions"}],"predecessor-version":[{"id":43302,"href":"https:\/\/www.cip-icu.ca\/fr\/wp-json\/wp\/v2\/pages\/43178\/revisions\/43302"}],"wp:attachment":[{"href":"https:\/\/www.cip-icu.ca\/fr\/wp-json\/wp\/v2\/media?parent=43178"}],"curies":[{"name":"wp","href":"https:\/\/api.w.org\/{rel}","templated":true}]}}