{"id":32311,"date":"2024-11-27T09:50:33","date_gmt":"2024-11-27T17:50:33","guid":{"rendered":"https:\/\/www.cip-icu.ca\/product\/internship-posting\/"},"modified":"2025-02-12T13:27:25","modified_gmt":"2025-02-12T21:27:25","slug":"offre-emploi-stage","status":"publish","type":"product","link":"https:\/\/www.cip-icu.ca\/fr\/produit\/offre-emploi-stage\/","title":{"rendered":"Offre d&#8217;emploi pour un stage"},"content":{"rendered":"<p class=\"lede\">Votre offre d\u2019emploi sera active pendant 90 jours. Si vous n\u2019avez toujours pas trouv\u00e9 la bonne personne pour le poste apr\u00e8s 90 jours, nous le prolongerons gratuitement et le maintiendrons actif jusqu\u2019\u00e0 ce que le poste soit pourvu.<\/p>\n<p>Votre annonce figurera \u00e9galement dans notre r\u00e9capitulatif hebdomadaire des derni\u00e8res offres d\u2019emploi et d\u2019opportunit\u00e9s sur notre page LinkedIn. Cette publication hebdomadaire compte en moyenne plus de 3 000 impressions et un taux de clics de 7 %.<\/p>\n","protected":false},"excerpt":{"rendered":"<p>Active pendant 90 jours avec prolongation gratuite; comprend une promotion dans notre annonce hebdomadaire sur LinkedIn.<\/p>\n","protected":false},"featured_media":32320,"template":"","meta":{"_acf_changed":false},"product_brand":[],"product_cat":[267],"product_tag":[],"class_list":{"0":"post-32311","1":"product","2":"type-product","3":"status-publish","4":"has-post-thumbnail","6":"product_cat-carrefour-emplois","8":"first","9":"instock","10":"virtual","11":"taxable","12":"purchasable","13":"product-type-simple"},"exclude_global_add_ons":true,"addons":[{"name":"Compl\u00e9ments optionnels","type":"checkbox","position":0,"required":false,"title_format":"heading","default":"","description_enable":false,"description":"","placeholder_enable":false,"placeholder":"","display":"select","restrictions_type":"any_text","adjust_price":false,"price":"","price_type":"flat_fee","restrictions":false,"min":"0","max":"0","options":[{"label":"Annonce vedette","price":"100","price_type":"flat_fee","image":0,"visibility":true},{"label":"Annonce urgente","price":"150","price_type":"flat_fee","image":0,"visibility":true},{"label":"Soulignez sur l\u2019infolettre","price":"250","price_type":"flat_fee","image":0,"visibility":true},{"label":"Meilleure offre de promotion group\u00e9e (les trois compl\u00e9ments ; \u00e9conomie de 100 $)","price":"400","price_type":"flat_fee","image":0,"visibility":true}],"id":1739363131}],"acf":[],"_links":{"self":[{"href":"https:\/\/www.cip-icu.ca\/fr\/wp-json\/wp\/v2\/product\/32311","targetHints":{"allow":["GET"]}}],"collection":[{"href":"https:\/\/www.cip-icu.ca\/fr\/wp-json\/wp\/v2\/product"}],"about":[{"href":"https:\/\/www.cip-icu.ca\/fr\/wp-json\/wp\/v2\/types\/product"}],"wp:featuredmedia":[{"embeddable":true,"href":"https:\/\/www.cip-icu.ca\/fr\/wp-json\/wp\/v2\/media\/32320"}],"wp:attachment":[{"href":"https:\/\/www.cip-icu.ca\/fr\/wp-json\/wp\/v2\/media?parent=32311"}],"wp:term":[{"taxonomy":"product_brand","embeddable":true,"href":"https:\/\/www.cip-icu.ca\/fr\/wp-json\/wp\/v2\/product_brand?post=32311"},{"taxonomy":"product_cat","embeddable":true,"href":"https:\/\/www.cip-icu.ca\/fr\/wp-json\/wp\/v2\/product_cat?post=32311"},{"taxonomy":"product_tag","embeddable":true,"href":"https:\/\/www.cip-icu.ca\/fr\/wp-json\/wp\/v2\/product_tag?post=32311"}],"curies":[{"name":"wp","href":"https:\/\/api.w.org\/{rel}","templated":true}]}}